{"id":435,"date":"2024-04-26T08:20:57","date_gmt":"2024-04-26T06:20:57","guid":{"rendered":"https:\/\/szentbalazs.ro\/tamogatok\/"},"modified":"2025-09-11T14:22:36","modified_gmt":"2025-09-11T12:22:36","slug":"sponsori","status":"publish","type":"page","link":"https:\/\/szentbalazs.ro\/ro\/sponsori\/","title":{"rendered":"Sponsori"},"content":{"rendered":"<div class=\"wpb-content-wrapper\"><p>[vc_row full_width=&#8221;stretch_row&#8221; content_placement=&#8221;middle&#8221; el_id=&#8221;innerHero&#8221; el_class=&#8221;row-hero-partners&#8221; css=&#8221;.vc_custom_1757593305415{background-image: url(https:\/\/szentbalazs.ro\/wp-content\/uploads\/2025\/07\/Mikrobiom-konferencia_1.-nap_Metz-Balazs-198.jpg?id=2651) !important;background-position: center !important;background-repeat: no-repeat !important;background-size: cover !important;}&#8221;][vc_column][vc_custom_heading text=&#8221;Sponsori&#8221; font_container=&#8221;tag:h1|text_align:center&#8221; use_theme_fonts=&#8221;yes&#8221; css=&#8221;&#8221;][\/vc_column][\/vc_row][vc_section][vc_row][vc_column width=&#8221;1\/2&#8243;][vc_custom_heading text=&#8221;Cum ne pute\u021bi sus\u021bine ca entitate legal\u0103?&#8221; font_container=&#8221;tag:h5|text_align:left&#8221; use_theme_fonts=&#8221;yes&#8221; css=&#8221;&#8221;][vc_column_text css=&#8221;&#8221;]<strong>Ofer 20% din impozitul pe profit al companiei mele!<\/strong><\/p>\n<p>Pentru mai multe detalii, v\u0103 rug\u0103m s\u0103 ne contacta\u021bi pentru a semna acordul de sponsorizare, care va fi necesar la momentul pl\u0103\u021bii impozitului.<\/p>\n<p>&nbsp;<\/p>\n<p><strong>Donez bani!<\/strong><\/p>\n<p>Pentru mai multe detalii, v\u0103 rug\u0103m s\u0103 ne contacta\u021bi pentru a semna acordul de sponsorizare.<\/p>\n<p>Detaliile contului nostru bancar pentru funda\u021bie:<\/p>\n<p>RON: RO70BTRLRONCRT0CR8864401<\/p>\n<p>EURO: RO17BTRLEURCRT0CR8864401<\/p>\n<p>SWIFT: BTRLRO22<\/p>\n<p>&nbsp;<\/p>\n<p><strong>Sus\u021bin implementarea programelor cu produse.<\/strong><\/p>\n<p>Pentru mai multe detalii, v\u0103 rug\u0103m s\u0103 ne contacta\u021bi pentru a semna acordul de sponsorizare.[\/vc_column_text][\/vc_column][vc_column width=&#8221;1\/2&#8243;][vc_custom_heading text=&#8221;Cum ne po\u021bi sus\u021bine ca persoan\u0103 fizic\u0103?&#8221; font_container=&#8221;tag:h5|text_align:left&#8221; use_theme_fonts=&#8221;yes&#8221; css=&#8221;&#8221;][vc_column_text css=&#8221;&#8221;]<strong>Ofer 3.5% din impozitul meu!<\/strong><\/p>\n<p>Cu doar un clic, po\u021bi redirec\u021biona 3.5% din impozitul anual pe venit:<\/p>\n<p><a href=\"https:\/\/redirectioneaza.ro\/fundatia-sfantu-blasius\/\">https:\/\/redirectioneaza.ro\/fundatia-sfantu-blasius\/<\/a><\/p>\n<p>&nbsp;<\/p>\n<p><strong>Donez bani!<\/strong><\/p>\n<p>Detaliile contului nostru bancar pentru funda\u021bie:<\/p>\n<p>RON: RO70BTRLRONCRT0CR8864401<\/p>\n<p>EURO: RO17BTRLEURCRT0CR8864401<\/p>\n<p>SWIFT: BTRLRO22<\/p>\n<p>&nbsp;<\/p>\n<p data-start=\"469\" data-end=\"565\"><strong data-start=\"469\" data-end=\"503\">Doneaz\u0103 \u00een siguran\u021b\u0103 cu cardul<\/strong><br data-start=\"503\" data-end=\"506\" \/>Rapid, simplu \u0219i direct \u2013 c\u00e2teva clicuri \u0219i deja ne sus\u021bii!<\/p>\n<p data-start=\"567\" data-end=\"759\">Plata se face prin sistemul securizat BT (Visa\/Mastercard, 3-D Secure).<br data-start=\"638\" data-end=\"641\" \/>Colect\u0103m doar numele, adresa de e-mail, num\u0103rul de telefon \u0219i suma donat\u0103.<br data-start=\"715\" data-end=\"718\" \/>Datele tale sunt gestionate conform <a href=\"https:\/\/drive.google.com\/file\/d\/1hY1W5KPyK3pmwtU5UDUUaSTcQIYkAOMy\/view?usp=drive_link\">GDPR<\/a>.<\/p>\n<p data-start=\"761\" data-end=\"818\">F\u0103r\u0103 costuri suplimentare.<\/p>\n<p data-start=\"761\" data-end=\"818\"><style type=\"text\/css\" data-type=\"the7_shortcodes-inline-css\">#default-btn-2e52d2a50f85c5ce4ef3a2cfd46d85c5.ico-right-side > i {\n  margin-right: 0px;\n  margin-left: 8px;\n}\n#default-btn-2e52d2a50f85c5ce4ef3a2cfd46d85c5 > i {\n  margin-right: 8px;\n}\n<\/style><div class=\"btn-align-center\"><a href=\"\/ro\/donatie\/\" class=\"default-btn-shortcode dt-btn dt-btn-l link-hover-off \" id=\"default-btn-2e52d2a50f85c5ce4ef3a2cfd46d85c5\" title=\"Doneaz\u0103\"><span>Doneaz\u0103<\/span><\/a><\/div>[\/vc_column_text][\/vc_column][\/vc_row][\/vc_section][vc_section el_class=&#8221;row-inner-partners&#8221;][vc_row css=&#8221;.vc_custom_1714114924491{margin-bottom: 50px !important;}&#8221;][vc_column][vc_custom_heading text=&#8221;Sponsori principali&#8221; font_container=&#8221;tag:h3|text_align:center&#8221; use_theme_fonts=&#8221;yes&#8221; css=&#8221;&#8221; el_class=&#8221;black&#8221;]<section class=\"logos-grid wf-container\" data-width=\"180px\" data-columns=\"3\"><div class=\"wf-cell\"><div><img loading=\"lazy\" decoding=\"async\" class=\"lazy-load\" src=\"data:image\/svg+xml;charset=utf-8,%3Csvg xmlns%3D&#039;http%3A%2F%2Fwww.w3.org%2F2000%2Fsvg&#039; viewBox%3D&#039;0 0 1000 1000&#039;%2F%3E\" width=\"1000\" height=\"1000\" alt=\"Clini-lab\" data-srcset=\"https:\/\/szentbalazs.ro\/wp-content\/uploads\/2024\/04\/clinilab.jpg 1000w\" data-src=\"https:\/\/szentbalazs.ro\/wp-content\/uploads\/2024\/04\/clinilab.jpg\" \/><\/div><\/div><div class=\"wf-cell\"><div><img loading=\"lazy\" decoding=\"async\" class=\"lazy-load\" src=\"data:image\/svg+xml;charset=utf-8,%3Csvg xmlns%3D&#039;http%3A%2F%2Fwww.w3.org%2F2000%2Fsvg&#039; viewBox%3D&#039;0 0 1000 1000&#039;%2F%3E\" width=\"1000\" height=\"1000\" alt=\"Richter Gedeon\" data-srcset=\"https:\/\/szentbalazs.ro\/wp-content\/uploads\/2024\/04\/gedeon-richter.jpg 1000w\" data-src=\"https:\/\/szentbalazs.ro\/wp-content\/uploads\/2024\/04\/gedeon-richter.jpg\" \/><\/div><\/div><div class=\"wf-cell\"><div><img loading=\"lazy\" decoding=\"async\" class=\"lazy-load\" src=\"data:image\/svg+xml;charset=utf-8,%3Csvg xmlns%3D&#039;http%3A%2F%2Fwww.w3.org%2F2000%2Fsvg&#039; viewBox%3D&#039;0 0 1000 1000&#039;%2F%3E\" width=\"1000\" height=\"1000\" alt=\"Bethlen G\u00e1bor Alap\" data-srcset=\"https:\/\/szentbalazs.ro\/wp-content\/uploads\/2024\/04\/bga.jpg 1000w\" data-src=\"https:\/\/szentbalazs.ro\/wp-content\/uploads\/2024\/04\/bga.jpg\" \/><\/div><\/div><\/section>[\/vc_column][\/vc_row][vc_row css=&#8221;.vc_custom_1714114931470{margin-bottom: 50px !important;}&#8221;][vc_column][vc_custom_heading text=&#8221;Parteneri&#8221; font_container=&#8221;tag:h3|text_align:center&#8221; use_theme_fonts=&#8221;yes&#8221; css=&#8221;&#8221; el_class=&#8221;black&#8221;]<section class=\"logos-grid wf-container\" data-width=\"180px\" data-columns=\"3\"><div class=\"wf-cell\"><div><img loading=\"lazy\" decoding=\"async\" class=\"lazy-load\" src=\"data:image\/svg+xml;charset=utf-8,%3Csvg xmlns%3D&#039;http%3A%2F%2Fwww.w3.org%2F2000%2Fsvg&#039; viewBox%3D&#039;0 0 877 805&#039;%2F%3E\" width=\"877\" height=\"805\" alt=\"Gecse D\u00e1niel Reform\u00e1tus Szakkoll\u00e9gium\" data-srcset=\"https:\/\/szentbalazs.ro\/wp-content\/uploads\/2025\/11\/GecseLogo.png 877w\" data-src=\"https:\/\/szentbalazs.ro\/wp-content\/uploads\/2025\/11\/GecseLogo.png\" \/><\/div><\/div><div class=\"wf-cell\"><div><img loading=\"lazy\" decoding=\"async\" class=\"lazy-load\" src=\"data:image\/svg+xml;charset=utf-8,%3Csvg xmlns%3D&#039;http%3A%2F%2Fwww.w3.org%2F2000%2Fsvg&#039; viewBox%3D&#039;0 0 500 500&#039;%2F%3E\" width=\"500\" height=\"500\" alt=\"Jezsuita udvar\" data-srcset=\"https:\/\/szentbalazs.ro\/wp-content\/uploads\/2025\/06\/1-1.png 500w\" data-src=\"https:\/\/szentbalazs.ro\/wp-content\/uploads\/2025\/06\/1-1.png\" \/><\/div><\/div><div class=\"wf-cell\"><div><img loading=\"lazy\" decoding=\"async\" class=\"lazy-load\" src=\"data:image\/svg+xml;charset=utf-8,%3Csvg xmlns%3D&#039;http%3A%2F%2Fwww.w3.org%2F2000%2Fsvg&#039; viewBox%3D&#039;0 0 500 500&#039;%2F%3E\" width=\"500\" height=\"500\" alt=\"Pontis Eg\u00e9szs\u00e9g\u00fcgyi Szervezet\" data-srcset=\"https:\/\/szentbalazs.ro\/wp-content\/uploads\/2024\/04\/4.png 500w\" data-src=\"https:\/\/szentbalazs.ro\/wp-content\/uploads\/2024\/04\/4.png\" \/><\/div><\/div><div class=\"wf-cell\"><div><img loading=\"lazy\" decoding=\"async\" class=\"lazy-load\" src=\"data:image\/svg+xml;charset=utf-8,%3Csvg xmlns%3D&#039;http%3A%2F%2Fwww.w3.org%2F2000%2Fsvg&#039; viewBox%3D&#039;0 0 512 512&#039;%2F%3E\" width=\"512\" height=\"512\" alt=\"Studium Prospero Alap\u00edtv\u00e1ny\" data-srcset=\"https:\/\/szentbalazs.ro\/wp-content\/uploads\/2024\/04\/studium-prospero.jpg 512w\" data-src=\"https:\/\/szentbalazs.ro\/wp-content\/uploads\/2024\/04\/studium-prospero.jpg\" \/><\/div><\/div><div class=\"wf-cell\"><div><img loading=\"lazy\" decoding=\"async\" class=\"lazy-load\" src=\"data:image\/svg+xml;charset=utf-8,%3Csvg xmlns%3D&#039;http%3A%2F%2Fwww.w3.org%2F2000%2Fsvg&#039; viewBox%3D&#039;0 0 1000 1000&#039;%2F%3E\" width=\"1000\" height=\"1000\" alt=\"MMDSZ\" data-srcset=\"https:\/\/szentbalazs.ro\/wp-content\/uploads\/2024\/04\/mmdsz.jpg 1000w\" data-src=\"https:\/\/szentbalazs.ro\/wp-content\/uploads\/2024\/04\/mmdsz.jpg\" \/><\/div><\/div><div class=\"wf-cell\"><div><img loading=\"lazy\" decoding=\"async\" class=\"lazy-load\" src=\"data:image\/svg+xml;charset=utf-8,%3Csvg xmlns%3D&#039;http%3A%2F%2Fwww.w3.org%2F2000%2Fsvg&#039; viewBox%3D&#039;0 0 1000 1000&#039;%2F%3E\" width=\"1000\" height=\"1000\" alt=\"Marosv\u00e1s\u00e1rhelyi George Emil Palade Orvosi, Gy\u00f3gyszer\u00e9szeti, Tudom\u00e1ny- \u00e9s Technol\u00f3giai Egyetem\" data-srcset=\"https:\/\/szentbalazs.ro\/wp-content\/uploads\/2024\/04\/universitatea-medicina.jpg 1000w\" data-src=\"https:\/\/szentbalazs.ro\/wp-content\/uploads\/2024\/04\/universitatea-medicina.jpg\" \/><\/div><\/div><div class=\"wf-cell\"><div><img loading=\"lazy\" decoding=\"async\" class=\"lazy-load\" src=\"data:image\/svg+xml;charset=utf-8,%3Csvg xmlns%3D&#039;http%3A%2F%2Fwww.w3.org%2F2000%2Fsvg&#039; viewBox%3D&#039;0 0 1000 1000&#039;%2F%3E\" width=\"1000\" height=\"1000\" alt=\"Erd\u00e9lyi Rezidens Orvosok Sz\u00f6vets\u00e9ge\" data-srcset=\"https:\/\/szentbalazs.ro\/wp-content\/uploads\/2024\/04\/erosz.jpg 1000w\" data-src=\"https:\/\/szentbalazs.ro\/wp-content\/uploads\/2024\/04\/erosz.jpg\" \/><\/div><\/div><div class=\"wf-cell\"><div><img loading=\"lazy\" decoding=\"async\" class=\"lazy-load\" src=\"data:image\/svg+xml;charset=utf-8,%3Csvg xmlns%3D&#039;http%3A%2F%2Fwww.w3.org%2F2000%2Fsvg&#039; viewBox%3D&#039;0 0 1000 1000&#039;%2F%3E\" width=\"1000\" height=\"1000\" alt=\"Philothea Klub\" data-srcset=\"https:\/\/szentbalazs.ro\/wp-content\/uploads\/2024\/04\/philothea.jpg 1000w\" data-src=\"https:\/\/szentbalazs.ro\/wp-content\/uploads\/2024\/04\/philothea.jpg\" \/><\/div><\/div><\/section>[\/vc_column][\/vc_row][vc_row][vc_column][vc_custom_heading text=&#8221;Sus\u021bin\u0103tori&#8221; font_container=&#8221;tag:h3|text_align:center&#8221; use_theme_fonts=&#8221;yes&#8221; css=&#8221;&#8221; el_class=&#8221;black&#8221;]<section class=\"logos-grid wf-container\" data-width=\"180px\" data-columns=\"3\"><div class=\"wf-cell\"><div><img loading=\"lazy\" decoding=\"async\" class=\"lazy-load\" src=\"data:image\/svg+xml;charset=utf-8,%3Csvg xmlns%3D&#039;http%3A%2F%2Fwww.w3.org%2F2000%2Fsvg&#039; viewBox%3D&#039;0 0 500 500&#039;%2F%3E\" width=\"500\" height=\"500\" alt=\"Oleander Garden\" data-srcset=\"https:\/\/szentbalazs.ro\/wp-content\/uploads\/2025\/06\/2-4.png 500w\" data-src=\"https:\/\/szentbalazs.ro\/wp-content\/uploads\/2025\/06\/2-4.png\" \/><\/div><\/div><div class=\"wf-cell\"><div><img loading=\"lazy\" decoding=\"async\" class=\"lazy-load\" src=\"data:image\/svg+xml;charset=utf-8,%3Csvg xmlns%3D&#039;http%3A%2F%2Fwww.w3.org%2F2000%2Fsvg&#039; viewBox%3D&#039;0 0 500 500&#039;%2F%3E\" width=\"500\" height=\"500\" alt=\"Astra Zeneca\" data-srcset=\"https:\/\/szentbalazs.ro\/wp-content\/uploads\/2025\/06\/1.png 500w\" data-src=\"https:\/\/szentbalazs.ro\/wp-content\/uploads\/2025\/06\/1.png\" \/><\/div><\/div><div class=\"wf-cell\"><div><img loading=\"lazy\" decoding=\"async\" class=\"lazy-load\" src=\"data:image\/svg+xml;charset=utf-8,%3Csvg xmlns%3D&#039;http%3A%2F%2Fwww.w3.org%2F2000%2Fsvg&#039; viewBox%3D&#039;0 0 500 500&#039;%2F%3E\" width=\"500\" height=\"500\" alt=\"Vitality\" data-srcset=\"https:\/\/szentbalazs.ro\/wp-content\/uploads\/2025\/06\/5-3.png 500w\" data-src=\"https:\/\/szentbalazs.ro\/wp-content\/uploads\/2025\/06\/5-3.png\" \/><\/div><\/div><div class=\"wf-cell\"><div><img loading=\"lazy\" decoding=\"async\" class=\"lazy-load\" src=\"data:image\/svg+xml;charset=utf-8,%3Csvg xmlns%3D&#039;http%3A%2F%2Fwww.w3.org%2F2000%2Fsvg&#039; viewBox%3D&#039;0 0 500 500&#039;%2F%3E\" width=\"500\" height=\"500\" alt=\"Bioeel\" data-srcset=\"https:\/\/szentbalazs.ro\/wp-content\/uploads\/2025\/06\/1-4.png 500w\" data-src=\"https:\/\/szentbalazs.ro\/wp-content\/uploads\/2025\/06\/1-4.png\" \/><\/div><\/div><div class=\"wf-cell\"><div><img loading=\"lazy\" decoding=\"async\" class=\"lazy-load\" src=\"data:image\/svg+xml;charset=utf-8,%3Csvg xmlns%3D&#039;http%3A%2F%2Fwww.w3.org%2F2000%2Fsvg&#039; viewBox%3D&#039;0 0 500 500&#039;%2F%3E\" width=\"500\" height=\"500\" alt=\"B\u00e9res\" data-srcset=\"https:\/\/szentbalazs.ro\/wp-content\/uploads\/2025\/06\/8.png 500w\" data-src=\"https:\/\/szentbalazs.ro\/wp-content\/uploads\/2025\/06\/8.png\" \/><\/div><\/div><div class=\"wf-cell\"><div><img loading=\"lazy\" decoding=\"async\" class=\"lazy-load\" src=\"data:image\/svg+xml;charset=utf-8,%3Csvg xmlns%3D&#039;http%3A%2F%2Fwww.w3.org%2F2000%2Fsvg&#039; viewBox%3D&#039;0 0 500 500&#039;%2F%3E\" width=\"500\" height=\"500\" alt=\"Dora Medicals\" data-srcset=\"https:\/\/szentbalazs.ro\/wp-content\/uploads\/2025\/06\/6.png 500w\" data-src=\"https:\/\/szentbalazs.ro\/wp-content\/uploads\/2025\/06\/6.png\" \/><\/div><\/div><div class=\"wf-cell\"><div><img loading=\"lazy\" decoding=\"async\" class=\"lazy-load\" src=\"data:image\/svg+xml;charset=utf-8,%3Csvg xmlns%3D&#039;http%3A%2F%2Fwww.w3.org%2F2000%2Fsvg&#039; viewBox%3D&#039;0 0 500 500&#039;%2F%3E\" width=\"500\" height=\"500\" alt=\"Medikids\" data-srcset=\"https:\/\/szentbalazs.ro\/wp-content\/uploads\/2025\/06\/5.png 500w\" data-src=\"https:\/\/szentbalazs.ro\/wp-content\/uploads\/2025\/06\/5.png\" \/><\/div><\/div><div class=\"wf-cell\"><div><img loading=\"lazy\" decoding=\"async\" class=\"lazy-load\" src=\"data:image\/svg+xml;charset=utf-8,%3Csvg xmlns%3D&#039;http%3A%2F%2Fwww.w3.org%2F2000%2Fsvg&#039; viewBox%3D&#039;0 0 500 500&#039;%2F%3E\" width=\"500\" height=\"500\" alt=\"Medisal\" data-srcset=\"https:\/\/szentbalazs.ro\/wp-content\/uploads\/2025\/06\/3-1.png 500w\" data-src=\"https:\/\/szentbalazs.ro\/wp-content\/uploads\/2025\/06\/3-1.png\" \/><\/div><\/div><div class=\"wf-cell\"><div><img loading=\"lazy\" decoding=\"async\" class=\"lazy-load\" src=\"data:image\/svg+xml;charset=utf-8,%3Csvg xmlns%3D&#039;http%3A%2F%2Fwww.w3.org%2F2000%2Fsvg&#039; viewBox%3D&#039;0 0 500 500&#039;%2F%3E\" width=\"500\" height=\"500\" alt=\"112\" data-srcset=\"https:\/\/szentbalazs.ro\/wp-content\/uploads\/2025\/06\/7.png 500w\" data-src=\"https:\/\/szentbalazs.ro\/wp-content\/uploads\/2025\/06\/7.png\" \/><\/div><\/div><div class=\"wf-cell\"><div><img loading=\"lazy\" decoding=\"async\" class=\"lazy-load\" src=\"data:image\/svg+xml;charset=utf-8,%3Csvg xmlns%3D&#039;http%3A%2F%2Fwww.w3.org%2F2000%2Fsvg&#039; viewBox%3D&#039;0 0 500 500&#039;%2F%3E\" width=\"500\" height=\"500\" alt=\"Eldi\" data-srcset=\"https:\/\/szentbalazs.ro\/wp-content\/uploads\/2025\/06\/4.png 500w\" data-src=\"https:\/\/szentbalazs.ro\/wp-content\/uploads\/2025\/06\/4.png\" \/><\/div><\/div><div class=\"wf-cell\"><div><img loading=\"lazy\" decoding=\"async\" class=\"lazy-load\" src=\"data:image\/svg+xml;charset=utf-8,%3Csvg xmlns%3D&#039;http%3A%2F%2Fwww.w3.org%2F2000%2Fsvg&#039; viewBox%3D&#039;0 0 500 500&#039;%2F%3E\" width=\"500\" height=\"500\" alt=\"Osteopharm\" data-srcset=\"https:\/\/szentbalazs.ro\/wp-content\/uploads\/2025\/06\/3-4.png 500w\" data-src=\"https:\/\/szentbalazs.ro\/wp-content\/uploads\/2025\/06\/3-4.png\" \/><\/div><\/div><div class=\"wf-cell\"><div><img loading=\"lazy\" decoding=\"async\" class=\"lazy-load\" src=\"data:image\/svg+xml;charset=utf-8,%3Csvg xmlns%3D&#039;http%3A%2F%2Fwww.w3.org%2F2000%2Fsvg&#039; viewBox%3D&#039;0 0 500 500&#039;%2F%3E\" width=\"500\" height=\"500\" alt=\"Tetronic\" data-srcset=\"https:\/\/szentbalazs.ro\/wp-content\/uploads\/2025\/06\/2-1.png 500w\" data-src=\"https:\/\/szentbalazs.ro\/wp-content\/uploads\/2025\/06\/2-1.png\" \/><\/div><\/div><\/section>[\/vc_column][\/vc_row][\/vc_section]<\/p>\n<\/div>","protected":false},"excerpt":{"rendered":"<p>[vc_row full_width=&#8221;stretch_row&#8221; content_placement=&#8221;middle&#8221; el_id=&#8221;innerHero&#8221; el_class=&#8221;row-hero-partners&#8221; css=&#8221;.vc_custom_1757593305415{background-image: url(https:\/\/szentbalazs.ro\/wp-content\/uploads\/2025\/07\/Mikrobiom-konferencia_1.-nap_Metz-Balazs-198.jpg?id=2651) !important;background-position: center !important;background-repeat: no-repeat !important;background-size: cover !important;}&#8221;][vc_column][vc_custom_heading text=&#8221;Sponsori&#8221; font_container=&#8221;tag:h1|text_align:center&#8221; use_theme_fonts=&#8221;yes&#8221; css=&#8221;&#8221;][\/vc_column][\/vc_row][vc_section][vc_row][vc_column width=&#8221;1\/2&#8243;][vc_custom_heading text=&#8221;Cum ne pute\u021bi sus\u021bine ca entitate legal\u0103?&#8221; font_container=&#8221;tag:h5|text_align:left&#8221; use_theme_fonts=&#8221;yes&#8221; css=&#8221;&#8221;][vc_column_text css=&#8221;&#8221;]Ofer 20% din impozitul pe profit al companiei mele! Pentru mai multe detalii, v\u0103 rug\u0103m s\u0103 ne contacta\u021bi pentru a semna acordul de sponsorizare, care va&hellip;<\/p>\n","protected":false},"author":1,"featured_media":0,"parent":0,"menu_order":0,"comment_status":"closed","ping_status":"closed","template":"","meta":{"footnotes":""},"class_list":["post-435","page","type-page","status-publish","hentry","description-off"],"_links":{"self":[{"href":"https:\/\/szentbalazs.ro\/ro\/wp-json\/wp\/v2\/pages\/435","targetHints":{"allow":["GET"]}}],"collection":[{"href":"https:\/\/szentbalazs.ro\/ro\/wp-json\/wp\/v2\/pages"}],"about":[{"href":"https:\/\/szentbalazs.ro\/ro\/wp-json\/wp\/v2\/types\/page"}],"author":[{"embeddable":true,"href":"https:\/\/szentbalazs.ro\/ro\/wp-json\/wp\/v2\/users\/1"}],"replies":[{"embeddable":true,"href":"https:\/\/szentbalazs.ro\/ro\/wp-json\/wp\/v2\/comments?post=435"}],"version-history":[{"count":7,"href":"https:\/\/szentbalazs.ro\/ro\/wp-json\/wp\/v2\/pages\/435\/revisions"}],"predecessor-version":[{"id":2754,"href":"https:\/\/szentbalazs.ro\/ro\/wp-json\/wp\/v2\/pages\/435\/revisions\/2754"}],"wp:attachment":[{"href":"https:\/\/szentbalazs.ro\/ro\/wp-json\/wp\/v2\/media?parent=435"}],"curies":[{"name":"wp","href":"https:\/\/api.w.org\/{rel}","templated":true}]}}