{"id":425,"date":"2024-04-26T13:37:15","date_gmt":"2024-04-26T11:37:15","guid":{"rendered":"https:\/\/szentbalazs.ro\/esemenyek\/"},"modified":"2024-05-27T10:25:51","modified_gmt":"2024-05-27T08:25:51","slug":"evenimente","status":"publish","type":"page","link":"https:\/\/szentbalazs.ro\/ro\/evenimente\/","title":{"rendered":"Evenimente"},"content":{"rendered":"<div class=\"wpb-content-wrapper\"><p>[vc_row full_width=&#8221;stretch_row&#8221; content_placement=&#8221;middle&#8221; el_id=&#8221;innerHero&#8221; el_class=&#8221;row-hero-events&#8221; css=&#8221;.vc_custom_1714131400265{background-image: url(https:\/\/szentbalazs.ro\/wp-content\/uploads\/2024\/04\/bg-title-events.jpg?id=203) !important;background-position: center !important;background-repeat: no-repeat !important;background-size: cover !important;}&#8221;][vc_column][vc_custom_heading text=&#8221;Evenimente&#8221; font_container=&#8221;tag:h1|text_align:center&#8221; use_theme_fonts=&#8221;yes&#8221; css=&#8221;&#8221;][\/vc_column][\/vc_row][vc_section][vc_row el_class=&#8221;row-inner-events-list&#8221;][vc_column width=&#8221;1\/4&#8243;][\/vc_column][vc_column width=&#8221;1\/2&#8243;][vc_column_text css=&#8221;&#8221;]Jelenleg nincs megjelen\u00edtend\u0151 esem\u00e9ny[\/vc_column_text][\/vc_column][vc_column width=&#8221;1\/4&#8243;][\/vc_column][\/vc_row][\/vc_section][vc_section][vc_row el_class=&#8221;row-inner-events-list&#8221;][vc_column width=&#8221;1\/4&#8243;][\/vc_column][vc_column width=&#8221;1\/2&#8243;][vc_custom_heading text=&#8221;EVENIMENTE TRECUTE&#8221; font_container=&#8221;tag:h4|text_align:center&#8221; use_theme_fonts=&#8221;yes&#8221; css=&#8221;&#8221;][vc_column_text css=&#8221;&#8221;]<div class=\"event-item past\">\r\n\t\t\t\t\t\t\t\t<div class=\"event-date\">06.20.<\/div>\r\n\t\t\t\t\t\t\t\t<div class=\"event-details\">\r\n\t\t\t\t\t\t\t\t\t<h5><a href=\"https:\/\/szentbalazs.ro\/ro\/esemenyek\/medit-v\/\">MEDIT V<\/a><\/h5>\r\n\t\t\t\t\t\t\t\t\t<div class=\"categ\">Programe pentru profesioni\u0219tii din domeniul s\u0103n\u0103t\u0103\u021bii<\/div>\r\n\t\t\t\t\t\t\t\t\t<div class=\"desc\">V\u0103 a\u0219tept\u0103m cu drag la edi\u021bia din acest an a \u00cent\u00e2lnirii Maghiare Transilv\u0103nene de Diabetologie, care va avea loc \u00eentre 20 \u0219i 22 iunie la Szt\u00e1na, \u00een pensiunile Orgona \u0219i P\u00e1vatollas. Evenimentul este acreditat de Colegiul Medicilor din Jude\u021bul Harghita.<\/div>\r\n\t\t\t\t\t\t\t\t<\/div>\r\n\t\t\t\t\t\t\t<\/div><div class=\"event-item past\">\r\n\t\t\t\t\t\t\t\t<div class=\"event-date\">02.21.<\/div>\r\n\t\t\t\t\t\t\t\t<div class=\"event-details\">\r\n\t\t\t\t\t\t\t\t\t<h5><a href=\"https:\/\/szentbalazs.ro\/ro\/esemenyek\/microbiom-convietuire-cu-o-lume-invizibila\/\">MICROBIOM: CONVIE\u021aUIRE CU O LUME INVIZIBIL\u0102<\/a><\/h5>\r\n\t\t\t\t\t\t\t\t\t<div class=\"categ\">Programe pentru profesioni\u0219tii din domeniul s\u0103n\u0103t\u0103\u021biiPrograme pentru studen\u021bi \u0219i publicul largPrograme pentru studen\u021bii universitari<\/div>\r\n\t\t\t\t\t\t\t\t\t<div class=\"desc\">Conferin\u021ba multidisciplinar\u0103 a Funda\u021biei Szent Bal\u00e1zs din 2025 se va concentra pe rela\u021bia complex\u0103 dintre om \u0219i microorganismele care tr\u0103iesc al\u0103turi de el. Scopul este de a oferi, cu ajutorul unor speciali\u0219ti renumi\u021bi din \u021bar\u0103 \u0219i str\u0103in\u0103tate, o imagine c\u00e2t mai divers\u0103, realist\u0103 \u0219i obiectiv\u0103 a cuno\u0219tin\u021belor actuale despre acest subiect.\n\nData: 21-23 februarie 2025\nLoca\u021bia: T\u00e2rgu Mure\u0219, Palatul Culturii<\/div>\r\n\t\t\t\t\t\t\t\t<\/div>\r\n\t\t\t\t\t\t\t<\/div><div class=\"event-item past\">\r\n\t\t\t\t\t\t\t\t<div class=\"event-date\">08.30.<\/div>\r\n\t\t\t\t\t\t\t\t<div class=\"event-details\">\r\n\t\t\t\t\t\t\t\t\t<h5><a href=\"https:\/\/szentbalazs.ro\/ro\/esemenyek\/valtoarea-sanatatii\/\">V\u00e2ltoarea S\u0103n\u0103t\u0103\u021bii<\/a><\/h5>\r\n\t\t\t\t\t\t\t\t\t<div class=\"categ\">Programe pentru studen\u021bi \u0219i publicul larg<\/div>\r\n\t\t\t\t\t\t\t\t\t<div class=\"desc\">V\u0103 a\u0219tept\u0103m cu drag la V\u00e2ltoarea S\u0103n\u0103t\u0103\u021bii! Hipertensiunea arterial\u0103 afecteaz\u0103 aproape jum\u0103tate din popula\u021bia Rom\u00e2niei \u0219i poate duce la boli cardiovasculare grave. Testarea periodic\u0103 a glicemiei este esen\u021bial\u0103 pentru gestionarea cu succes a diabetului. Pute\u021bi s\u0103 v\u0103 m\u0103sura\u021bi gratuit tensiunea arterial\u0103 \u0219i glicemia \u0219i s\u0103 primi\u021bi recomand\u0103ri de la un specialist!<\/div>\r\n\t\t\t\t\t\t\t\t<\/div>\r\n\t\t\t\t\t\t\t<\/div>[\/vc_column_text][\/vc_column][vc_column width=&#8221;1\/4&#8243;][\/vc_column][\/vc_row][\/vc_section]<\/p>\n<\/div>","protected":false},"excerpt":{"rendered":"<p>[vc_row full_width=&#8221;stretch_row&#8221; content_placement=&#8221;middle&#8221; el_id=&#8221;innerHero&#8221; el_class=&#8221;row-hero-events&#8221; css=&#8221;.vc_custom_1714131400265{background-image: url(https:\/\/szentbalazs.ro\/wp-content\/uploads\/2024\/04\/bg-title-events.jpg?id=203) !important;background-position: center !important;background-repeat: no-repeat !important;background-size: cover !important;}&#8221;][vc_column][vc_custom_heading text=&#8221;Evenimente&#8221; font_container=&#8221;tag:h1|text_align:center&#8221; use_theme_fonts=&#8221;yes&#8221; css=&#8221;&#8221;][\/vc_column][\/vc_row][vc_section][vc_row el_class=&#8221;row-inner-events-list&#8221;][vc_column width=&#8221;1\/4&#8243;][\/vc_column][vc_column width=&#8221;1\/2&#8243;][vc_column_text css=&#8221;&#8221;][\/vc_column_text][\/vc_column][vc_column width=&#8221;1\/4&#8243;][\/vc_column][\/vc_row][\/vc_section][vc_section][vc_row el_class=&#8221;row-inner-events-list&#8221;][vc_column width=&#8221;1\/4&#8243;][\/vc_column][vc_column width=&#8221;1\/2&#8243;][vc_custom_heading text=&#8221;EVENIMENTE TRECUTE&#8221; font_container=&#8221;tag:h4|text_align:center&#8221; use_theme_fonts=&#8221;yes&#8221; css=&#8221;&#8221;][vc_column_text css=&#8221;&#8221;][\/vc_column_text][\/vc_column][vc_column width=&#8221;1\/4&#8243;][\/vc_column][\/vc_row][\/vc_section]<\/p>\n","protected":false},"author":1,"featured_media":0,"parent":0,"menu_order":0,"comment_status":"closed","ping_status":"closed","template":"","meta":{"footnotes":""},"class_list":["post-425","page","type-page","status-publish","hentry","description-off"],"_links":{"self":[{"href":"https:\/\/szentbalazs.ro\/ro\/wp-json\/wp\/v2\/pages\/425","targetHints":{"allow":["GET"]}}],"collection":[{"href":"https:\/\/szentbalazs.ro\/ro\/wp-json\/wp\/v2\/pages"}],"about":[{"href":"https:\/\/szentbalazs.ro\/ro\/wp-json\/wp\/v2\/types\/page"}],"author":[{"embeddable":true,"href":"https:\/\/szentbalazs.ro\/ro\/wp-json\/wp\/v2\/users\/1"}],"replies":[{"embeddable":true,"href":"https:\/\/szentbalazs.ro\/ro\/wp-json\/wp\/v2\/comments?post=425"}],"version-history":[{"count":2,"href":"https:\/\/szentbalazs.ro\/ro\/wp-json\/wp\/v2\/pages\/425\/revisions"}],"predecessor-version":[{"id":427,"href":"https:\/\/szentbalazs.ro\/ro\/wp-json\/wp\/v2\/pages\/425\/revisions\/427"}],"wp:attachment":[{"href":"https:\/\/szentbalazs.ro\/ro\/wp-json\/wp\/v2\/media?parent=425"}],"curies":[{"name":"wp","href":"https:\/\/api.w.org\/{rel}","templated":true}]}}