{"id":412,"date":"2024-05-24T08:52:03","date_gmt":"2024-05-24T06:52:03","guid":{"rendered":"https:\/\/szentbalazs.ro\/diakoknak-es-szeles-kozonsegnek-szolo-programok\/"},"modified":"2025-09-19T11:10:02","modified_gmt":"2025-09-19T09:10:02","slug":"ingrijirea-varstnicilor","status":"publish","type":"page","link":"https:\/\/szentbalazs.ro\/ro\/ingrijirea-varstnicilor\/","title":{"rendered":"\u00cengrijirea v\u00e2rstnicilor \u0219i a bolnavilor"},"content":{"rendered":"<div class=\"wpb-content-wrapper\"><p>[vc_row full_width=&#8221;stretch_row&#8221; content_placement=&#8221;middle&#8221; el_id=&#8221;innerHero&#8221; el_class=&#8221;row-hero-programs&#8221; css=&#8221;.vc_custom_1758268342708{background-image: url(https:\/\/szentbalazs.ro\/wp-content\/uploads\/2025\/07\/DR_IMG-4444-scaled.jpg?id=2488) !important;background-position: center !important;background-repeat: no-repeat !important;background-size: cover !important;}&#8221;][vc_column][vc_custom_heading text=&#8221;\u00cengrijirea v\u00e2rstnicilor \u0219i a bolnavilor&#8221; font_container=&#8221;tag:h2|text_align:center&#8221; use_theme_fonts=&#8221;yes&#8221; css=&#8221;&#8221;][\/vc_column][\/vc_row][vc_section full_width=&#8221;stretch_row&#8221; el_class=&#8221;bg-color-featured-3&#8243;][vc_row equal_height=&#8221;yes&#8221; content_placement=&#8221;middle&#8221;][vc_column width=&#8221;1\/2&#8243;][vc_single_image image=&#8221;2302&#8243; img_size=&#8221;full&#8221; alignment=&#8221;center&#8221; css=&#8221;&#8221; image_hovers=&#8221;false&#8221; lazy_loading=&#8221;true&#8221;][\/vc_column][vc_column width=&#8221;1\/2&#8243;][vc_column_text css=&#8221;&#8221;]<\/p>\n<p data-start=\"576\" data-end=\"868\">Scopul Funda\u021biei este de a oferi ajutor pacien\u021bilor care, din cauza neputin\u021bei lor, au nevoie de \u00eengrijire intensiv\u0103 \u0219i continu\u0103 \u2013 de exemplu pacien\u021bilor interna\u021bi pe sec\u021biile de ortopedie-traumatologie sau neurologie, precum \u0219i celor care, temporar, nu se pot \u00eengriji singuri.<\/p>\n<p data-start=\"870\" data-end=\"1138\">Voluntarii no\u0219tri viziteaz\u0103 \u00een mod regulat \u0219i azilul de b\u0103tr\u00e2ni Lazarenum din T\u00e2rgu Mure\u0219, unde ofer\u0103 sprijin \u00een \u00eengrijirea \u0219i activit\u0103\u021bile zilnice ale reziden\u021bilor, ajut\u00e2nd astfel personalul medical \u0219i contribuind la bun\u0103starea fizic\u0103 \u0219i sufleteasc\u0103 a v\u00e2rstnicilor.<\/p>\n<p>[\/vc_column_text][\/vc_column][\/vc_row][\/vc_section][vc_section][vc_row el_class=&#8221;row-inner-program&#8221;][vc_column width=&#8221;1\/2&#8243;][vc_column_text css=&#8221;&#8221;]<\/p>\n<p data-start=\"269\" data-end=\"294\">P\u00e2n\u0103 acum:<\/p>\n<ul data-start=\"295\" data-end=\"546\">\n<li data-start=\"295\" data-end=\"347\">\n<p data-start=\"297\" data-end=\"347\">207 voluntari au \u00eendeplinit sarcini de \u00eengrijire<\/p>\n<\/li>\n<li data-start=\"348\" data-end=\"418\">\n<p data-start=\"350\" data-end=\"418\">au ajutat c\u00e2teva sute de pacien\u021bi interna\u021bi la sec\u021bia de ortopedie<\/p>\n<\/li>\n<li data-start=\"419\" data-end=\"490\">\n<p data-start=\"421\" data-end=\"490\">au ajutat c\u00e2teva sute de pacien\u021bi interna\u021bi la sec\u021bia de neurologie<\/p>\n<\/li>\n<li data-start=\"491\" data-end=\"546\">\n<p data-start=\"493\" data-end=\"546\">au sprijinit 55 de reziden\u021bi din c\u0103minul de b\u0103tr\u00e2ni<\/p>\n<\/li>\n<\/ul>\n<p>[\/vc_column_text][\/vc_column][vc_column width=&#8221;1\/2&#8243;][vc_single_image image=&#8221;2335&#8243; img_size=&#8221;large&#8221; css=&#8221;&#8221;][\/vc_column][\/vc_row][\/vc_section]<\/p>\n<\/div>","protected":false},"excerpt":{"rendered":"<p>[vc_row full_width=&#8221;stretch_row&#8221; content_placement=&#8221;middle&#8221; el_id=&#8221;innerHero&#8221; el_class=&#8221;row-hero-programs&#8221; css=&#8221;.vc_custom_1758268342708{background-image: url(https:\/\/szentbalazs.ro\/wp-content\/uploads\/2025\/07\/DR_IMG-4444-scaled.jpg?id=2488) !important;background-position: center !important;background-repeat: no-repeat !important;background-size: cover !important;}&#8221;][vc_column][vc_custom_heading text=&#8221;\u00cengrijirea v\u00e2rstnicilor \u0219i a bolnavilor&#8221; font_container=&#8221;tag:h2|text_align:center&#8221; use_theme_fonts=&#8221;yes&#8221; css=&#8221;&#8221;][\/vc_column][\/vc_row][vc_section full_width=&#8221;stretch_row&#8221; el_class=&#8221;bg-color-featured-3&#8243;][vc_row equal_height=&#8221;yes&#8221; content_placement=&#8221;middle&#8221;][vc_column width=&#8221;1\/2&#8243;][vc_single_image image=&#8221;2302&#8243; img_size=&#8221;full&#8221; alignment=&#8221;center&#8221; css=&#8221;&#8221; image_hovers=&#8221;false&#8221; lazy_loading=&#8221;true&#8221;][\/vc_column][vc_column width=&#8221;1\/2&#8243;][vc_column_text css=&#8221;&#8221;] Scopul Funda\u021biei este de a oferi ajutor pacien\u021bilor care, din cauza neputin\u021bei lor, au nevoie de \u00eengrijire intensiv\u0103 \u0219i continu\u0103&hellip;<\/p>\n","protected":false},"author":1,"featured_media":0,"parent":0,"menu_order":0,"comment_status":"closed","ping_status":"closed","template":"","meta":{"footnotes":""},"class_list":["post-412","page","type-page","status-publish","hentry","description-off"],"_links":{"self":[{"href":"https:\/\/szentbalazs.ro\/ro\/wp-json\/wp\/v2\/pages\/412","targetHints":{"allow":["GET"]}}],"collection":[{"href":"https:\/\/szentbalazs.ro\/ro\/wp-json\/wp\/v2\/pages"}],"about":[{"href":"https:\/\/szentbalazs.ro\/ro\/wp-json\/wp\/v2\/types\/page"}],"author":[{"embeddable":true,"href":"https:\/\/szentbalazs.ro\/ro\/wp-json\/wp\/v2\/users\/1"}],"replies":[{"embeddable":true,"href":"https:\/\/szentbalazs.ro\/ro\/wp-json\/wp\/v2\/comments?post=412"}],"version-history":[{"count":8,"href":"https:\/\/szentbalazs.ro\/ro\/wp-json\/wp\/v2\/pages\/412\/revisions"}],"predecessor-version":[{"id":2810,"href":"https:\/\/szentbalazs.ro\/ro\/wp-json\/wp\/v2\/pages\/412\/revisions\/2810"}],"wp:attachment":[{"href":"https:\/\/szentbalazs.ro\/ro\/wp-json\/wp\/v2\/media?parent=412"}],"curies":[{"name":"wp","href":"https:\/\/api.w.org\/{rel}","templated":true}]}}