{"id":409,"date":"2024-05-24T08:44:16","date_gmt":"2024-05-24T06:44:16","guid":{"rendered":"https:\/\/szentbalazs.ro\/egyetemi-hallgatoknak-szolo-programok\/"},"modified":"2025-09-19T10:26:25","modified_gmt":"2025-09-19T08:26:25","slug":"seri-medicale","status":"publish","type":"page","link":"https:\/\/szentbalazs.ro\/ro\/seri-medicale\/","title":{"rendered":"Seri medicale"},"content":{"rendered":"<div class=\"wpb-content-wrapper\"><p>[vc_row full_width=&#8221;stretch_row&#8221; content_placement=&#8221;middle&#8221; el_id=&#8221;innerHero&#8221; el_class=&#8221;row-hero-programs&#8221; css=&#8221;.vc_custom_1758270094156{background-image: url(https:\/\/szentbalazs.ro\/wp-content\/uploads\/2024\/10\/DR_IMG-4085-scaled.jpg?id=852) !important;background-position: center !important;background-repeat: no-repeat !important;background-size: cover !important;}&#8221;][vc_column][vc_custom_heading text=&#8221;Seri medicale&#8221; font_container=&#8221;tag:h1|text_align:center&#8221; use_theme_fonts=&#8221;yes&#8221; css=&#8221;&#8221;][\/vc_column][\/vc_row][vc_section full_width=&#8221;stretch_row&#8221; el_class=&#8221;bg-color-featured-2&#8243;][vc_row equal_height=&#8221;yes&#8221; content_placement=&#8221;middle&#8221;][vc_column width=&#8221;1\/2&#8243;][vc_single_image image=&#8221;1765&#8243; img_size=&#8221;full&#8221; alignment=&#8221;center&#8221; css=&#8221;&#8221; image_hovers=&#8221;false&#8221; lazy_loading=&#8221;true&#8221;][\/vc_column][vc_column width=&#8221;1\/2&#8243;][vc_column_text css=&#8221;&#8221;]<\/p>\n<p data-start=\"365\" data-end=\"562\">Din 2012, Funda\u021bia organizeaz\u0103 \u00een mod regulat seri medicale, unde sunt abordate cele mai actuale teme ale profesiei medicale, precum \u0219i provoc\u0103rile sarcinilor zilnice, cum ar fi:<\/p>\n<ul data-start=\"564\" data-end=\"715\">\n<li data-start=\"564\" data-end=\"589\">\n<p data-start=\"566\" data-end=\"589\">rela\u021bia medic\u2013pacient<\/p>\n<\/li>\n<li data-start=\"590\" data-end=\"622\">\n<p data-start=\"592\" data-end=\"622\">comunicarea ve\u0219tilor proaste<\/p>\n<\/li>\n<li data-start=\"623\" data-end=\"637\">\n<p data-start=\"625\" data-end=\"637\">burnout-ul<\/p>\n<\/li>\n<li data-start=\"638\" data-end=\"657\">\n<p data-start=\"640\" data-end=\"657\">deciziile etice<\/p>\n<\/li>\n<li data-start=\"658\" data-end=\"692\">\n<p data-start=\"660\" data-end=\"692\">credin\u021ba \u00een actul de vindecare<\/p>\n<\/li>\n<li data-start=\"693\" data-end=\"715\">\n<p data-start=\"695\" data-end=\"715\">problema emigr\u0103rii<\/p>\n<\/li>\n<\/ul>\n<p>[\/vc_column_text][\/vc_column][\/vc_row][\/vc_section][vc_section][vc_row][vc_column width=&#8221;1\/2&#8243;][vc_column_text css=&#8221;&#8221;]<\/p>\n<p data-start=\"391\" data-end=\"535\">Grupul nostru \u021bint\u0103 este format din medici, studen\u021bi la medicin\u0103, asisten\u021bi medicali \u0219i al\u021bi speciali\u0219ti din domeniul ajutorului.<\/p>\n<p data-start=\"537\" data-end=\"749\">Ini\u021biativa este util\u0103 deoarece vizeaz\u0103 probleme concrete, reunind membrii grupului \u021bint\u0103 prin \u00eent\u00e2lniri regulate \u0219i reflec\u021bie comun\u0103, transform\u00e2ndu-i \u00eentr-o comunitate \u00een care se sprijin\u0103 \u0219i se sus\u021bin reciproc.<\/p>\n<p>[\/vc_column_text][\/vc_column][vc_column width=&#8221;1\/2&#8243;][vc_single_image image=&#8221;1755&#8243; img_size=&#8221;large&#8221; css=&#8221;&#8221;][\/vc_column][\/vc_row][\/vc_section]<\/p>\n<\/div>","protected":false},"excerpt":{"rendered":"<p>[vc_row full_width=&#8221;stretch_row&#8221; content_placement=&#8221;middle&#8221; el_id=&#8221;innerHero&#8221; el_class=&#8221;row-hero-programs&#8221; css=&#8221;.vc_custom_1758270094156{background-image: url(https:\/\/szentbalazs.ro\/wp-content\/uploads\/2024\/10\/DR_IMG-4085-scaled.jpg?id=852) !important;background-position: center !important;background-repeat: no-repeat !important;background-size: cover !important;}&#8221;][vc_column][vc_custom_heading text=&#8221;Seri medicale&#8221; font_container=&#8221;tag:h1|text_align:center&#8221; use_theme_fonts=&#8221;yes&#8221; css=&#8221;&#8221;][\/vc_column][\/vc_row][vc_section full_width=&#8221;stretch_row&#8221; el_class=&#8221;bg-color-featured-2&#8243;][vc_row equal_height=&#8221;yes&#8221; content_placement=&#8221;middle&#8221;][vc_column width=&#8221;1\/2&#8243;][vc_single_image image=&#8221;1765&#8243; img_size=&#8221;full&#8221; alignment=&#8221;center&#8221; css=&#8221;&#8221; image_hovers=&#8221;false&#8221; lazy_loading=&#8221;true&#8221;][\/vc_column][vc_column width=&#8221;1\/2&#8243;][vc_column_text css=&#8221;&#8221;] Din 2012, Funda\u021bia organizeaz\u0103 \u00een mod regulat seri medicale, unde sunt abordate cele mai actuale teme ale profesiei medicale, precum \u0219i provoc\u0103rile sarcinilor&hellip;<\/p>\n","protected":false},"author":1,"featured_media":0,"parent":0,"menu_order":0,"comment_status":"closed","ping_status":"closed","template":"","meta":{"footnotes":""},"class_list":["post-409","page","type-page","status-publish","hentry","description-off"],"_links":{"self":[{"href":"https:\/\/szentbalazs.ro\/ro\/wp-json\/wp\/v2\/pages\/409","targetHints":{"allow":["GET"]}}],"collection":[{"href":"https:\/\/szentbalazs.ro\/ro\/wp-json\/wp\/v2\/pages"}],"about":[{"href":"https:\/\/szentbalazs.ro\/ro\/wp-json\/wp\/v2\/types\/page"}],"author":[{"embeddable":true,"href":"https:\/\/szentbalazs.ro\/ro\/wp-json\/wp\/v2\/users\/1"}],"replies":[{"embeddable":true,"href":"https:\/\/szentbalazs.ro\/ro\/wp-json\/wp\/v2\/comments?post=409"}],"version-history":[{"count":4,"href":"https:\/\/szentbalazs.ro\/ro\/wp-json\/wp\/v2\/pages\/409\/revisions"}],"predecessor-version":[{"id":2816,"href":"https:\/\/szentbalazs.ro\/ro\/wp-json\/wp\/v2\/pages\/409\/revisions\/2816"}],"wp:attachment":[{"href":"https:\/\/szentbalazs.ro\/ro\/wp-json\/wp\/v2\/media?parent=409"}],"curies":[{"name":"wp","href":"https:\/\/api.w.org\/{rel}","templated":true}]}}