{"id":405,"date":"2024-05-24T08:30:21","date_gmt":"2024-05-24T06:30:21","guid":{"rendered":"https:\/\/szentbalazs.ro\/egeszsegugyi-szakembereknek-szolo-programok\/"},"modified":"2025-12-16T14:34:55","modified_gmt":"2025-12-16T13:34:55","slug":"conferinte","status":"publish","type":"page","link":"https:\/\/szentbalazs.ro\/ro\/conferinte\/","title":{"rendered":"Conferin\u021be"},"content":{"rendered":"<div class=\"wpb-content-wrapper\"><p>[vc_row full_width=&#8221;stretch_row&#8221; content_placement=&#8221;middle&#8221; el_id=&#8221;innerHero&#8221; el_class=&#8221;row-hero-programs&#8221; css=&#8221;.vc_custom_1759488246735{background-image: url(https:\/\/szentbalazs.ro\/wp-content\/uploads\/2025\/07\/Mikrobiom-konferencia_fullres_Metz-Balazs-222-scaled.jpg?id=2404) !important;background-position: center !important;background-repeat: no-repeat !important;background-size: cover !important;}&#8221;][vc_column][vc_custom_heading text=&#8221;Conferin\u021be&#8221; font_container=&#8221;tag:h2|text_align:center&#8221; use_theme_fonts=&#8221;yes&#8221; css=&#8221;&#8221;][\/vc_column][\/vc_row][vc_section full_width=&#8221;stretch_row&#8221; el_class=&#8221;bg-color-featured-1&#8243;][vc_row equal_height=&#8221;yes&#8221; content_placement=&#8221;middle&#8221;][vc_column width=&#8221;1\/2&#8243;][vc_single_image image=&#8221;2400&#8243; img_size=&#8221;large&#8221; css=&#8221;&#8221;][\/vc_column][vc_column width=&#8221;1\/2&#8243;][vc_column_text css=&#8221;&#8221;]<\/p>\n<p data-start=\"21\" data-end=\"335\">La conferin\u021ba noastr\u0103 \u00eencerc\u0103m \u00een fiecare an s\u0103 abord\u0103m teme care dep\u0103\u0219esc grani\u021bele unor discipline individuale \u0219i care necesit\u0103 o perspectiv\u0103 complex\u0103. Pe l\u00e2ng\u0103 abordarea medical\u0103 multidisciplinar\u0103, tema respectiv\u0103 este analizat\u0103 \u0219i din punct de vedere social, psihologic, spiritual \u0219i artistic.<\/p>\n<p data-start=\"337\" data-end=\"487\">La conferin\u021bele noastre particip\u0103 anual \u00eentre 500 \u0219i 600 de medici, studen\u021bi la medicin\u0103, speciali\u0219ti din domeniile de asisten\u021b\u0103 \u0219i al\u021bi interesa\u021bi.<\/p>\n<p>[\/vc_column_text][\/vc_column][\/vc_row][\/vc_section][vc_section][vc_row][vc_column width=&#8221;1\/2&#8243;][vc_column_text css=&#8221;&#8221;]<\/p>\n<p data-start=\"21\" data-end=\"66\">Temele noastre de p\u00e2n\u0103 acum:<\/p>\n<ul>\n<li><a href=\"https:\/\/szentbalazs.ro\/ro\/conferinta-microbiom\/\">2025 \u2013 Conferin\u021ba Microbiomului<\/a><\/li>\n<li><a href=\"https:\/\/szentbalazs.ro\/ro\/conferinta-dimensiunilor-ascunse\/\">2024 \u2013 Conferin\u021ba Dimensiuni Ascunse<\/a><\/li>\n<li><a href=\"https:\/\/szentbalazs.ro\/ro\/conferinta-primum-nil-nocere\/\">2023 \u2013 Conferin\u021ba <em data-start=\"159\" data-end=\"178\">Primum Nil Nocere<\/em><\/a><\/li>\n<li><a href=\"https:\/\/szentbalazs.ro\/ro\/conferinta-despre-sanatatea-mentala\/\">2022 \u2013 Conferin\u021ba S\u0103n\u0103tate Mintal\u0103<\/a><\/li>\n<li><a href=\"https:\/\/szentbalazs.ro\/ro\/conferinta-de-medicina-digitala\/\">2019 \u2013 Conferin\u021ba Medicin\u0103 Digital\u0103<\/a><\/li>\n<li><a href=\"https:\/\/szentbalazs.ro\/ro\/simpozionul-despre-somn\/\">2018 \u2013 Simpozionul Somnului<\/a><\/li>\n<li><a href=\"https:\/\/szentbalazs.ro\/ro\/conferinta-despre-durere\/\">2017 \u2013 Conferin\u021ba Durerii<\/a><\/li>\n<li><a href=\"https:\/\/szentbalazs.ro\/ro\/conferinta-de-tanatologie\/\">2014 \u2013 Conferin\u021ba de Tanatologie<\/a><\/li>\n<li>2004 \u2013 Medicin\u0103 alternativ\u0103 \u2013 realitate \u0219i mit<\/li>\n<\/ul>\n<p>[\/vc_column_text][\/vc_column][vc_column width=&#8221;1\/2&#8243;][vc_single_image image=&#8221;1908&#8243; img_size=&#8221;large&#8221; css=&#8221;&#8221;][\/vc_column][\/vc_row][\/vc_section]<\/p>\n<\/div>","protected":false},"excerpt":{"rendered":"<p>[vc_row full_width=&#8221;stretch_row&#8221; content_placement=&#8221;middle&#8221; el_id=&#8221;innerHero&#8221; el_class=&#8221;row-hero-programs&#8221; css=&#8221;.vc_custom_1759488246735{background-image: url(https:\/\/szentbalazs.ro\/wp-content\/uploads\/2025\/07\/Mikrobiom-konferencia_fullres_Metz-Balazs-222-scaled.jpg?id=2404) !important;background-position: center !important;background-repeat: no-repeat !important;background-size: cover !important;}&#8221;][vc_column][vc_custom_heading text=&#8221;Conferin\u021be&#8221; font_container=&#8221;tag:h2|text_align:center&#8221; use_theme_fonts=&#8221;yes&#8221; css=&#8221;&#8221;][\/vc_column][\/vc_row][vc_section full_width=&#8221;stretch_row&#8221; el_class=&#8221;bg-color-featured-1&#8243;][vc_row equal_height=&#8221;yes&#8221; content_placement=&#8221;middle&#8221;][vc_column width=&#8221;1\/2&#8243;][vc_single_image image=&#8221;2400&#8243; img_size=&#8221;large&#8221; css=&#8221;&#8221;][\/vc_column][vc_column width=&#8221;1\/2&#8243;][vc_column_text css=&#8221;&#8221;] La conferin\u021ba noastr\u0103 \u00eencerc\u0103m \u00een fiecare an s\u0103 abord\u0103m teme care dep\u0103\u0219esc grani\u021bele unor discipline individuale \u0219i care necesit\u0103 o perspectiv\u0103 complex\u0103. Pe l\u00e2ng\u0103 abordarea medical\u0103 multidisciplinar\u0103,&hellip;<\/p>\n","protected":false},"author":1,"featured_media":0,"parent":0,"menu_order":0,"comment_status":"closed","ping_status":"closed","template":"","meta":{"footnotes":""},"class_list":["post-405","page","type-page","status-publish","hentry","description-off"],"_links":{"self":[{"href":"https:\/\/szentbalazs.ro\/ro\/wp-json\/wp\/v2\/pages\/405","targetHints":{"allow":["GET"]}}],"collection":[{"href":"https:\/\/szentbalazs.ro\/ro\/wp-json\/wp\/v2\/pages"}],"about":[{"href":"https:\/\/szentbalazs.ro\/ro\/wp-json\/wp\/v2\/types\/page"}],"author":[{"embeddable":true,"href":"https:\/\/szentbalazs.ro\/ro\/wp-json\/wp\/v2\/users\/1"}],"replies":[{"embeddable":true,"href":"https:\/\/szentbalazs.ro\/ro\/wp-json\/wp\/v2\/comments?post=405"}],"version-history":[{"count":28,"href":"https:\/\/szentbalazs.ro\/ro\/wp-json\/wp\/v2\/pages\/405\/revisions"}],"predecessor-version":[{"id":3016,"href":"https:\/\/szentbalazs.ro\/ro\/wp-json\/wp\/v2\/pages\/405\/revisions\/3016"}],"wp:attachment":[{"href":"https:\/\/szentbalazs.ro\/ro\/wp-json\/wp\/v2\/media?parent=405"}],"curies":[{"name":"wp","href":"https:\/\/api.w.org\/{rel}","templated":true}]}}