{"id":401,"date":"2024-04-26T09:18:47","date_gmt":"2024-04-26T07:18:47","guid":{"rendered":"https:\/\/szentbalazs.ro\/programok\/"},"modified":"2025-12-17T15:57:23","modified_gmt":"2025-12-17T14:57:23","slug":"programe","status":"publish","type":"page","link":"https:\/\/szentbalazs.ro\/ro\/programe\/","title":{"rendered":"Programe"},"content":{"rendered":"<div class=\"wpb-content-wrapper\"><p>[vc_row full_width=&#8221;stretch_row&#8221; content_placement=&#8221;middle&#8221; el_id=&#8221;innerHero&#8221; el_class=&#8221;row-hero-programs&#8221; css=&#8221;.vc_custom_1724923722484{background-image: url(https:\/\/szentbalazs.ro\/wp-content\/uploads\/2024\/08\/Rejtett_Dimenziok2024_IMG_0917_134.jpg?id=766) !important;background-position: center !important;background-repeat: no-repeat !important;background-size: cover !important;}&#8221;][vc_column][vc_custom_heading text=&#8221;Programe&#8221; font_container=&#8221;tag:h1|text_align:center&#8221; use_theme_fonts=&#8221;yes&#8221; css=&#8221;&#8221;][\/vc_column][\/vc_row][vc_section el_id=&#8221;egeszsegugyi&#8221;][vc_row equal_height=&#8221;yes&#8221; content_placement=&#8221;middle&#8221; el_class=&#8221;row-program-inner first&#8221;][vc_column width=&#8221;1\/2&#8243; el_class=&#8221;col-txt&#8221;][vc_custom_heading text=&#8221;Conferin\u021be&#8221; font_container=&#8221;tag:h5|text_align:left&#8221; use_theme_fonts=&#8221;yes&#8221; css=&#8221;&#8221;][vc_column_text css=&#8221;&#8221;]La conferin\u021bele noastre \u00eencerc\u0103m s\u0103 abord\u0103m teme care dep\u0103\u0219esc domeniile individuale \u0219i necesit\u0103 o abordare complex\u0103, interdisciplinar\u0103. Pe l\u00e2ng\u0103 perspectiva medical\u0103 multidisciplinar\u0103, se acord\u0103 spa\u021biu \u0219i interpret\u0103rilor sociale, psihologice, spirituale \u0219i artistice ale temei respective.[\/vc_column_text]<style type=\"text\/css\" data-type=\"the7_shortcodes-inline-css\">#default-btn-269571aaf80916c31bf9098e61a6298a.ico-right-side > i {\n  margin-right: 0px;\n  margin-left: 8px;\n}\n#default-btn-269571aaf80916c31bf9098e61a6298a > i {\n  margin-right: 8px;\n}\n<\/style><a href=\"https:\/\/szentbalazs.ro\/ro\/conferinte\/\" class=\"default-btn-shortcode dt-btn dt-btn-m link-hover-off btn-outline btn-inline-left \" id=\"default-btn-269571aaf80916c31bf9098e61a6298a\" title=\"Programe pentru profesioni\u0219tii din domeniul s\u0103n\u0103t\u0103\u021bii\"><span>Detalii<\/span><\/a>[\/vc_column][vc_column width=&#8221;1\/2&#8243; el_class=&#8221;col-img&#8221;][vc_single_image image=&#8221;2287&#8243; img_size=&#8221;full&#8221; alignment=&#8221;center&#8221; css=&#8221;&#8221; lazy_loading=&#8221;true&#8221;][\/vc_column][\/vc_row][\/vc_section][vc_section el_id=&#8221;egyetemi&#8221;][vc_row equal_height=&#8221;yes&#8221; content_placement=&#8221;middle&#8221; el_class=&#8221;row-program-inner second inverted&#8221;][vc_column width=&#8221;1\/2&#8243; el_class=&#8221;col-txt&#8221;][vc_custom_heading text=&#8221;Cursuri&#8221; font_container=&#8221;tag:h5|text_align:left&#8221; use_theme_fonts=&#8221;yes&#8221; css=&#8221;&#8221;][vc_column_text css=&#8221;&#8221;]Scopul Funda\u021biei Sf\u00e2ntul Blasius este promovarea s\u0103n\u0103t\u0103\u021bii \u0219i educa\u021biei pentru s\u0103n\u0103tate prin formarea continu\u0103 a medicilor. Condu\u0219i de valori cre\u0219tine, r\u0103spundem provoc\u0103rilor sistemului de s\u0103n\u0103tate \u0219i sprijinim serviciul devotat al celor care ajut\u0103.[\/vc_column_text]<style type=\"text\/css\" data-type=\"the7_shortcodes-inline-css\">#default-btn-f03855ab315866425f1d15dcc1789ed2.ico-right-side > i {\n  margin-right: 0px;\n  margin-left: 8px;\n}\n#default-btn-f03855ab315866425f1d15dcc1789ed2 > i {\n  margin-right: 8px;\n}\n<\/style><a href=\"https:\/\/szentbalazs.ro\/ro\/cursuri\/\" class=\"default-btn-shortcode dt-btn dt-btn-m link-hover-off btn-outline btn-inline-left \" id=\"default-btn-f03855ab315866425f1d15dcc1789ed2\" title=\"Programe pentru studen\u021bii universitari\"><span>Detalii<\/span><\/a>[\/vc_column][vc_column width=&#8221;1\/2&#8243; el_class=&#8221;col-img&#8221;][vc_single_image image=&#8221;2290&#8243; img_size=&#8221;full&#8221; alignment=&#8221;center&#8221; css=&#8221;&#8221; lazy_loading=&#8221;true&#8221;][\/vc_column][\/vc_row][\/vc_section][vc_section el_id=&#8221;diakok&#8221;][vc_row equal_height=&#8221;yes&#8221; content_placement=&#8221;middle&#8221; el_class=&#8221;row-program-inner third&#8221;][vc_column width=&#8221;1\/2&#8243; el_class=&#8221;col-txt&#8221;][vc_custom_heading text=&#8221;MEDIT&#8221; font_container=&#8221;tag:h5|text_align:left&#8221; use_theme_fonts=&#8221;yes&#8221; css=&#8221;&#8221;][vc_column_text css=&#8221;&#8221;]\u00cent\u00e2lnirea de Diabetologie Maghiar\u0103 din Transilvania (MEDIT) este un eveniment anual de formare profesional\u0103 \u0219i networking care se concentreaz\u0103 pe problemele actuale din \u00eengrijirea diabetului. Reune\u0219te profesioni\u0219ti din diferite domenii medicale \u00eentr-o atmosfer\u0103 prietenoas\u0103 \u0219i informal\u0103.[\/vc_column_text]<style type=\"text\/css\" data-type=\"the7_shortcodes-inline-css\">#default-btn-da6929be5f4bbefac7f277be5fcbc6ef.ico-right-side > i {\n  margin-right: 0px;\n  margin-left: 8px;\n}\n#default-btn-da6929be5f4bbefac7f277be5fcbc6ef > i {\n  margin-right: 8px;\n}\n<\/style><a href=\"https:\/\/szentbalazs.ro\/ro\/medit\/\" class=\"default-btn-shortcode dt-btn dt-btn-m link-hover-off btn-outline btn-inline-left \" id=\"default-btn-da6929be5f4bbefac7f277be5fcbc6ef\" title=\"Programe pentru studen\u021bi \u0219i publicul larg\"><span>Detalii<\/span><\/a>[\/vc_column][vc_column width=&#8221;1\/2&#8243; el_class=&#8221;col-img&#8221;][vc_single_image image=&#8221;2293&#8243; img_size=&#8221;full&#8221; alignment=&#8221;center&#8221; css=&#8221;&#8221; lazy_loading=&#8221;true&#8221;][\/vc_column][\/vc_row][\/vc_section][vc_section][vc_row equal_height=&#8221;yes&#8221; content_placement=&#8221;middle&#8221; el_class=&#8221;row-program-inner first&#8221;][vc_column width=&#8221;1\/2&#8243; el_class=&#8221;col-txt&#8221;][vc_custom_heading text=&#8221;Preven\u021bia s\u0103n\u0103t\u0103\u021bii&#8221; font_container=&#8221;tag:h5|text_align:left&#8221; use_theme_fonts=&#8221;yes&#8221; css=&#8221;&#8221;][vc_column_text css=&#8221;&#8221;]Proiectul de preven\u021bie a s\u0103n\u0103t\u0103\u021bii preg\u0103te\u0219te voluntari studen\u021bi la medicin\u0103 s\u0103 sus\u021bin\u0103 ore de educa\u021bie pentru s\u0103n\u0103tate \u00een \u0219coli. Prin puterea educa\u021biei \u00eentre egali, sprijinim elevii s\u0103 \u00ee\u0219i formeze un stil de via\u021b\u0103 s\u0103n\u0103tos.[\/vc_column_text]<style type=\"text\/css\" data-type=\"the7_shortcodes-inline-css\">#default-btn-b9ddf84ece0dd2d61cde04e27f68513e.ico-right-side > i {\n  margin-right: 0px;\n  margin-left: 8px;\n}\n#default-btn-b9ddf84ece0dd2d61cde04e27f68513e > i {\n  margin-right: 8px;\n}\n<\/style><a href=\"https:\/\/szentbalazs.ro\/ro\/preventie-in-sanatate\/\" class=\"default-btn-shortcode dt-btn dt-btn-m link-hover-off btn-outline btn-inline-left \" id=\"default-btn-b9ddf84ece0dd2d61cde04e27f68513e\" title=\"Programe pentru profesioni\u0219tii din domeniul s\u0103n\u0103t\u0103\u021bii\"><span>Detalii<\/span><\/a>[\/vc_column][vc_column width=&#8221;1\/2&#8243; el_class=&#8221;col-img&#8221;][vc_single_image image=&#8221;2296&#8243; img_size=&#8221;full&#8221; alignment=&#8221;center&#8221; css=&#8221;&#8221; lazy_loading=&#8221;true&#8221;][\/vc_column][\/vc_row][\/vc_section][vc_section][vc_row equal_height=&#8221;yes&#8221; content_placement=&#8221;middle&#8221; el_class=&#8221;row-program-inner second inverted&#8221;][vc_column width=&#8221;1\/2&#8243; el_class=&#8221;col-txt&#8221;][vc_custom_heading text=&#8221;Seri medicale&#8221; font_container=&#8221;tag:h5|text_align:left&#8221; use_theme_fonts=&#8221;yes&#8221; css=&#8221;&#8221;][vc_column_text css=&#8221;&#8221;]La evenimentele noastre de sear\u0103 reflect\u0103m \u00eempreun\u0103 cu medici, studen\u021bi \u0219i profesioni\u0219ti din domeniul ajutorului asupra provoc\u0103rilor umane \u0219i etice ale profesiei medicale. Accentul programului este pus pe dialog \u0219i construirea comunit\u0103\u021bii.[\/vc_column_text]<style type=\"text\/css\" data-type=\"the7_shortcodes-inline-css\">#default-btn-f7d97092dc287c20123e2d2bc8b90eeb.ico-right-side > i {\n  margin-right: 0px;\n  margin-left: 8px;\n}\n#default-btn-f7d97092dc287c20123e2d2bc8b90eeb > i {\n  margin-right: 8px;\n}\n<\/style><a href=\"https:\/\/szentbalazs.ro\/ro\/seri-medicale\/\" class=\"default-btn-shortcode dt-btn dt-btn-m link-hover-off btn-outline btn-inline-left \" id=\"default-btn-f7d97092dc287c20123e2d2bc8b90eeb\" title=\"Programe pentru studen\u021bii universitari\"><span>Detalii<\/span><\/a>[\/vc_column][vc_column width=&#8221;1\/2&#8243; el_class=&#8221;col-img&#8221;][vc_single_image image=&#8221;2299&#8243; img_size=&#8221;full&#8221; alignment=&#8221;center&#8221; css=&#8221;&#8221; lazy_loading=&#8221;true&#8221;][\/vc_column][\/vc_row][\/vc_section][vc_section][vc_row equal_height=&#8221;yes&#8221; content_placement=&#8221;middle&#8221; el_class=&#8221;row-program-inner third&#8221;][vc_column width=&#8221;1\/2&#8243; el_class=&#8221;col-txt&#8221;][vc_custom_heading text=&#8221;\u00cengrijirea v\u00e2rstnicilor \u0219i a pacien\u021bilor&#8221; font_container=&#8221;tag:h5|text_align:left&#8221; use_theme_fonts=&#8221;yes&#8221; css=&#8221;&#8221;][vc_column_text css=&#8221;&#8221;]Programul nostru de voluntariat sprijin\u0103 \u00eengrijirea \u00een spitale \u0219i c\u0103mine de b\u0103tr\u00e2ni prin implicarea tinerilor preg\u0103ti\u021bi. Scopul nostru este s\u0103 \u00eembun\u0103t\u0103\u021bim calitatea \u00eengrijirii \u0219i s\u0103 construim o comunitate dedicat\u0103 \u0219i compasional\u0103 de ajutor.[\/vc_column_text]<style type=\"text\/css\" data-type=\"the7_shortcodes-inline-css\">#default-btn-565f46e2a11842a3cde21c742fba8df5.ico-right-side > i {\n  margin-right: 0px;\n  margin-left: 8px;\n}\n#default-btn-565f46e2a11842a3cde21c742fba8df5 > i {\n  margin-right: 8px;\n}\n<\/style><a href=\"https:\/\/szentbalazs.ro\/ro\/ingrijirea-varstnicilor\/\" class=\"default-btn-shortcode dt-btn dt-btn-m link-hover-off btn-outline btn-inline-left \" id=\"default-btn-565f46e2a11842a3cde21c742fba8df5\" title=\"Programe pentru studen\u021bi \u0219i publicul larg\"><span>Detalii<\/span><\/a>[\/vc_column][vc_column width=&#8221;1\/2&#8243; el_class=&#8221;col-img&#8221;][vc_single_image image=&#8221;2302&#8243; img_size=&#8221;full&#8221; alignment=&#8221;center&#8221; css=&#8221;&#8221; lazy_loading=&#8221;true&#8221;][\/vc_column][\/vc_row][\/vc_section][vc_section][vc_row equal_height=&#8221;yes&#8221; content_placement=&#8221;middle&#8221; el_class=&#8221;row-program-inner first&#8221;][vc_column width=&#8221;1\/2&#8243; el_class=&#8221;col-txt&#8221;][vc_custom_heading text=&#8221;Punct de sprijin&#8221; font_container=&#8221;tag:h5|text_align:left&#8221; use_theme_fonts=&#8221;yes&#8221; css=&#8221;&#8221;][vc_column_text css=&#8221;&#8221;]Con\u021binuturile noastre de educa\u021bie pentru s\u0103n\u0103tate sunt disponibile sub form\u0103 de videoclipuri educa\u021bionale, emisiuni radio \u0219i TV \u2014 \u00een principal pe YouTube, precum \u0219i la posturile de radio \u0219i televiziune din Transilvania. Scopul nostru este s\u0103 oferim informa\u021bii clare, accesibile \u0219i de \u00eencredere.[\/vc_column_text]<style type=\"text\/css\" data-type=\"the7_shortcodes-inline-css\">#default-btn-814635ae8eb723365f8398d56ae7f0ab.ico-right-side > i {\n  margin-right: 0px;\n  margin-left: 8px;\n}\n#default-btn-814635ae8eb723365f8398d56ae7f0ab > i {\n  margin-right: 8px;\n}\n<\/style><a href=\"https:\/\/szentbalazs.ro\/ro\/punct-de-sprijin\/\" class=\"default-btn-shortcode dt-btn dt-btn-m link-hover-off btn-outline btn-inline-left \" id=\"default-btn-814635ae8eb723365f8398d56ae7f0ab\" title=\"Programe pentru profesioni\u0219tii din domeniul s\u0103n\u0103t\u0103\u021bii\"><span>Detalii<\/span><\/a>[\/vc_column][vc_column width=&#8221;1\/2&#8243; el_class=&#8221;col-img&#8221;][vc_single_image image=&#8221;2305&#8243; img_size=&#8221;full&#8221; alignment=&#8221;center&#8221; css=&#8221;&#8221; lazy_loading=&#8221;true&#8221;][\/vc_column][\/vc_row][\/vc_section][vc_section][vc_row equal_height=&#8221;yes&#8221; content_placement=&#8221;middle&#8221; el_class=&#8221;row-program-inner second inverted&#8221;][vc_column width=&#8221;1\/2&#8243; el_class=&#8221;col-txt&#8221;][vc_custom_heading text=&#8221;C\u0103r\u021bi cu pove\u0219ti&#8221; font_container=&#8221;tag:h5|text_align:left&#8221; use_theme_fonts=&#8221;yes&#8221; css=&#8221;&#8221;][vc_column_text css=&#8221;&#8221;]Cu ajutorul voluntarilor \u0219i creatorilor studen\u021bi am realizat dou\u0103 c\u0103r\u021bi cu pove\u0219ti pentru preven\u021bie, care au ajuns la 35 de clase de \u0219coal\u0103 primar\u0103. Pove\u0219tile ajut\u0103 \u00eentr-un mod juc\u0103u\u0219 copiii s\u0103 fac\u0103 fa\u021b\u0103 dificult\u0103\u021bilor zilnice.[\/vc_column_text]<style type=\"text\/css\" data-type=\"the7_shortcodes-inline-css\">#default-btn-677ae68348a3500347dc1328783ef84f.ico-right-side > i {\n  margin-right: 0px;\n  margin-left: 8px;\n}\n#default-btn-677ae68348a3500347dc1328783ef84f > i {\n  margin-right: 8px;\n}\n<\/style><a href=\"https:\/\/szentbalazs.ro\/ro\/carti-de-povesti\/\" class=\"default-btn-shortcode dt-btn dt-btn-m link-hover-off btn-outline btn-inline-left \" id=\"default-btn-677ae68348a3500347dc1328783ef84f\" title=\"Programe pentru studen\u021bii universitari\"><span>Detalii<\/span><\/a>[\/vc_column][vc_column width=&#8221;1\/2&#8243; el_class=&#8221;col-img&#8221;][vc_single_image image=&#8221;2308&#8243; img_size=&#8221;full&#8221; alignment=&#8221;center&#8221; css=&#8221;&#8221; lazy_loading=&#8221;true&#8221;][\/vc_column][\/vc_row][\/vc_section][vc_section][vc_row equal_height=&#8221;yes&#8221; content_placement=&#8221;middle&#8221; el_class=&#8221;row-program-inner third&#8221;][vc_column width=&#8221;1\/2&#8243; el_class=&#8221;col-txt&#8221;][vc_custom_heading text=&#8221;Festivaluri&#8221; font_container=&#8221;tag:h5|text_align:left&#8221; use_theme_fonts=&#8221;yes&#8221; css=&#8221;&#8221;][vc_column_text css=&#8221;&#8221;]Programul nostru de educa\u021bie pentru s\u0103n\u0103tate este prezent la festivaluri \u0219i evenimente comunitare, promov\u00e2nd con\u0219tientizarea \u0219i preven\u021bia prin activit\u0103\u021bi interactive.[\/vc_column_text]<style type=\"text\/css\" data-type=\"the7_shortcodes-inline-css\">#default-btn-6daf2b2dbd30d7397f6fdbef3f2d5c51.ico-right-side > i {\n  margin-right: 0px;\n  margin-left: 8px;\n}\n#default-btn-6daf2b2dbd30d7397f6fdbef3f2d5c51 > i {\n  margin-right: 8px;\n}\n<\/style><a href=\"https:\/\/szentbalazs.ro\/ro\/festivaluri\/\" class=\"default-btn-shortcode dt-btn dt-btn-m link-hover-off btn-outline btn-inline-left \" id=\"default-btn-6daf2b2dbd30d7397f6fdbef3f2d5c51\" title=\"Programe pentru studen\u021bi \u0219i publicul larg\"><span>Detalii<\/span><\/a>[\/vc_column][vc_column width=&#8221;1\/2&#8243; el_class=&#8221;col-img&#8221;][vc_single_image image=&#8221;2314&#8243; img_size=&#8221;full&#8221; alignment=&#8221;center&#8221; css=&#8221;&#8221; lazy_loading=&#8221;true&#8221;][\/vc_column][\/vc_row][\/vc_section]<\/p>\n<\/div>","protected":false},"excerpt":{"rendered":"<p>[vc_row full_width=&#8221;stretch_row&#8221; content_placement=&#8221;middle&#8221; el_id=&#8221;innerHero&#8221; el_class=&#8221;row-hero-programs&#8221; css=&#8221;.vc_custom_1724923722484{background-image: url(https:\/\/szentbalazs.ro\/wp-content\/uploads\/2024\/08\/Rejtett_Dimenziok2024_IMG_0917_134.jpg?id=766) !important;background-position: center !important;background-repeat: no-repeat !important;background-size: cover !important;}&#8221;][vc_column][vc_custom_heading text=&#8221;Programe&#8221; font_container=&#8221;tag:h1|text_align:center&#8221; use_theme_fonts=&#8221;yes&#8221; css=&#8221;&#8221;][\/vc_column][\/vc_row][vc_section el_id=&#8221;egeszsegugyi&#8221;][vc_row equal_height=&#8221;yes&#8221; content_placement=&#8221;middle&#8221; el_class=&#8221;row-program-inner first&#8221;][vc_column width=&#8221;1\/2&#8243; el_class=&#8221;col-txt&#8221;][vc_custom_heading text=&#8221;Conferin\u021be&#8221; font_container=&#8221;tag:h5|text_align:left&#8221; use_theme_fonts=&#8221;yes&#8221; css=&#8221;&#8221;][vc_column_text css=&#8221;&#8221;]La conferin\u021bele noastre \u00eencerc\u0103m s\u0103 abord\u0103m teme care dep\u0103\u0219esc domeniile individuale \u0219i necesit\u0103 o abordare complex\u0103, interdisciplinar\u0103. Pe l\u00e2ng\u0103 perspectiva medical\u0103 multidisciplinar\u0103, se acord\u0103 spa\u021biu \u0219i&hellip;<\/p>\n","protected":false},"author":1,"featured_media":0,"parent":0,"menu_order":0,"comment_status":"closed","ping_status":"closed","template":"","meta":{"footnotes":""},"class_list":["post-401","page","type-page","status-publish","hentry","description-off"],"_links":{"self":[{"href":"https:\/\/szentbalazs.ro\/ro\/wp-json\/wp\/v2\/pages\/401","targetHints":{"allow":["GET"]}}],"collection":[{"href":"https:\/\/szentbalazs.ro\/ro\/wp-json\/wp\/v2\/pages"}],"about":[{"href":"https:\/\/szentbalazs.ro\/ro\/wp-json\/wp\/v2\/types\/page"}],"author":[{"embeddable":true,"href":"https:\/\/szentbalazs.ro\/ro\/wp-json\/wp\/v2\/users\/1"}],"replies":[{"embeddable":true,"href":"https:\/\/szentbalazs.ro\/ro\/wp-json\/wp\/v2\/comments?post=401"}],"version-history":[{"count":19,"href":"https:\/\/szentbalazs.ro\/ro\/wp-json\/wp\/v2\/pages\/401\/revisions"}],"predecessor-version":[{"id":3042,"href":"https:\/\/szentbalazs.ro\/ro\/wp-json\/wp\/v2\/pages\/401\/revisions\/3042"}],"wp:attachment":[{"href":"https:\/\/szentbalazs.ro\/ro\/wp-json\/wp\/v2\/media?parent=401"}],"curies":[{"name":"wp","href":"https:\/\/api.w.org\/{rel}","templated":true}]}}