{"id":3117,"date":"2026-04-16T11:04:21","date_gmt":"2026-04-16T09:04:21","guid":{"rendered":"https:\/\/szentbalazs.ro\/?page_id=3117"},"modified":"2026-04-16T11:05:35","modified_gmt":"2026-04-16T09:05:35","slug":"orizontulsomnului","status":"publish","type":"page","link":"https:\/\/szentbalazs.ro\/ro\/orizontulsomnului\/","title":{"rendered":"Orizontul Somnului"},"content":{"rendered":"<div class=\"wpb-content-wrapper\"><p>[vc_row full_width=&#8221;stretch_row&#8221; content_placement=&#8221;middle&#8221; el_id=&#8221;innerHero&#8221; el_class=&#8221;row-hero-programs&#8221; css=&#8221;.vc_custom_1776330193924{background-image: url(https:\/\/szentbalazs.ro\/wp-content\/uploads\/2026\/04\/Szent-Balazs_Alvashorizont_Metz-Balazs-386.jpg?id=3125) !important;background-position: center !important;background-repeat: no-repeat !important;background-size: cover !important;}&#8221;][vc_column][vc_custom_heading text=&#8221;Orizontul Somnului \u2013 Echilibrul circadian \u00een secolul XXI&#8221; font_container=&#8221;tag:h2|text_align:center&#8221; use_theme_fonts=&#8221;yes&#8221; css=&#8221;&#8221;][\/vc_column][\/vc_row][vc_section][vc_row][vc_column][\/vc_column][\/vc_row][vc_row][vc_column width=&#8221;1\/2&#8243;][vc_single_image image=&#8221;3125&#8243; img_size=&#8221;large&#8221; css=&#8221;&#8221;][\/vc_column][vc_column width=&#8221;1\/2&#8243;][vc_column_text css=&#8221;&#8221;]\u00cen perioada 20\u201322 februarie 2026, Palatul Culturii din T\u00e2rgu Mure\u0219 a g\u0103zduit conferin\u021ba multidisciplinar\u0103 a Funda\u021biei Sf\u00e2ntul Blaise, care a explorat perspectivele \u0219tiin\u021bifice, psihologice \u0219i artistice asupra somnului \u0219i viselor.[\/vc_column_text][\/vc_column][\/vc_row][\/vc_section][vc_section full_width=&#8221;stretch_row&#8221; el_class=&#8221;bg-color-featured-1&#8243;][vc_row][vc_column width=&#8221;1\/2&#8243;][vc_column_text css=&#8221;&#8221;]<\/p>\n<p data-start=\"1158\" data-end=\"1670\">\u00cen prima zi, prezent\u0103rile au oferit o imagine de ansamblu asupra rolului fiziologic, neurologic \u0219i psihologic al somnului, precum \u0219i asupra impactului acestuia asupra \u00eenv\u0103\u021b\u0103rii, memoriei \u0219i s\u0103n\u0103t\u0103\u021bii, ziua fiind \u00eencheiat\u0103 cu un segment artistic dedicat abord\u0103rii creative a viselor.<\/p>\n<p data-start=\"1672\" data-end=\"1879\">A doua zi s-a concentrat pe conexiunile neurologice, mentale \u0219i cardiovasculare ale somnului, fiind completat\u0103 de ateliere interactive \u0219i programe de sear\u0103 care au aprofundat dialogul dintre \u0219tiin\u021b\u0103 \u0219i art\u0103.<\/p>\n<p data-start=\"1881\" data-end=\"2115\" data-is-last-node=\"\" data-is-only-node=\"\">\u00cen ziua de \u00eenchidere, au fost aduse \u00een prim-plan dimensiunile psihologice, rela\u021bionale \u0219i practice ale somnului, cu o aten\u021bie special\u0103 acordat\u0103 trat\u0103rii tulbur\u0103rilor de somn \u0219i aspectelor practice ale consilierii \u00een domeniul somnului.<\/p>\n<p>[\/vc_column_text][\/vc_column][vc_column width=&#8221;1\/2&#8243;][vc_single_image image=&#8221;3120&#8243; img_size=&#8221;large&#8221; css=&#8221;&#8221;][\/vc_column][\/vc_row][\/vc_section]<\/p>\n<\/div>","protected":false},"excerpt":{"rendered":"<p>[vc_row full_width=&#8221;stretch_row&#8221; content_placement=&#8221;middle&#8221; el_id=&#8221;innerHero&#8221; el_class=&#8221;row-hero-programs&#8221; css=&#8221;.vc_custom_1776330193924{background-image: url(https:\/\/szentbalazs.ro\/wp-content\/uploads\/2026\/04\/Szent-Balazs_Alvashorizont_Metz-Balazs-386.jpg?id=3125) !important;background-position: center !important;background-repeat: no-repeat !important;background-size: cover !important;}&#8221;][vc_column][vc_custom_heading text=&#8221;Orizontul Somnului \u2013 Echilibrul circadian \u00een secolul XXI&#8221; font_container=&#8221;tag:h2|text_align:center&#8221; use_theme_fonts=&#8221;yes&#8221; css=&#8221;&#8221;][\/vc_column][\/vc_row][vc_section][vc_row][vc_column][\/vc_column][\/vc_row][vc_row][vc_column width=&#8221;1\/2&#8243;][vc_single_image image=&#8221;3125&#8243; img_size=&#8221;large&#8221; css=&#8221;&#8221;][\/vc_column][vc_column width=&#8221;1\/2&#8243;][vc_column_text css=&#8221;&#8221;]\u00cen perioada 20\u201322 februarie 2026, Palatul Culturii din T\u00e2rgu Mure\u0219 a g\u0103zduit conferin\u021ba multidisciplinar\u0103 a Funda\u021biei Sf\u00e2ntul Blaise, care a explorat perspectivele \u0219tiin\u021bifice, psihologice \u0219i&hellip;<\/p>\n","protected":false},"author":1,"featured_media":0,"parent":0,"menu_order":0,"comment_status":"closed","ping_status":"closed","template":"","meta":{"footnotes":""},"class_list":["post-3117","page","type-page","status-publish","hentry","description-off"],"_links":{"self":[{"href":"https:\/\/szentbalazs.ro\/ro\/wp-json\/wp\/v2\/pages\/3117","targetHints":{"allow":["GET"]}}],"collection":[{"href":"https:\/\/szentbalazs.ro\/ro\/wp-json\/wp\/v2\/pages"}],"about":[{"href":"https:\/\/szentbalazs.ro\/ro\/wp-json\/wp\/v2\/types\/page"}],"author":[{"embeddable":true,"href":"https:\/\/szentbalazs.ro\/ro\/wp-json\/wp\/v2\/users\/1"}],"replies":[{"embeddable":true,"href":"https:\/\/szentbalazs.ro\/ro\/wp-json\/wp\/v2\/comments?post=3117"}],"version-history":[{"count":2,"href":"https:\/\/szentbalazs.ro\/ro\/wp-json\/wp\/v2\/pages\/3117\/revisions"}],"predecessor-version":[{"id":3130,"href":"https:\/\/szentbalazs.ro\/ro\/wp-json\/wp\/v2\/pages\/3117\/revisions\/3130"}],"wp:attachment":[{"href":"https:\/\/szentbalazs.ro\/ro\/wp-json\/wp\/v2\/media?parent=3117"}],"curies":[{"name":"wp","href":"https:\/\/api.w.org\/{rel}","templated":true}]}}