{"id":2361,"date":"2025-09-18T10:11:26","date_gmt":"2025-09-18T08:11:26","guid":{"rendered":"https:\/\/szentbalazs.ro\/?page_id=2361"},"modified":"2025-09-18T11:11:36","modified_gmt":"2025-09-18T09:11:36","slug":"punct-de-sprijin","status":"publish","type":"page","link":"https:\/\/szentbalazs.ro\/ro\/punct-de-sprijin\/","title":{"rendered":"Punct de sprijin"},"content":{"rendered":"<div class=\"wpb-content-wrapper\"><p>[vc_row full_width=&#8221;stretch_row&#8221; content_placement=&#8221;middle&#8221; el_id=&#8221;innerHero&#8221; el_class=&#8221;row-hero-programs&#8221; css=&#8221;.vc_custom_1758183926107{background-image: url(https:\/\/szentbalazs.ro\/wp-content\/uploads\/2024\/08\/Rejtett_Dimenziok2024_IMG_0917_134.jpg?id=766) !important;background-position: center !important;background-repeat: no-repeat !important;background-size: cover !important;}&#8221;][vc_column][vc_custom_heading text=&#8221;Punct de sprijin&#8221; font_container=&#8221;tag:h2|text_align:center&#8221; use_theme_fonts=&#8221;yes&#8221; css=&#8221;&#8221;][\/vc_column][\/vc_row][vc_section full_width=&#8221;stretch_row&#8221; el_class=&#8221;bg-color-featured-3&#8243;][vc_row equal_height=&#8221;yes&#8221; content_placement=&#8221;middle&#8221;][vc_column width=&#8221;1\/2&#8243;][vc_single_image image=&#8221;899&#8243; img_size=&#8221;full&#8221; alignment=&#8221;center&#8221; css=&#8221;&#8221; image_hovers=&#8221;false&#8221; lazy_loading=&#8221;true&#8221;][\/vc_column][vc_column width=&#8221;1\/2&#8243;][vc_column_text css=&#8221;&#8221;]Ne \u00eemp\u0103rt\u0103\u0219im con\u021binuturile noastre de educa\u021bie pentru s\u0103n\u0103tate sub form\u0103 de materiale video educative pe canalele noastre de YouTube, unde oferim informa\u021bii u\u0219or accesibile \u0219i de \u00een\u021beles. \u00cen plus, particip\u0103m regulat la emisiuni radiofonice, unde abord\u0103m \u00eentr-un mod accesibil teme actuale din domeniul s\u0103n\u0103t\u0103\u021bii. Suntem prezen\u021bi \u0219i \u00een programele televiziunilor din Transilvania, astfel \u00eenc\u00e2t s\u0103 transmitem mesajul nostru c\u0103tre un public mai larg. Scopul nostru este s\u0103 oferim cuno\u0219tin\u021be autentice \u0219i actualizate, care s\u0103 sprijine men\u021binerea con\u0219tient\u0103 a s\u0103n\u0103t\u0103\u021bii \u00een via\u021ba de zi cu zi. Astfel, contribuim la faptul ca tot mai mul\u021bi oameni s\u0103 fac\u0103 pa\u0219i \u00een favoarea s\u0103n\u0103t\u0103\u021bii lor.[\/vc_column_text][\/vc_column][\/vc_row][\/vc_section][vc_section][vc_row el_class=&#8221;row-inner-program&#8221;][vc_column width=&#8221;1\/2&#8243;][vc_column_text css=&#8221;&#8221;]<\/p>\n<p data-start=\"32\" data-end=\"186\">Seria noastr\u0103 de videoclipuri <strong data-start=\"62\" data-end=\"79\">\u201eBiztos Pont\u201d<\/strong> abordeaz\u0103, al\u0103turi de speciali\u0219ti renumi\u021bi, miturile \u0219i realit\u0103\u021bile medicale legate de diferite domenii.<\/p>\n<p data-start=\"188\" data-end=\"257\">Videoclipurile pot fi vizionate pe canalul de YouTube al funda\u021biei:<\/p>\n<p data-start=\"188\" data-end=\"257\"><style type=\"text\/css\" data-type=\"the7_shortcodes-inline-css\">#default-btn-d659173fb5602087fcff454696087989.ico-right-side > i {\n  margin-right: 0px;\n  margin-left: 8px;\n}\n#default-btn-d659173fb5602087fcff454696087989 > i {\n  margin-right: 8px;\n}\n<\/style><a href=\"https:\/\/www.youtube.com\/@szentbalazsalapitvany2782\" class=\"default-btn-shortcode dt-btn dt-btn-m link-hover-off btn-inline-left \" target=\"_blank\" id=\"default-btn-d659173fb5602087fcff454696087989\" rel=\"nofollow\"><span>YouTube<\/span><\/a><\/p>\n<p>[\/vc_column_text][\/vc_column][vc_column width=&#8221;1\/2&#8243;][vc_single_image image=&#8221;2305&#8243; img_size=&#8221;large&#8221; css=&#8221;&#8221;][\/vc_column][\/vc_row][\/vc_section]<\/p>\n<\/div>","protected":false},"excerpt":{"rendered":"<p>[vc_row full_width=&#8221;stretch_row&#8221; content_placement=&#8221;middle&#8221; el_id=&#8221;innerHero&#8221; el_class=&#8221;row-hero-programs&#8221; css=&#8221;.vc_custom_1758183926107{background-image: url(https:\/\/szentbalazs.ro\/wp-content\/uploads\/2024\/08\/Rejtett_Dimenziok2024_IMG_0917_134.jpg?id=766) !important;background-position: center !important;background-repeat: no-repeat !important;background-size: cover !important;}&#8221;][vc_column][vc_custom_heading text=&#8221;Punct de sprijin&#8221; font_container=&#8221;tag:h2|text_align:center&#8221; use_theme_fonts=&#8221;yes&#8221; css=&#8221;&#8221;][\/vc_column][\/vc_row][vc_section full_width=&#8221;stretch_row&#8221; el_class=&#8221;bg-color-featured-3&#8243;][vc_row equal_height=&#8221;yes&#8221; content_placement=&#8221;middle&#8221;][vc_column width=&#8221;1\/2&#8243;][vc_single_image image=&#8221;899&#8243; img_size=&#8221;full&#8221; alignment=&#8221;center&#8221; css=&#8221;&#8221; image_hovers=&#8221;false&#8221; lazy_loading=&#8221;true&#8221;][\/vc_column][vc_column width=&#8221;1\/2&#8243;][vc_column_text css=&#8221;&#8221;]Ne \u00eemp\u0103rt\u0103\u0219im con\u021binuturile noastre de educa\u021bie pentru s\u0103n\u0103tate sub form\u0103 de materiale video educative pe canalele noastre de YouTube, unde oferim informa\u021bii u\u0219or&hellip;<\/p>\n","protected":false},"author":1,"featured_media":0,"parent":0,"menu_order":0,"comment_status":"closed","ping_status":"closed","template":"","meta":{"footnotes":""},"class_list":["post-2361","page","type-page","status-publish","hentry","description-off"],"_links":{"self":[{"href":"https:\/\/szentbalazs.ro\/ro\/wp-json\/wp\/v2\/pages\/2361","targetHints":{"allow":["GET"]}}],"collection":[{"href":"https:\/\/szentbalazs.ro\/ro\/wp-json\/wp\/v2\/pages"}],"about":[{"href":"https:\/\/szentbalazs.ro\/ro\/wp-json\/wp\/v2\/types\/page"}],"author":[{"embeddable":true,"href":"https:\/\/szentbalazs.ro\/ro\/wp-json\/wp\/v2\/users\/1"}],"replies":[{"embeddable":true,"href":"https:\/\/szentbalazs.ro\/ro\/wp-json\/wp\/v2\/comments?post=2361"}],"version-history":[{"count":6,"href":"https:\/\/szentbalazs.ro\/ro\/wp-json\/wp\/v2\/pages\/2361\/revisions"}],"predecessor-version":[{"id":2777,"href":"https:\/\/szentbalazs.ro\/ro\/wp-json\/wp\/v2\/pages\/2361\/revisions\/2777"}],"wp:attachment":[{"href":"https:\/\/szentbalazs.ro\/ro\/wp-json\/wp\/v2\/media?parent=2361"}],"curies":[{"name":"wp","href":"https:\/\/api.w.org\/{rel}","templated":true}]}}