{"id":2358,"date":"2025-09-18T11:13:05","date_gmt":"2025-09-18T09:13:05","guid":{"rendered":"https:\/\/szentbalazs.ro\/?page_id=2358"},"modified":"2025-09-18T11:34:41","modified_gmt":"2025-09-18T09:34:41","slug":"carti-de-povesti","status":"publish","type":"page","link":"https:\/\/szentbalazs.ro\/ro\/carti-de-povesti\/","title":{"rendered":"C\u0103r\u021bi de pove\u0219ti"},"content":{"rendered":"<div class=\"wpb-content-wrapper\"><p>[vc_row full_width=&#8221;stretch_row&#8221; content_placement=&#8221;middle&#8221; el_id=&#8221;innerHero&#8221; el_class=&#8221;row-hero-programs&#8221; css=&#8221;.vc_custom_1758186881896{background-image: url(https:\/\/szentbalazs.ro\/wp-content\/uploads\/2025\/07\/271953875_1307907343048176_4420456410903577324_n.jpg?id=2500) !important;background-position: center !important;background-repeat: no-repeat !important;background-size: cover !important;}&#8221;][vc_column][vc_custom_heading text=&#8221;C\u0103r\u021bi de pove\u0219ti&#8221; font_container=&#8221;tag:h2|text_align:center&#8221; use_theme_fonts=&#8221;yes&#8221; css=&#8221;&#8221;][\/vc_column][\/vc_row][vc_section full_width=&#8221;stretch_row&#8221; el_class=&#8221;bg-color-featured-3&#8243;][vc_row equal_height=&#8221;yes&#8221; content_placement=&#8221;middle&#8221;][vc_column width=&#8221;1\/2&#8243;][vc_single_image image=&#8221;2308&#8243; img_size=&#8221;full&#8221; alignment=&#8221;center&#8221; css=&#8221;&#8221; image_hovers=&#8221;false&#8221; lazy_loading=&#8221;true&#8221;][\/vc_column][vc_column width=&#8221;1\/2&#8243;][vc_column_text css=&#8221;&#8221;]Datorit\u0103 voluntarilor Funda\u021biei Sf\u00e2ntul Blaziu \u0219i elevilor activi \u00een clubul de desen al Liceului Teoretic Bolyai Farkas, funda\u021bia se poate m\u00e2ndri cu dou\u0103 c\u0103r\u021bi de pove\u0219ti cu tematic\u0103 de preven\u021bie, de care se bucur\u0103 elevii din 35 de clase primare din T\u00e2rgu Mure\u0219 \u0219i din satele \u00eenvecinate.[\/vc_column_text][\/vc_column][\/vc_row][\/vc_section][vc_section full_width=&#8221;stretch_row&#8221; el_class=&#8221;bg-color-featured-3&#8243;][vc_row][vc_column width=&#8221;1\/2&#8243;][vc_column_text css=&#8221;&#8221;]\u00cenv\u0103\u021b\u0103toarea F\u00fcl\u00f6p T\u00fcnde scrie astfel despre cel de-al doilea volum:<br data-start=\"104\" data-end=\"107\" \/>\u201eAceast\u0103 colec\u021bie de pove\u0219ti ofer\u0103 un fel de ghid \u0219i idei cu privire la cele mai frecvente surse de probleme. Cu ce s\u0103 se joace? Cum s\u0103-l l\u0103ud\u0103m corect? Cum s\u0103 explic\u0103m lucrurile astfel \u00eenc\u00e2t s\u0103 nu dep\u0103\u0219easc\u0103 \u00een\u021belegerea copilului, dar nici s\u0103 nu fie o realitate distorsionat\u0103? Aceast\u0103 carte ofer\u0103 sfaturi concrete, juc\u0103u\u0219e \u0219i practice pentru p\u0103rin\u021bi \u0219i pedagogi. Ea eviden\u021biaz\u0103 leg\u0103turile \u0219i importan\u021ba \u201eritualurilor\u201d zilnice, precum \u0219i rolul de \u201esupap\u0103\u201d al conversa\u021biilor dintre copil \u0219i p\u0103rinte. Cu \u00een\u021belegere \u0219i creativitate, conduce cititorul (at\u00e2t copilul, c\u00e2t \u0219i adultul) prin cele mai frecvente surse de probleme.\u201d[\/vc_column_text][\/vc_column][vc_column width=&#8221;1\/2&#8243;][vc_single_image image=&#8221;2369&#8243; img_size=&#8221;large&#8221; css=&#8221;&#8221;][\/vc_column][\/vc_row][\/vc_section]<\/p>\n<\/div>","protected":false},"excerpt":{"rendered":"<p>[vc_row full_width=&#8221;stretch_row&#8221; content_placement=&#8221;middle&#8221; el_id=&#8221;innerHero&#8221; el_class=&#8221;row-hero-programs&#8221; css=&#8221;.vc_custom_1758186881896{background-image: url(https:\/\/szentbalazs.ro\/wp-content\/uploads\/2025\/07\/271953875_1307907343048176_4420456410903577324_n.jpg?id=2500) !important;background-position: center !important;background-repeat: no-repeat !important;background-size: cover !important;}&#8221;][vc_column][vc_custom_heading text=&#8221;C\u0103r\u021bi de pove\u0219ti&#8221; font_container=&#8221;tag:h2|text_align:center&#8221; use_theme_fonts=&#8221;yes&#8221; css=&#8221;&#8221;][\/vc_column][\/vc_row][vc_section full_width=&#8221;stretch_row&#8221; el_class=&#8221;bg-color-featured-3&#8243;][vc_row equal_height=&#8221;yes&#8221; content_placement=&#8221;middle&#8221;][vc_column width=&#8221;1\/2&#8243;][vc_single_image image=&#8221;2308&#8243; img_size=&#8221;full&#8221; alignment=&#8221;center&#8221; css=&#8221;&#8221; image_hovers=&#8221;false&#8221; lazy_loading=&#8221;true&#8221;][\/vc_column][vc_column width=&#8221;1\/2&#8243;][vc_column_text css=&#8221;&#8221;]Datorit\u0103 voluntarilor Funda\u021biei Sf\u00e2ntul Blaziu \u0219i elevilor activi \u00een clubul de desen al Liceului Teoretic Bolyai Farkas, funda\u021bia se poate m\u00e2ndri cu dou\u0103&hellip;<\/p>\n","protected":false},"author":1,"featured_media":0,"parent":0,"menu_order":0,"comment_status":"closed","ping_status":"closed","template":"","meta":{"footnotes":""},"class_list":["post-2358","page","type-page","status-publish","hentry","description-off"],"_links":{"self":[{"href":"https:\/\/szentbalazs.ro\/ro\/wp-json\/wp\/v2\/pages\/2358","targetHints":{"allow":["GET"]}}],"collection":[{"href":"https:\/\/szentbalazs.ro\/ro\/wp-json\/wp\/v2\/pages"}],"about":[{"href":"https:\/\/szentbalazs.ro\/ro\/wp-json\/wp\/v2\/types\/page"}],"author":[{"embeddable":true,"href":"https:\/\/szentbalazs.ro\/ro\/wp-json\/wp\/v2\/users\/1"}],"replies":[{"embeddable":true,"href":"https:\/\/szentbalazs.ro\/ro\/wp-json\/wp\/v2\/comments?post=2358"}],"version-history":[{"count":4,"href":"https:\/\/szentbalazs.ro\/ro\/wp-json\/wp\/v2\/pages\/2358\/revisions"}],"predecessor-version":[{"id":2791,"href":"https:\/\/szentbalazs.ro\/ro\/wp-json\/wp\/v2\/pages\/2358\/revisions\/2791"}],"wp:attachment":[{"href":"https:\/\/szentbalazs.ro\/ro\/wp-json\/wp\/v2\/media?parent=2358"}],"curies":[{"name":"wp","href":"https:\/\/api.w.org\/{rel}","templated":true}]}}