{"id":2350,"date":"2025-09-19T10:51:42","date_gmt":"2025-09-19T08:51:42","guid":{"rendered":"https:\/\/szentbalazs.ro\/?page_id=2350"},"modified":"2025-09-19T10:52:06","modified_gmt":"2025-09-19T08:52:06","slug":"preventie-in-sanatate","status":"publish","type":"page","link":"https:\/\/szentbalazs.ro\/ro\/preventie-in-sanatate\/","title":{"rendered":"Preven\u021bie \u00een s\u0103n\u0103tate"},"content":{"rendered":"<div class=\"wpb-content-wrapper\"><p>[vc_row full_width=&#8221;stretch_row&#8221; content_placement=&#8221;middle&#8221; el_id=&#8221;innerHero&#8221; el_class=&#8221;row-hero-programs&#8221; css=&#8221;.vc_custom_1758271376296{background-image: url(https:\/\/szentbalazs.ro\/wp-content\/uploads\/2025\/07\/IMG_2853-scaled.jpg?id=2453) !important;background-position: center !important;background-repeat: no-repeat !important;background-size: cover !important;}&#8221;][vc_column][vc_custom_heading text=&#8221;Preven\u021bie \u00een s\u0103n\u0103tate&#8221; font_container=&#8221;tag:h2|text_align:center&#8221; use_theme_fonts=&#8221;yes&#8221; css=&#8221;&#8221;][\/vc_column][\/vc_row][vc_section full_width=&#8221;stretch_row&#8221; el_class=&#8221;bg-color-featured-3&#8243;][vc_row equal_height=&#8221;yes&#8221; content_placement=&#8221;middle&#8221;][vc_column width=&#8221;1\/2&#8243;][vc_single_image image=&#8221;2450&#8243; img_size=&#8221;full&#8221; alignment=&#8221;center&#8221; css=&#8221;&#8221; image_hovers=&#8221;false&#8221; lazy_loading=&#8221;true&#8221;][\/vc_column][vc_column width=&#8221;1\/2&#8243;][vc_column_text css=&#8221;&#8221;]<\/p>\n<p data-start=\"545\" data-end=\"998\">\u00cen programul nostru de preven\u021bie \u00een s\u0103n\u0103tate, studen\u021bi la medicin\u0103 \u0219i la alte domenii din domeniul s\u0103n\u0103t\u0103\u021bii sus\u021bin ore interactive \u00een \u0219colile din T\u00e2rgu Mure\u0219, pe teme precum stil de via\u021b\u0103 s\u0103n\u0103tos, educa\u021bie sexual\u0103, prevenirea consumului de droguri \u0219i resuscitare. Conform experien\u021bei noastre, studen\u021bii \u2013 fiind mai apropia\u021bi ca v\u00e2rst\u0103 de elevi \u2013 reu\u0219esc s\u0103 \u00eei abordeze mai credibil, ceea ce face ca programul s\u0103 fie deosebit de eficient.<\/p>\n<p data-start=\"1000\" data-end=\"1149\">Rezultatele de p\u00e2n\u0103 acum ale programului:<br data-start=\"1041\" data-end=\"1044\" \/>\u2022 457 voluntari instrui\u021bi<br data-start=\"1069\" data-end=\"1072\" \/>\u2022 129 voluntari activi<br data-start=\"1094\" data-end=\"1097\" \/>\u2022 457 ore de preven\u021bie<br data-start=\"1119\" data-end=\"1122\" \/>\u2022 5600 de elevi implica\u021bi<\/p>\n<p>[\/vc_column_text][\/vc_column][\/vc_row][\/vc_section][vc_section][vc_row el_class=&#8221;row-inner-program&#8221;][vc_column width=&#8221;1\/2&#8243;][vc_column_text css=&#8221;&#8221;]<\/p>\n<h5 data-start=\"1050\" data-end=\"1264\"><span style=\"color: #17b4a9;\"><strong data-start=\"1050\" data-end=\"1075\">stil de via\u021b\u0103 s\u0103n\u0103tos<\/strong><\/span><\/h5>\n<p data-start=\"1050\" data-end=\"1264\">Discu\u021biile \u0219i activit\u0103\u021bile despre alimenta\u021bia s\u0103n\u0103toas\u0103, importan\u021ba exerci\u021biului fizic \u0219i obiceiurile nes\u0103n\u0103toase ajut\u0103 elevii s\u0103 \u00ee\u0219i reevalueze opiniile legate de stilul lor de via\u021b\u0103.<\/p>\n<p data-start=\"1266\" data-end=\"1298\">Ei au ocazia s\u0103 \u00eenve\u021be despre:<\/p>\n<ul data-start=\"1299\" data-end=\"1675\">\n<li data-start=\"1299\" data-end=\"1354\">\n<p data-start=\"1301\" data-end=\"1354\">alimenta\u021bia s\u0103n\u0103toas\u0103 \u0219i miturile legate de aceasta<\/p>\n<\/li>\n<li data-start=\"1355\" data-end=\"1403\">\n<p data-start=\"1357\" data-end=\"1403\">factorii care influen\u021beaz\u0103 senza\u021bia de foame<\/p>\n<\/li>\n<li data-start=\"1404\" data-end=\"1465\">\n<p data-start=\"1406\" data-end=\"1465\">fundalul psihologic \u0219i social al obiceiurilor nes\u0103n\u0103toase<\/p>\n<\/li>\n<li data-start=\"1466\" data-end=\"1527\">\n<p data-start=\"1468\" data-end=\"1527\">importan\u021ba unei cantit\u0103\u021bi \u0219i calit\u0103\u021bi adecvate a somnului<\/p>\n<\/li>\n<li data-start=\"1528\" data-end=\"1553\">\n<p data-start=\"1530\" data-end=\"1553\">importan\u021ba hidrat\u0103rii<\/p>\n<\/li>\n<li data-start=\"1554\" data-end=\"1603\">\n<p data-start=\"1556\" data-end=\"1603\">semnifica\u021bia unei imagini corporale s\u0103n\u0103toase<\/p>\n<\/li>\n<li data-start=\"1604\" data-end=\"1675\">\n<p data-start=\"1606\" data-end=\"1675\">pericolele dietelor la mod\u0103 care promit pierdere rapid\u0103 \u00een greutate<\/p>\n<\/li>\n<\/ul>\n<h5 data-start=\"1677\" data-end=\"1853\"><\/h5>\n<h5 data-start=\"1677\" data-end=\"1853\"><span style=\"color: #17b4a9;\"><strong data-start=\"1677\" data-end=\"1713\">prevenirea consumului de droguri<\/strong><\/span><\/h5>\n<p data-start=\"1677\" data-end=\"1853\">O sesiune interactiv\u0103 care eviden\u021biaz\u0103 efectele drogurilor ilegale asupra corpului tinerilor, rela\u021biilor lor sociale \u0219i viitorului lor.<\/p>\n<p data-start=\"1855\" data-end=\"2060\">\u00cempreun\u0103 dorim s\u0103 identific\u0103m cauzele individuale, comunitare \u0219i sociale ale consumului \u0219i s\u0103 descoperim factorii de risc \u0219i protec\u021bie care joac\u0103 un rol decisiv \u00een dezvoltarea sau prevenirea dependen\u021bei.<\/p>\n<p>[\/vc_column_text][\/vc_column][vc_column width=&#8221;1\/2&#8243;][vc_column_text css=&#8221;&#8221;]<\/p>\n<h5 data-start=\"936\" data-end=\"1247\"><span style=\"color: #17b4a9;\">educa\u021bie sexual\u0103<\/span><\/h5>\n<p data-start=\"936\" data-end=\"1247\"><br data-start=\"956\" data-end=\"959\" \/>Oferim elevilor oportunitatea de a dob\u00e2ndi cuno\u0219tin\u021be fiabile despre schimb\u0103rile din perioada adolescen\u021bei, sexualitate, igiena intim\u0103, diferite boli cu transmitere sexual\u0103 \u0219i metodele de protec\u021bie, avort \u0219i posibilele sale consecin\u021be, precum \u0219i de a-\u0219i revizui cuno\u0219tin\u021bele anterioare.<\/p>\n<p data-start=\"1249\" data-end=\"1375\">Dorim ca, ca urmare a educa\u021biei, tinerii s\u0103 abordeze acest subiect mai responsabil, av\u00e2nd grij\u0103 de ei \u00een\u0219i\u0219i \u0219i de ceilal\u021bi.<\/p>\n<h5 data-start=\"1377\" data-end=\"1596\"><span style=\"color: #17b4a9;\">resuscitare de baz\u0103<\/span><\/h5>\n<p data-start=\"1377\" data-end=\"1596\"><br data-start=\"1400\" data-end=\"1403\" \/>Scopul nostru este ca, prin \u00eenv\u0103\u021barea \u00eentre colegi, elevii de liceu s\u0103 dob\u00e2ndeasc\u0103 cuno\u0219tin\u021bele \u0219i abilit\u0103\u021bile necesare resuscit\u0103rii, astfel \u00eenc\u00e2t s\u0103 poat\u0103 salva vie\u021bi \u00een situa\u021bii de urgen\u021b\u0103.<\/p>\n<p data-start=\"1598\" data-end=\"1829\">Punctul forte al programului nostru este c\u0103, dup\u0103 predarea teoretic\u0103 (evaluarea loca\u021biei, verificarea respira\u021biei, respira\u021bie gura-la-gur\u0103, compresii toracice, utilizarea AED), elevii exerseaz\u0103 pa\u0219ii resuscit\u0103rii \u00een grupuri mici.<\/p>\n<p>[\/vc_column_text][\/vc_column][\/vc_row][\/vc_section]<\/p>\n<\/div>","protected":false},"excerpt":{"rendered":"<p>[vc_row full_width=&#8221;stretch_row&#8221; content_placement=&#8221;middle&#8221; el_id=&#8221;innerHero&#8221; el_class=&#8221;row-hero-programs&#8221; css=&#8221;.vc_custom_1758271376296{background-image: url(https:\/\/szentbalazs.ro\/wp-content\/uploads\/2025\/07\/IMG_2853-scaled.jpg?id=2453) !important;background-position: center !important;background-repeat: no-repeat !important;background-size: cover !important;}&#8221;][vc_column][vc_custom_heading text=&#8221;Preven\u021bie \u00een s\u0103n\u0103tate&#8221; font_container=&#8221;tag:h2|text_align:center&#8221; use_theme_fonts=&#8221;yes&#8221; css=&#8221;&#8221;][\/vc_column][\/vc_row][vc_section full_width=&#8221;stretch_row&#8221; el_class=&#8221;bg-color-featured-3&#8243;][vc_row equal_height=&#8221;yes&#8221; content_placement=&#8221;middle&#8221;][vc_column width=&#8221;1\/2&#8243;][vc_single_image image=&#8221;2450&#8243; img_size=&#8221;full&#8221; alignment=&#8221;center&#8221; css=&#8221;&#8221; image_hovers=&#8221;false&#8221; lazy_loading=&#8221;true&#8221;][\/vc_column][vc_column width=&#8221;1\/2&#8243;][vc_column_text css=&#8221;&#8221;] \u00cen programul nostru de preven\u021bie \u00een s\u0103n\u0103tate, studen\u021bi la medicin\u0103 \u0219i la alte domenii din domeniul s\u0103n\u0103t\u0103\u021bii sus\u021bin ore interactive \u00een \u0219colile&hellip;<\/p>\n","protected":false},"author":1,"featured_media":0,"parent":0,"menu_order":0,"comment_status":"closed","ping_status":"closed","template":"","meta":{"footnotes":""},"class_list":["post-2350","page","type-page","status-publish","hentry","description-off"],"_links":{"self":[{"href":"https:\/\/szentbalazs.ro\/ro\/wp-json\/wp\/v2\/pages\/2350","targetHints":{"allow":["GET"]}}],"collection":[{"href":"https:\/\/szentbalazs.ro\/ro\/wp-json\/wp\/v2\/pages"}],"about":[{"href":"https:\/\/szentbalazs.ro\/ro\/wp-json\/wp\/v2\/types\/page"}],"author":[{"embeddable":true,"href":"https:\/\/szentbalazs.ro\/ro\/wp-json\/wp\/v2\/users\/1"}],"replies":[{"embeddable":true,"href":"https:\/\/szentbalazs.ro\/ro\/wp-json\/wp\/v2\/comments?post=2350"}],"version-history":[{"count":2,"href":"https:\/\/szentbalazs.ro\/ro\/wp-json\/wp\/v2\/pages\/2350\/revisions"}],"predecessor-version":[{"id":2823,"href":"https:\/\/szentbalazs.ro\/ro\/wp-json\/wp\/v2\/pages\/2350\/revisions\/2823"}],"wp:attachment":[{"href":"https:\/\/szentbalazs.ro\/ro\/wp-json\/wp\/v2\/media?parent=2350"}],"curies":[{"name":"wp","href":"https:\/\/api.w.org\/{rel}","templated":true}]}}