{"id":2338,"date":"2025-12-17T10:15:39","date_gmt":"2025-12-17T09:15:39","guid":{"rendered":"https:\/\/szentbalazs.ro\/?page_id=2338"},"modified":"2025-12-17T10:15:39","modified_gmt":"2025-12-17T09:15:39","slug":"medit","status":"publish","type":"page","link":"https:\/\/szentbalazs.ro\/ro\/medit\/","title":{"rendered":"MEDiT"},"content":{"rendered":"<div class=\"wpb-content-wrapper\"><p>[vc_row full_width=&#8221;stretch_row&#8221; content_placement=&#8221;middle&#8221; el_id=&#8221;innerHero&#8221; el_class=&#8221;row-hero-programs&#8221; css=&#8221;.vc_custom_1765962509713{background-image: url(https:\/\/szentbalazs.ro\/wp-content\/uploads\/2025\/07\/IMG_5954-3-scaled.jpg?id=2445) !important;background-position: center !important;background-repeat: no-repeat !important;background-size: cover !important;}&#8221;][vc_column][vc_custom_heading text=&#8221;MEDiT&#8221; font_container=&#8221;tag:h2|text_align:center&#8221; use_theme_fonts=&#8221;yes&#8221; css=&#8221;&#8221;][\/vc_column][\/vc_row][vc_section full_width=&#8221;stretch_row&#8221; el_class=&#8221;bg-color-featured-1&#8243;][vc_row equal_height=&#8221;yes&#8221; content_placement=&#8221;middle&#8221;][vc_column width=&#8221;1\/2&#8243;][vc_single_image image=&#8221;2598&#8243; img_size=&#8221;large&#8221; css=&#8221;&#8221;][\/vc_column][vc_column width=&#8221;1\/2&#8243;][vc_column_text css=&#8221;&#8221;]\u00cent\u00e2lnirea de Diabetologie din Transilvania este organizat\u0103 anual, de obicei \u00eentr-o loca\u021bie care ofer\u0103 posibilit\u0103\u021bi de relaxare \u0219i recreere. Evenimentul are dou\u0103 obiective principale: formarea profesional\u0103 continu\u0103 \u0219i prezentarea nout\u0103\u021bilor din domeniul diabetului \u0219i al \u00eengrijirii persoanelor cu diabet, precum \u0219i, la fel de important, consolidarea rela\u021biilor profesionale \u0219i de prietenie, oferind cadrul pentru discu\u021bii mai directe \u0219i informale. Este de subliniat faptul c\u0103 aceast\u0103 conferin\u021b\u0103 nu se adreseaz\u0103 exclusiv diabetologilor, \u00een fiecare an fiind prezen\u021bi \u0219i colegi din alte specialit\u0103\u021bi medicale.[\/vc_column_text][\/vc_column][\/vc_row][\/vc_section][vc_section][vc_row][vc_column][\/vc_column][\/vc_row][vc_row][vc_column width=&#8221;1\/2&#8243;][vc_column_text css=&#8221;&#8221;]<\/p>\n<p data-start=\"28\" data-end=\"57\"><strong data-start=\"28\" data-end=\"57\">\u00cent\u00e2lnirile de p\u00e2n\u0103 acum:<\/strong><\/p>\n<ul>\n<li data-start=\"140\" data-end=\"176\">\n<p data-start=\"142\" data-end=\"176\"><a href=\"https:\/\/szentbalazs.ro\/ro\/medit-v\/\">2025 \u2013 MEDIT V \u2013 A cincea edi\u021bie<\/a><\/p>\n<\/li>\n<li data-start=\"177\" data-end=\"213\">\n<p data-start=\"179\" data-end=\"213\"><a href=\"https:\/\/szentbalazs.ro\/ro\/medit-iv\/\">2024 \u2013 MEDIT IV \u2013 A patra edi\u021bie<\/a><\/p>\n<\/li>\n<li data-start=\"214\" data-end=\"251\">\n<p data-start=\"216\" data-end=\"251\"><a href=\"https:\/\/szentbalazs.ro\/ro\/medit-iii\/\">2023 \u2013 MEDIT III \u2013 A treia edi\u021bie<\/a><\/p>\n<\/li>\n<li data-start=\"252\" data-end=\"287\">\n<p data-start=\"254\" data-end=\"287\"><a href=\"https:\/\/szentbalazs.ro\/ro\/medit-ii\/\">2019 \u2013 MEDIT II \u2013 A doua edi\u021bie<\/a><\/p>\n<\/li>\n<li data-start=\"288\" data-end=\"319\">\n<p data-start=\"290\" data-end=\"319\"><a href=\"https:\/\/szentbalazs.ro\/ro\/medit-i\/\">2018 \u2013 MEDIT I \u2013 Prima edi\u021bie<\/a><\/p>\n<\/li>\n<\/ul>\n<p>[\/vc_column_text][\/vc_column][vc_column width=&#8221;1\/2&#8243;][vc_single_image image=&#8221;2043&#8243; img_size=&#8221;large&#8221; css=&#8221;&#8221;][\/vc_column][\/vc_row][\/vc_section]<\/p>\n<\/div>","protected":false},"excerpt":{"rendered":"<p>[vc_row full_width=&#8221;stretch_row&#8221; content_placement=&#8221;middle&#8221; el_id=&#8221;innerHero&#8221; el_class=&#8221;row-hero-programs&#8221; css=&#8221;.vc_custom_1765962509713{background-image: url(https:\/\/szentbalazs.ro\/wp-content\/uploads\/2025\/07\/IMG_5954-3-scaled.jpg?id=2445) !important;background-position: center !important;background-repeat: no-repeat !important;background-size: cover !important;}&#8221;][vc_column][vc_custom_heading text=&#8221;MEDiT&#8221; font_container=&#8221;tag:h2|text_align:center&#8221; use_theme_fonts=&#8221;yes&#8221; css=&#8221;&#8221;][\/vc_column][\/vc_row][vc_section full_width=&#8221;stretch_row&#8221; el_class=&#8221;bg-color-featured-1&#8243;][vc_row equal_height=&#8221;yes&#8221; content_placement=&#8221;middle&#8221;][vc_column width=&#8221;1\/2&#8243;][vc_single_image image=&#8221;2598&#8243; img_size=&#8221;large&#8221; css=&#8221;&#8221;][\/vc_column][vc_column width=&#8221;1\/2&#8243;][vc_column_text css=&#8221;&#8221;]\u00cent\u00e2lnirea de Diabetologie din Transilvania este organizat\u0103 anual, de obicei \u00eentr-o loca\u021bie care ofer\u0103 posibilit\u0103\u021bi de relaxare \u0219i recreere. Evenimentul are dou\u0103 obiective principale: formarea profesional\u0103 continu\u0103 \u0219i&hellip;<\/p>\n","protected":false},"author":1,"featured_media":0,"parent":0,"menu_order":0,"comment_status":"closed","ping_status":"closed","template":"","meta":{"footnotes":""},"class_list":["post-2338","page","type-page","status-publish","hentry","description-off"],"_links":{"self":[{"href":"https:\/\/szentbalazs.ro\/ro\/wp-json\/wp\/v2\/pages\/2338","targetHints":{"allow":["GET"]}}],"collection":[{"href":"https:\/\/szentbalazs.ro\/ro\/wp-json\/wp\/v2\/pages"}],"about":[{"href":"https:\/\/szentbalazs.ro\/ro\/wp-json\/wp\/v2\/types\/page"}],"author":[{"embeddable":true,"href":"https:\/\/szentbalazs.ro\/ro\/wp-json\/wp\/v2\/users\/1"}],"replies":[{"embeddable":true,"href":"https:\/\/szentbalazs.ro\/ro\/wp-json\/wp\/v2\/comments?post=2338"}],"version-history":[{"count":2,"href":"https:\/\/szentbalazs.ro\/ro\/wp-json\/wp\/v2\/pages\/2338\/revisions"}],"predecessor-version":[{"id":3020,"href":"https:\/\/szentbalazs.ro\/ro\/wp-json\/wp\/v2\/pages\/2338\/revisions\/3020"}],"wp:attachment":[{"href":"https:\/\/szentbalazs.ro\/ro\/wp-json\/wp\/v2\/media?parent=2338"}],"curies":[{"name":"wp","href":"https:\/\/api.w.org\/{rel}","templated":true}]}}