{"id":2325,"date":"2025-09-18T11:52:57","date_gmt":"2025-09-18T09:52:57","guid":{"rendered":"https:\/\/szentbalazs.ro\/?page_id=2325"},"modified":"2025-09-18T11:53:39","modified_gmt":"2025-09-18T09:53:39","slug":"festivaluri","status":"publish","type":"page","link":"https:\/\/szentbalazs.ro\/ro\/festivaluri\/","title":{"rendered":"Festivaluri"},"content":{"rendered":"<div class=\"wpb-content-wrapper\"><p>[vc_row full_width=&#8221;stretch_row&#8221; content_placement=&#8221;middle&#8221; el_id=&#8221;innerHero&#8221; el_class=&#8221;row-hero-programs&#8221; css=&#8221;.vc_custom_1758188977517{background-image: url(https:\/\/szentbalazs.ro\/wp-content\/uploads\/2025\/07\/458085180_1044690843722313_4245779680249174858_n.jpg?id=2622) !important;background-position: center !important;background-repeat: no-repeat !important;background-size: cover !important;}&#8221;][vc_column][vc_custom_heading text=&#8221;Festivaluri&#8221; font_container=&#8221;tag:h2|text_align:center&#8221; use_theme_fonts=&#8221;yes&#8221; css=&#8221;&#8221;][\/vc_column][\/vc_row][vc_section full_width=&#8221;stretch_row&#8221; el_class=&#8221;bg-color-featured-3&#8243;][vc_row equal_height=&#8221;yes&#8221; content_placement=&#8221;middle&#8221;][vc_column width=&#8221;1\/2&#8243;][vc_single_image image=&#8221;2314&#8243; img_size=&#8221;full&#8221; alignment=&#8221;center&#8221; css=&#8221;&#8221; image_hovers=&#8221;false&#8221; lazy_loading=&#8221;true&#8221;][\/vc_column][vc_column width=&#8221;1\/2&#8243;][vc_column_text css=&#8221;&#8221;]Funda\u021bia Sf\u00e2ntul Blaziu particip\u0103 activ la evenimente comunitare, festivaluri \u0219i t\u00e2rguri, unde promoveaz\u0103 un stil de via\u021b\u0103 s\u0103n\u0103tos \u0219i preven\u021bia prin programe interactive, activit\u0103\u021bi juc\u0103u\u0219e \u0219i informative. Scopul nostru este s\u0103 facem bazele men\u021binerii s\u0103n\u0103t\u0103\u021bii accesibile tuturor grupelor de v\u00e2rst\u0103, s\u0103 \u00eencuraj\u0103m un stil de via\u021b\u0103 con\u0219tient \u0219i s\u0103 consolid\u0103m coeziunea comunitar\u0103.[\/vc_column_text][\/vc_column][\/vc_row][\/vc_section][vc_section][vc_row el_class=&#8221;row-inner-program&#8221;][vc_column width=&#8221;1\/2&#8243;][vc_column_text css=&#8221;&#8221;]La evenimentele noastre, participan\u021bii \u00ee\u0219i pot extinde cuno\u0219tin\u021bele despre s\u0103n\u0103tate \u00eentr-un mod juc\u0103u\u0219, \u00ee\u0219i pot \u00eemp\u0103rt\u0103\u0219i experien\u021bele \u0219i primesc sfaturi practice pentru deciziile zilnice legate de un stil de via\u021b\u0103 s\u0103n\u0103tos. Programele noastre sprijin\u0103 motiva\u021bia personal\u0103 \u0219i formarea obiceiurilor pozitive, \u00een timp ce profesioni\u0219tii din domeniu \u0219i voluntarii dedica\u021bi sunt la dispozi\u021bia comunit\u0103\u021bii.[\/vc_column_text][\/vc_column][vc_column width=&#8221;1\/2&#8243;][vc_single_image image=&#8221;2505&#8243; img_size=&#8221;large&#8221; css=&#8221;&#8221;][\/vc_column][\/vc_row][\/vc_section]<\/p>\n<\/div>","protected":false},"excerpt":{"rendered":"<p>[vc_row full_width=&#8221;stretch_row&#8221; content_placement=&#8221;middle&#8221; el_id=&#8221;innerHero&#8221; el_class=&#8221;row-hero-programs&#8221; css=&#8221;.vc_custom_1758188977517{background-image: url(https:\/\/szentbalazs.ro\/wp-content\/uploads\/2025\/07\/458085180_1044690843722313_4245779680249174858_n.jpg?id=2622) !important;background-position: center !important;background-repeat: no-repeat !important;background-size: cover !important;}&#8221;][vc_column][vc_custom_heading text=&#8221;Festivaluri&#8221; font_container=&#8221;tag:h2|text_align:center&#8221; use_theme_fonts=&#8221;yes&#8221; css=&#8221;&#8221;][\/vc_column][\/vc_row][vc_section full_width=&#8221;stretch_row&#8221; el_class=&#8221;bg-color-featured-3&#8243;][vc_row equal_height=&#8221;yes&#8221; content_placement=&#8221;middle&#8221;][vc_column width=&#8221;1\/2&#8243;][vc_single_image image=&#8221;2314&#8243; img_size=&#8221;full&#8221; alignment=&#8221;center&#8221; css=&#8221;&#8221; image_hovers=&#8221;false&#8221; lazy_loading=&#8221;true&#8221;][\/vc_column][vc_column width=&#8221;1\/2&#8243;][vc_column_text css=&#8221;&#8221;]Funda\u021bia Sf\u00e2ntul Blaziu particip\u0103 activ la evenimente comunitare, festivaluri \u0219i t\u00e2rguri, unde promoveaz\u0103 un stil de via\u021b\u0103 s\u0103n\u0103tos \u0219i preven\u021bia prin programe interactive, activit\u0103\u021bi juc\u0103u\u0219e&hellip;<\/p>\n","protected":false},"author":1,"featured_media":0,"parent":0,"menu_order":0,"comment_status":"closed","ping_status":"closed","template":"","meta":{"footnotes":""},"class_list":["post-2325","page","type-page","status-publish","hentry","description-off"],"_links":{"self":[{"href":"https:\/\/szentbalazs.ro\/ro\/wp-json\/wp\/v2\/pages\/2325","targetHints":{"allow":["GET"]}}],"collection":[{"href":"https:\/\/szentbalazs.ro\/ro\/wp-json\/wp\/v2\/pages"}],"about":[{"href":"https:\/\/szentbalazs.ro\/ro\/wp-json\/wp\/v2\/types\/page"}],"author":[{"embeddable":true,"href":"https:\/\/szentbalazs.ro\/ro\/wp-json\/wp\/v2\/users\/1"}],"replies":[{"embeddable":true,"href":"https:\/\/szentbalazs.ro\/ro\/wp-json\/wp\/v2\/comments?post=2325"}],"version-history":[{"count":2,"href":"https:\/\/szentbalazs.ro\/ro\/wp-json\/wp\/v2\/pages\/2325\/revisions"}],"predecessor-version":[{"id":2797,"href":"https:\/\/szentbalazs.ro\/ro\/wp-json\/wp\/v2\/pages\/2325\/revisions\/2797"}],"wp:attachment":[{"href":"https:\/\/szentbalazs.ro\/ro\/wp-json\/wp\/v2\/media?parent=2325"}],"curies":[{"name":"wp","href":"https:\/\/api.w.org\/{rel}","templated":true}]}}