{"id":2320,"date":"2025-09-18T12:23:00","date_gmt":"2025-09-18T10:23:00","guid":{"rendered":"https:\/\/szentbalazs.ro\/?page_id=2320"},"modified":"2025-09-18T12:23:00","modified_gmt":"2025-09-18T10:23:00","slug":"cursuri","status":"publish","type":"page","link":"https:\/\/szentbalazs.ro\/ro\/cursuri\/","title":{"rendered":"Cursuri"},"content":{"rendered":"<div class=\"wpb-content-wrapper\"><p>[vc_row full_width=&#8221;stretch_row&#8221; content_placement=&#8221;middle&#8221; el_id=&#8221;innerHero&#8221; el_class=&#8221;row-hero-programs&#8221; css=&#8221;.vc_custom_1758190523441{background-image: url(https:\/\/szentbalazs.ro\/wp-content\/uploads\/2025\/07\/BPZ_2975-scaled.jpg?id=2715) !important;background-position: center !important;background-repeat: no-repeat !important;background-size: cover !important;}&#8221;][vc_column][vc_custom_heading text=&#8221;Cursuri&#8221; font_container=&#8221;tag:h2|text_align:center&#8221; use_theme_fonts=&#8221;yes&#8221; css=&#8221;&#8221;][\/vc_column][\/vc_row][vc_section full_width=&#8221;stretch_row&#8221; el_class=&#8221;bg-color-featured-1&#8243;][vc_row equal_height=&#8221;yes&#8221; content_placement=&#8221;middle&#8221;][vc_column width=&#8221;1\/2&#8243;][vc_single_image image=&#8221;2290&#8243; img_size=&#8221;large&#8221; css=&#8221;&#8221;][\/vc_column][vc_column width=&#8221;1\/2&#8243;][vc_column_text css=&#8221;&#8221;]<\/p>\n<p data-start=\"42\" data-end=\"318\">Misiunea Funda\u021biei Sf\u00e2ntul Blaziu este men\u021binerea s\u0103n\u0103t\u0103\u021bii \u0219i educa\u021bia pentru s\u0103n\u0103tate, realizate prin formarea continu\u0103 a medicilor \u0219i prin abordarea holistic\u0103 a pacien\u021bilor. Printr-o viziune cre\u0219tin\u0103, r\u0103spundem lacunelor informa\u021bionale \u0219i infrastructurale ale sistemului de s\u0103n\u0103tate, pun\u00e2nd accent pe sprijinirea unui serviciu de calitate oferit de profesioni\u0219tii din domeniul medical.<\/p>\n<p>[\/vc_column_text][\/vc_column][\/vc_row][\/vc_section][vc_section][vc_row][vc_column width=&#8221;1\/2&#8243;][vc_column_text css=&#8221;&#8221;]<\/p>\n<p data-start=\"21\" data-end=\"107\">\u00cen ultimii ani, am organizat cursuri\/workshopuri pe urm\u0103toarele teme:<\/p>\n<ul data-start=\"109\" data-end=\"261\">\n<li data-start=\"109\" data-end=\"133\">\n<p data-start=\"111\" data-end=\"133\">comunicarea medical\u0103<\/p>\n<\/li>\n<li data-start=\"134\" data-end=\"167\">\n<p data-start=\"136\" data-end=\"167\">transmiterea ve\u0219tilor proaste<\/p>\n<\/li>\n<li data-start=\"168\" data-end=\"261\">\n<p data-start=\"170\" data-end=\"261\">practica interven\u021biilor psihologice cu intensitate sc\u0103zut\u0103 \u00een domeniul \u00eengrijirii cronice<\/p>\n<\/li>\n<\/ul>\n<p>[\/vc_column_text][\/vc_column][vc_column width=&#8221;1\/2&#8243;][vc_single_image image=&#8221;2343&#8243; img_size=&#8221;large&#8221; css=&#8221;&#8221;][\/vc_column][\/vc_row][\/vc_section]<\/p>\n<\/div>","protected":false},"excerpt":{"rendered":"<p>[vc_row full_width=&#8221;stretch_row&#8221; content_placement=&#8221;middle&#8221; el_id=&#8221;innerHero&#8221; el_class=&#8221;row-hero-programs&#8221; css=&#8221;.vc_custom_1758190523441{background-image: url(https:\/\/szentbalazs.ro\/wp-content\/uploads\/2025\/07\/BPZ_2975-scaled.jpg?id=2715) !important;background-position: center !important;background-repeat: no-repeat !important;background-size: cover !important;}&#8221;][vc_column][vc_custom_heading text=&#8221;Cursuri&#8221; font_container=&#8221;tag:h2|text_align:center&#8221; use_theme_fonts=&#8221;yes&#8221; css=&#8221;&#8221;][\/vc_column][\/vc_row][vc_section full_width=&#8221;stretch_row&#8221; el_class=&#8221;bg-color-featured-1&#8243;][vc_row equal_height=&#8221;yes&#8221; content_placement=&#8221;middle&#8221;][vc_column width=&#8221;1\/2&#8243;][vc_single_image image=&#8221;2290&#8243; img_size=&#8221;large&#8221; css=&#8221;&#8221;][\/vc_column][vc_column width=&#8221;1\/2&#8243;][vc_column_text css=&#8221;&#8221;] Misiunea Funda\u021biei Sf\u00e2ntul Blaziu este men\u021binerea s\u0103n\u0103t\u0103\u021bii \u0219i educa\u021bia pentru s\u0103n\u0103tate, realizate prin formarea continu\u0103 a medicilor \u0219i prin abordarea holistic\u0103 a pacien\u021bilor. Printr-o viziune cre\u0219tin\u0103, r\u0103spundem&hellip;<\/p>\n","protected":false},"author":1,"featured_media":0,"parent":0,"menu_order":0,"comment_status":"closed","ping_status":"closed","template":"","meta":{"footnotes":""},"class_list":["post-2320","page","type-page","status-publish","hentry","description-off"],"_links":{"self":[{"href":"https:\/\/szentbalazs.ro\/ro\/wp-json\/wp\/v2\/pages\/2320","targetHints":{"allow":["GET"]}}],"collection":[{"href":"https:\/\/szentbalazs.ro\/ro\/wp-json\/wp\/v2\/pages"}],"about":[{"href":"https:\/\/szentbalazs.ro\/ro\/wp-json\/wp\/v2\/types\/page"}],"author":[{"embeddable":true,"href":"https:\/\/szentbalazs.ro\/ro\/wp-json\/wp\/v2\/users\/1"}],"replies":[{"embeddable":true,"href":"https:\/\/szentbalazs.ro\/ro\/wp-json\/wp\/v2\/comments?post=2320"}],"version-history":[{"count":2,"href":"https:\/\/szentbalazs.ro\/ro\/wp-json\/wp\/v2\/pages\/2320\/revisions"}],"predecessor-version":[{"id":2805,"href":"https:\/\/szentbalazs.ro\/ro\/wp-json\/wp\/v2\/pages\/2320\/revisions\/2805"}],"wp:attachment":[{"href":"https:\/\/szentbalazs.ro\/ro\/wp-json\/wp\/v2\/media?parent=2320"}],"curies":[{"name":"wp","href":"https:\/\/api.w.org\/{rel}","templated":true}]}}