{"id":2037,"date":"2025-06-13T09:38:25","date_gmt":"2025-06-13T07:38:25","guid":{"rendered":"https:\/\/szentbalazs.ro\/?page_id=2037"},"modified":"2025-12-17T11:38:42","modified_gmt":"2025-12-17T10:38:42","slug":"medit-iii","status":"publish","type":"page","link":"https:\/\/szentbalazs.ro\/ro\/medit-iii\/","title":{"rendered":"MEDIT III"},"content":{"rendered":"<div class=\"wpb-content-wrapper\"><p>[vc_row full_width=&#8221;stretch_row&#8221; content_placement=&#8221;middle&#8221; el_id=&#8221;innerHero&#8221; el_class=&#8221;row-hero-programs&#8221; css=&#8221;.vc_custom_1765967906689{background-image: url(https:\/\/szentbalazs.ro\/wp-content\/uploads\/2025\/07\/IMG_20230609_162424-scaled.jpg?id=2602) !important;background-position: center !important;background-repeat: no-repeat !important;background-size: cover !important;}&#8221;][vc_column][vc_custom_heading text=&#8221;MEDIT III&#8221; font_container=&#8221;tag:h2|text_align:center&#8221; use_theme_fonts=&#8221;yes&#8221; css=&#8221;&#8221;][\/vc_column][\/vc_row][vc_section][vc_row][vc_column width=&#8221;1\/2&#8243;][vc_single_image image=&#8221;2043&#8243; img_size=&#8221;large&#8221; css=&#8221;&#8221;][\/vc_column][vc_column width=&#8221;1\/2&#8243;][vc_column_text css=&#8221;&#8221;]<\/p>\n<p data-start=\"44\" data-end=\"710\">Scopul conferin\u021bei MEDIT, desf\u0103\u0219urat\u0103 la Valea Boro\u0219 \u00eentre 7\u201311 iunie 2023, a fost oferirea unei form\u0103ri profesionale de \u00eenalt nivel \u00een limba matern\u0103, schimbul de experien\u021b\u0103 \u0219i consolidarea re\u021belei de rela\u021bii profesionale, \u00eentr-un mediu prietenos pentru familii. \u00cen cadrul evenimentului, participan\u021bii au ob\u021binut o imagine de ansamblu asupra etiologiei \u0219i tratamentului diabetului pancreatogen, iar apoi au discutat, dintr-o perspectiv\u0103 interdisciplinar\u0103, corela\u021biile dintre bolile oncologice, infec\u021bii \u0219i complica\u021biile de tip picior diabetic. De asemenea, au fost prezentate nout\u0103\u021bi tehnologice \u00een diabetologie, inclusiv pompe de insulin\u0103, senzori \u0219i studii de caz.<\/p>\n<p data-start=\"712\" data-end=\"1193\">Programul a inclus op\u021biuni moderne de terapie pentru diabet, precum inhibitorii SGLT2, agoni\u0219tii receptorilor GLP-1 \u0219i tipuri noi de insulin\u0103, dar \u0219i experien\u021be comunitare legate de traiul cu diabet, de la tab\u0103ra Yuppi p\u00e2n\u0103 la rolul asocia\u021biilor de pacien\u021bi. Evenimentul a contribuit la extinderea cuno\u0219tin\u021belor profesionale, la urm\u0103rirea progresului tehnologic \u0219i la schimbul de experien\u021be practice.<\/p>\n<p>[\/vc_column_text][\/vc_column][\/vc_row][\/vc_section]<\/p>\n<\/div>","protected":false},"excerpt":{"rendered":"<p>[vc_row full_width=&#8221;stretch_row&#8221; content_placement=&#8221;middle&#8221; el_id=&#8221;innerHero&#8221; el_class=&#8221;row-hero-programs&#8221; css=&#8221;.vc_custom_1765967906689{background-image: url(https:\/\/szentbalazs.ro\/wp-content\/uploads\/2025\/07\/IMG_20230609_162424-scaled.jpg?id=2602) !important;background-position: center !important;background-repeat: no-repeat !important;background-size: cover !important;}&#8221;][vc_column][vc_custom_heading text=&#8221;MEDIT III&#8221; font_container=&#8221;tag:h2|text_align:center&#8221; use_theme_fonts=&#8221;yes&#8221; css=&#8221;&#8221;][\/vc_column][\/vc_row][vc_section][vc_row][vc_column width=&#8221;1\/2&#8243;][vc_single_image image=&#8221;2043&#8243; img_size=&#8221;large&#8221; css=&#8221;&#8221;][\/vc_column][vc_column width=&#8221;1\/2&#8243;][vc_column_text css=&#8221;&#8221;] Scopul conferin\u021bei MEDIT, desf\u0103\u0219urat\u0103 la Valea Boro\u0219 \u00eentre 7\u201311 iunie 2023, a fost oferirea unei form\u0103ri profesionale de \u00eenalt nivel \u00een limba matern\u0103, schimbul de experien\u021b\u0103 \u0219i consolidarea re\u021belei de&hellip;<\/p>\n","protected":false},"author":1,"featured_media":0,"parent":0,"menu_order":0,"comment_status":"closed","ping_status":"closed","template":"","meta":{"footnotes":""},"class_list":["post-2037","page","type-page","status-publish","hentry","description-off"],"_links":{"self":[{"href":"https:\/\/szentbalazs.ro\/ro\/wp-json\/wp\/v2\/pages\/2037","targetHints":{"allow":["GET"]}}],"collection":[{"href":"https:\/\/szentbalazs.ro\/ro\/wp-json\/wp\/v2\/pages"}],"about":[{"href":"https:\/\/szentbalazs.ro\/ro\/wp-json\/wp\/v2\/types\/page"}],"author":[{"embeddable":true,"href":"https:\/\/szentbalazs.ro\/ro\/wp-json\/wp\/v2\/users\/1"}],"replies":[{"embeddable":true,"href":"https:\/\/szentbalazs.ro\/ro\/wp-json\/wp\/v2\/comments?post=2037"}],"version-history":[{"count":5,"href":"https:\/\/szentbalazs.ro\/ro\/wp-json\/wp\/v2\/pages\/2037\/revisions"}],"predecessor-version":[{"id":3033,"href":"https:\/\/szentbalazs.ro\/ro\/wp-json\/wp\/v2\/pages\/2037\/revisions\/3033"}],"wp:attachment":[{"href":"https:\/\/szentbalazs.ro\/ro\/wp-json\/wp\/v2\/media?parent=2037"}],"curies":[{"name":"wp","href":"https:\/\/api.w.org\/{rel}","templated":true}]}}