{"id":2028,"date":"2025-06-13T09:28:43","date_gmt":"2025-06-13T07:28:43","guid":{"rendered":"https:\/\/szentbalazs.ro\/?page_id=2028"},"modified":"2025-12-17T10:51:43","modified_gmt":"2025-12-17T09:51:43","slug":"medit-iv","status":"publish","type":"page","link":"https:\/\/szentbalazs.ro\/ro\/medit-iv\/","title":{"rendered":"MEDIT IV"},"content":{"rendered":"<div class=\"wpb-content-wrapper\"><p>[vc_row full_width=&#8221;stretch_row&#8221; content_placement=&#8221;middle&#8221; el_id=&#8221;innerHero&#8221; el_class=&#8221;row-hero-programs&#8221; css=&#8221;.vc_custom_1765965052082{background-image: url(https:\/\/szentbalazs.ro\/wp-content\/uploads\/2025\/07\/IMG_1368-3-1-scaled.jpg?id=2609) !important;background-position: center !important;background-repeat: no-repeat !important;background-size: cover !important;}&#8221;][vc_column][vc_custom_heading text=&#8221;MEDIT IV&#8221; font_container=&#8221;tag:h2|text_align:center&#8221; use_theme_fonts=&#8221;yes&#8221; css=&#8221;&#8221;][\/vc_column][\/vc_row][vc_section][vc_row][vc_column width=&#8221;1\/2&#8243;][vc_single_image image=&#8221;2033&#8243; img_size=&#8221;large&#8221; css=&#8221;&#8221;][\/vc_column][vc_column width=&#8221;1\/2&#8243;][vc_column_text css=&#8221;&#8221;]<\/p>\n<p data-start=\"42\" data-end=\"785\">\u00cent\u00e2lnirea MEDIT IV, desf\u0103\u0219urat\u0103 la Stana \u00eentre 7\u20139 iunie 2024, a oferit o perspectiv\u0103 cuprinz\u0103toare asupra op\u021biunilor moderne de tratament \u0219i a provoc\u0103rilor legate de diabet. Prezent\u0103rile din cadrul conferin\u021bei au abordat teme precum rolul inhibitorilor SGLT2, importan\u021ba florei intestinale \u00een diabetul de tip 2, autoimunitatea \u00een diabetul infantil, precum \u0219i tratamentul hipogonadismului secundar. \u00cen sec\u021biunile practice, s-a acordat o aten\u021bie deosebit\u0103 tratamentelor cu senzori \u0219i pompe de insulin\u0103, precum \u0219i nout\u0103\u021bilor \u00een ceea ce prive\u0219te diabetul de tip MODY. Programele de sear\u0103, inclusiv focul de tab\u0103r\u0103 \u0219i seara de dans, au oferit ocazia de a \u00eemp\u0103rt\u0103\u0219i experien\u021be profesionale \u00eentr-un cadru informal.<\/p>\n<p data-start=\"787\" data-end=\"1367\">\u00cen a doua parte a \u00eent\u00e2lnirii, accentul s-a mutat asupra complica\u021biilor ginecologice \u0219i \u00eengrijirii gravidelor cu diabet, fiind abordate sub form\u0103 de ateliere practice \u0219i aspecte legate de \u00eengrijirea din sala de na\u0219teri. \u00cen ziua de \u00eenchidere, participan\u021bii au discutat despre importan\u021ba hipoglicemiei, situa\u021bia actual\u0103 a inhibitorilor DPP-4 \u0219i necesitatea unui echilibru \u00eentre protocoale \u0219i experien\u021ba medical\u0103. \u00cent\u00e2lnirea a avut drept scop nu doar extinderea cuno\u0219tin\u021belor profesionale, ci \u0219i consolidarea leg\u0103turilor dintre comunit\u0103\u021bile de diabetologi din Transilvania \u0219i Ungaria.<\/p>\n<p>[\/vc_column_text][\/vc_column][\/vc_row][\/vc_section]<\/p>\n<\/div>","protected":false},"excerpt":{"rendered":"<p>[vc_row full_width=&#8221;stretch_row&#8221; content_placement=&#8221;middle&#8221; el_id=&#8221;innerHero&#8221; el_class=&#8221;row-hero-programs&#8221; css=&#8221;.vc_custom_1765965052082{background-image: url(https:\/\/szentbalazs.ro\/wp-content\/uploads\/2025\/07\/IMG_1368-3-1-scaled.jpg?id=2609) !important;background-position: center !important;background-repeat: no-repeat !important;background-size: cover !important;}&#8221;][vc_column][vc_custom_heading text=&#8221;MEDIT IV&#8221; font_container=&#8221;tag:h2|text_align:center&#8221; use_theme_fonts=&#8221;yes&#8221; css=&#8221;&#8221;][\/vc_column][\/vc_row][vc_section][vc_row][vc_column width=&#8221;1\/2&#8243;][vc_single_image image=&#8221;2033&#8243; img_size=&#8221;large&#8221; css=&#8221;&#8221;][\/vc_column][vc_column width=&#8221;1\/2&#8243;][vc_column_text css=&#8221;&#8221;] \u00cent\u00e2lnirea MEDIT IV, desf\u0103\u0219urat\u0103 la Stana \u00eentre 7\u20139 iunie 2024, a oferit o perspectiv\u0103 cuprinz\u0103toare asupra op\u021biunilor moderne de tratament \u0219i a provoc\u0103rilor legate de diabet. Prezent\u0103rile din cadrul conferin\u021bei&hellip;<\/p>\n","protected":false},"author":1,"featured_media":0,"parent":0,"menu_order":0,"comment_status":"closed","ping_status":"closed","template":"","meta":{"footnotes":""},"class_list":["post-2028","page","type-page","status-publish","hentry","description-off"],"_links":{"self":[{"href":"https:\/\/szentbalazs.ro\/ro\/wp-json\/wp\/v2\/pages\/2028","targetHints":{"allow":["GET"]}}],"collection":[{"href":"https:\/\/szentbalazs.ro\/ro\/wp-json\/wp\/v2\/pages"}],"about":[{"href":"https:\/\/szentbalazs.ro\/ro\/wp-json\/wp\/v2\/types\/page"}],"author":[{"embeddable":true,"href":"https:\/\/szentbalazs.ro\/ro\/wp-json\/wp\/v2\/users\/1"}],"replies":[{"embeddable":true,"href":"https:\/\/szentbalazs.ro\/ro\/wp-json\/wp\/v2\/comments?post=2028"}],"version-history":[{"count":4,"href":"https:\/\/szentbalazs.ro\/ro\/wp-json\/wp\/v2\/pages\/2028\/revisions"}],"predecessor-version":[{"id":3029,"href":"https:\/\/szentbalazs.ro\/ro\/wp-json\/wp\/v2\/pages\/2028\/revisions\/3029"}],"wp:attachment":[{"href":"https:\/\/szentbalazs.ro\/ro\/wp-json\/wp\/v2\/media?parent=2028"}],"curies":[{"name":"wp","href":"https:\/\/api.w.org\/{rel}","templated":true}]}}