{"id":2003,"date":"2025-06-13T10:01:32","date_gmt":"2025-06-13T08:01:32","guid":{"rendered":"https:\/\/szentbalazs.ro\/?page_id=2003"},"modified":"2025-12-17T15:28:09","modified_gmt":"2025-12-17T14:28:09","slug":"medit-ii","status":"publish","type":"page","link":"https:\/\/szentbalazs.ro\/ro\/medit-ii\/","title":{"rendered":"MEDIT II"},"content":{"rendered":"<div class=\"wpb-content-wrapper\"><p>[vc_row full_width=&#8221;stretch_row&#8221; content_placement=&#8221;middle&#8221; el_id=&#8221;innerHero&#8221; el_class=&#8221;row-hero-programs&#8221; css=&#8221;.vc_custom_1765981677408{background-image: url(https:\/\/szentbalazs.ro\/wp-content\/uploads\/2025\/07\/IMG_20230609_162424-scaled.jpg?id=2602) !important;background-position: center !important;background-repeat: no-repeat !important;background-size: cover !important;}&#8221;][vc_column][vc_custom_heading text=&#8221;MEDIT II&#8221; font_container=&#8221;tag:h2|text_align:center&#8221; use_theme_fonts=&#8221;yes&#8221; css=&#8221;&#8221;][\/vc_column][\/vc_row][vc_section][vc_row][vc_column width=&#8221;1\/2&#8243;][vc_single_image image=&#8221;1889&#8243; img_size=&#8221;large&#8221; css=&#8221;&#8221;][\/vc_column][vc_column width=&#8221;1\/2&#8243;][vc_column_text css=&#8221;&#8221;]<\/p>\n<p data-start=\"36\" data-end=\"647\">Conferin\u021ba desf\u0103\u0219urat\u0103 \u00eentre 4\u20136 octombrie 2019 s-a concentrat asupra celor mai recente aspecte ale tratamentului modern al diabetului, acord\u00e2nd o aten\u021bie deosebit\u0103 diabetului gesta\u021bional, terapiei cu pompe de insulin\u0103 \u0219i rela\u021biei dintre sport \u0219i diabet. Participan\u021bii au ob\u021binut o imagine de ansamblu asupra celor mai noi ghiduri de tratament, particularit\u0103\u021bilor rezisten\u021bei la insulin\u0103 \u00een \u00eengrijirea gravidei \u0219i experien\u021belor cu senzorul FreeStyle Libre la femeile \u00eens\u0103rcinate. Dezvoltarea abilit\u0103\u021bilor practice a fost sprijinit\u0103 de atelierul Medtronic, iar seara de dans popular a \u00eent\u0103rit spiritul comunitar.<\/p>\n<p data-start=\"649\" data-end=\"1211\">\u00cen zilele urm\u0103toare s-au discutat provoc\u0103rile actuale ale nefropatiei \u0219i neuropatiei diabetice, eficien\u021ba metforminului la femeile cu sindromul ovarelor polichistice (PCOS), precum \u0219i problemele osoase legate de diabet. \u00cen ziua de \u00eenchidere, \u00een centrul aten\u021biei s-au aflat terapiile experien\u021biale aplicate \u00een bolile cronice \u0219i experien\u021bele legate de un nou tip de tratament cu insulin\u0103, terapia Fiasp. Pe l\u00e2ng\u0103 prezentarea celor mai recente rezultate ale cercet\u0103rilor, scopul conferin\u021bei a fost \u0219i promovarea dialogului profesional. \u0219i a schimbului de experien\u021b\u0103.<\/p>\n<p>[\/vc_column_text][\/vc_column][\/vc_row][\/vc_section]<\/p>\n<\/div>","protected":false},"excerpt":{"rendered":"<p>[vc_row full_width=&#8221;stretch_row&#8221; content_placement=&#8221;middle&#8221; el_id=&#8221;innerHero&#8221; el_class=&#8221;row-hero-programs&#8221; css=&#8221;.vc_custom_1765981677408{background-image: url(https:\/\/szentbalazs.ro\/wp-content\/uploads\/2025\/07\/IMG_20230609_162424-scaled.jpg?id=2602) !important;background-position: center !important;background-repeat: no-repeat !important;background-size: cover !important;}&#8221;][vc_column][vc_custom_heading text=&#8221;MEDIT II&#8221; font_container=&#8221;tag:h2|text_align:center&#8221; use_theme_fonts=&#8221;yes&#8221; css=&#8221;&#8221;][\/vc_column][\/vc_row][vc_section][vc_row][vc_column width=&#8221;1\/2&#8243;][vc_single_image image=&#8221;1889&#8243; img_size=&#8221;large&#8221; css=&#8221;&#8221;][\/vc_column][vc_column width=&#8221;1\/2&#8243;][vc_column_text css=&#8221;&#8221;] Conferin\u021ba desf\u0103\u0219urat\u0103 \u00eentre 4\u20136 octombrie 2019 s-a concentrat asupra celor mai recente aspecte ale tratamentului modern al diabetului, acord\u00e2nd o aten\u021bie deosebit\u0103 diabetului gesta\u021bional, terapiei cu pompe de insulin\u0103 \u0219i&hellip;<\/p>\n","protected":false},"author":1,"featured_media":0,"parent":0,"menu_order":0,"comment_status":"closed","ping_status":"closed","template":"","meta":{"footnotes":""},"class_list":["post-2003","page","type-page","status-publish","hentry","description-off"],"_links":{"self":[{"href":"https:\/\/szentbalazs.ro\/ro\/wp-json\/wp\/v2\/pages\/2003","targetHints":{"allow":["GET"]}}],"collection":[{"href":"https:\/\/szentbalazs.ro\/ro\/wp-json\/wp\/v2\/pages"}],"about":[{"href":"https:\/\/szentbalazs.ro\/ro\/wp-json\/wp\/v2\/types\/page"}],"author":[{"embeddable":true,"href":"https:\/\/szentbalazs.ro\/ro\/wp-json\/wp\/v2\/users\/1"}],"replies":[{"embeddable":true,"href":"https:\/\/szentbalazs.ro\/ro\/wp-json\/wp\/v2\/comments?post=2003"}],"version-history":[{"count":4,"href":"https:\/\/szentbalazs.ro\/ro\/wp-json\/wp\/v2\/pages\/2003\/revisions"}],"predecessor-version":[{"id":3037,"href":"https:\/\/szentbalazs.ro\/ro\/wp-json\/wp\/v2\/pages\/2003\/revisions\/3037"}],"wp:attachment":[{"href":"https:\/\/szentbalazs.ro\/ro\/wp-json\/wp\/v2\/media?parent=2003"}],"curies":[{"name":"wp","href":"https:\/\/api.w.org\/{rel}","templated":true}]}}