{"id":1994,"date":"2025-06-13T10:08:42","date_gmt":"2025-06-13T08:08:42","guid":{"rendered":"https:\/\/szentbalazs.ro\/?page_id=1994"},"modified":"2025-12-17T15:37:08","modified_gmt":"2025-12-17T14:37:08","slug":"medit-i","status":"publish","type":"page","link":"https:\/\/szentbalazs.ro\/ro\/medit-i\/","title":{"rendered":"MEDIT I"},"content":{"rendered":"<div class=\"wpb-content-wrapper\"><p>[vc_row full_width=&#8221;stretch_row&#8221; content_placement=&#8221;middle&#8221; el_id=&#8221;innerHero&#8221; el_class=&#8221;row-hero-programs&#8221; css=&#8221;.vc_custom_1765982198145{background-image: url(https:\/\/szentbalazs.ro\/wp-content\/uploads\/2025\/07\/IMG_20230609_162424-scaled.jpg?id=2602) !important;background-position: center !important;background-repeat: no-repeat !important;background-size: cover !important;}&#8221;][vc_column][vc_custom_heading text=&#8221;MEDIT I&#8221; font_container=&#8221;tag:h2|text_align:center&#8221; use_theme_fonts=&#8221;yes&#8221; css=&#8221;&#8221;][\/vc_column][\/vc_row][vc_section][vc_row][vc_column width=&#8221;1\/2&#8243;][vc_single_image image=&#8221;1999&#8243; img_size=&#8221;large&#8221; css=&#8221;&#8221;][\/vc_column][vc_column width=&#8221;1\/2&#8243;][vc_column_text css=&#8221;&#8221;]<\/p>\n<p data-start=\"36\" data-end=\"261\">Primul MEDIT a avut loc la Vl\u0103hi\u021ba \u00eentre 19\u201320 mai 2018, av\u00e2nd ca tem\u0103 central\u0103 op\u021biunile moderne de tratament pentru diabet. La forum au participat 27 de medici \u0219i medici reziden\u021bi.<\/p>\n<p data-start=\"263\" data-end=\"641\">\u00cen prima zi a evenimentului, participan\u021bii au asistat la prezent\u0103ri despre efectele efortului fizic asupra nivelului glicemiei, beneficiile metabolice \u0219i psihosociale ale asocia\u021biilor de pacien\u021bi cu diabet, precum \u0219i experien\u021bele din taberele educa\u021bionale pentru un stil de via\u021b\u0103 s\u0103n\u0103tos. Programul \u0219tiin\u021bific s-a \u00eencheiat cu o cin\u0103 comun\u0103 \u0219i o sesiune de socializare informal\u0103.<\/p>\n<p data-start=\"643\" data-end=\"1217\">A doua zi au fost abordate subiecte de actualitate precum tratamentul diabetului gesta\u021bional, managementul diabetului la v\u00e2rstnici, implica\u021biile rezisten\u021bei la insulin\u0103 asupra sistemului nervos central, precum \u0219i cazuri de diabet secundar \u0219i sindromic. Ziua a fost completat\u0103 cu recomand\u0103ri nutri\u021bionale, prezentarea dietei pentru pacien\u021bii cu diabet \u0219i insuficien\u021b\u0103 renal\u0103, respectiv op\u021biunile chirurgiei bariatrice. Pe l\u00e2ng\u0103 extinderea cuno\u0219tin\u021belor, scopul principal al evenimentului a fost \u00eencurajarea dialogului profesional \u00eentre diabetologii maghiari din Transilvania.<\/p>\n<p>[\/vc_column_text][\/vc_column][\/vc_row][vc_row][vc_column][\/vc_column][\/vc_row][\/vc_section]<\/p>\n<\/div>","protected":false},"excerpt":{"rendered":"<p>[vc_row full_width=&#8221;stretch_row&#8221; content_placement=&#8221;middle&#8221; el_id=&#8221;innerHero&#8221; el_class=&#8221;row-hero-programs&#8221; css=&#8221;.vc_custom_1765982198145{background-image: url(https:\/\/szentbalazs.ro\/wp-content\/uploads\/2025\/07\/IMG_20230609_162424-scaled.jpg?id=2602) !important;background-position: center !important;background-repeat: no-repeat !important;background-size: cover !important;}&#8221;][vc_column][vc_custom_heading text=&#8221;MEDIT I&#8221; font_container=&#8221;tag:h2|text_align:center&#8221; use_theme_fonts=&#8221;yes&#8221; css=&#8221;&#8221;][\/vc_column][\/vc_row][vc_section][vc_row][vc_column width=&#8221;1\/2&#8243;][vc_single_image image=&#8221;1999&#8243; img_size=&#8221;large&#8221; css=&#8221;&#8221;][\/vc_column][vc_column width=&#8221;1\/2&#8243;][vc_column_text css=&#8221;&#8221;] Primul MEDIT a avut loc la Vl\u0103hi\u021ba \u00eentre 19\u201320 mai 2018, av\u00e2nd ca tem\u0103 central\u0103 op\u021biunile moderne de tratament pentru diabet. La forum au participat 27 de medici \u0219i medici&hellip;<\/p>\n","protected":false},"author":1,"featured_media":0,"parent":0,"menu_order":0,"comment_status":"closed","ping_status":"closed","template":"","meta":{"footnotes":""},"class_list":["post-1994","page","type-page","status-publish","hentry","description-off"],"_links":{"self":[{"href":"https:\/\/szentbalazs.ro\/ro\/wp-json\/wp\/v2\/pages\/1994","targetHints":{"allow":["GET"]}}],"collection":[{"href":"https:\/\/szentbalazs.ro\/ro\/wp-json\/wp\/v2\/pages"}],"about":[{"href":"https:\/\/szentbalazs.ro\/ro\/wp-json\/wp\/v2\/types\/page"}],"author":[{"embeddable":true,"href":"https:\/\/szentbalazs.ro\/ro\/wp-json\/wp\/v2\/users\/1"}],"replies":[{"embeddable":true,"href":"https:\/\/szentbalazs.ro\/ro\/wp-json\/wp\/v2\/comments?post=1994"}],"version-history":[{"count":5,"href":"https:\/\/szentbalazs.ro\/ro\/wp-json\/wp\/v2\/pages\/1994\/revisions"}],"predecessor-version":[{"id":3040,"href":"https:\/\/szentbalazs.ro\/ro\/wp-json\/wp\/v2\/pages\/1994\/revisions\/3040"}],"wp:attachment":[{"href":"https:\/\/szentbalazs.ro\/ro\/wp-json\/wp\/v2\/media?parent=1994"}],"curies":[{"name":"wp","href":"https:\/\/api.w.org\/{rel}","templated":true}]}}