{"id":1982,"date":"2025-06-13T12:48:28","date_gmt":"2025-06-13T10:48:28","guid":{"rendered":"https:\/\/szentbalazs.ro\/?page_id=1982"},"modified":"2025-12-16T14:22:03","modified_gmt":"2025-12-16T13:22:03","slug":"conferinta-de-tanatologie","status":"publish","type":"page","link":"https:\/\/szentbalazs.ro\/ro\/conferinta-de-tanatologie\/","title":{"rendered":"Conferin\u021ba de Tanatologie"},"content":{"rendered":"<div class=\"wpb-content-wrapper\"><p>[vc_row full_width=&#8221;stretch_row&#8221; content_placement=&#8221;middle&#8221; el_id=&#8221;innerHero&#8221; el_class=&#8221;row-hero-programs&#8221; css=&#8221;.vc_custom_1765891256517{background-image: url(https:\/\/szentbalazs.ro\/wp-content\/uploads\/2025\/06\/DSC0029-scaled.jpg?id=1987) !important;background-position: center !important;background-repeat: no-repeat !important;background-size: cover !important;}&#8221;][vc_column][vc_custom_heading text=&#8221;Conferin\u021ba de Tanatologie&#8221; font_container=&#8221;tag:h2|text_align:center&#8221; use_theme_fonts=&#8221;yes&#8221; css=&#8221;&#8221;][\/vc_column][\/vc_row][vc_section][vc_row][vc_column width=&#8221;1\/2&#8243;][vc_single_image image=&#8221;2564&#8243; img_size=&#8221;large&#8221; css=&#8221;&#8221;][\/vc_column][vc_column width=&#8221;1\/2&#8243;][vc_column_text css=&#8221;&#8221;]\u00centre 28 februarie \u0219i 2 martie 2014, Palatul Culturii a g\u0103zduit conferin\u021ba cu titlul \u201eTanatologia\u201d, unde, de-a lungul a trei zile, 23 de lectori \u0219i 206 participan\u021bi au explorat conceptele mor\u021bii, muribundului \u0219i doliului, pun\u00e2nd accent pe importan\u021ba p\u0103str\u0103rii demnit\u0103\u021bii umane \u00een situa\u021biile de sf\u00e2r\u0219it de via\u021b\u0103.[\/vc_column_text][\/vc_column][\/vc_row][\/vc_section][vc_section full_width=&#8221;stretch_row&#8221; el_class=&#8221;bg-color-featured-1&#8243;][vc_row][vc_column width=&#8221;1\/2&#8243;][vc_column_text css=&#8221;&#8221;]<\/p>\n<p data-start=\"86\" data-end=\"603\">Conferin\u021ba a abordat tema mor\u021bii dintr-o perspectiv\u0103 interdisciplinar\u0103. Medici, psihologi, preo\u021bi \u0219i arti\u0219ti au c\u0103utat \u00eempreun\u0103 r\u0103spunsuri la \u00eentrebarea: cum putem privi moartea, procesul muribundului \u0219i doliul \u00eentr-un mod uman \u0219i demn? Dup\u0103 deschiderea oficial\u0103, prelegerile \u0219i atelierele paralele au explorat aspectele conceptuale, clinice, culturale \u0219i spirituale ale mor\u021bii, oferind participan\u021bilor o privire de ansamblu asupra \u00eengrijirii paliative, a tehnicilor de comunicare \u0219i a deciziilor de sf\u00e2r\u0219it de via\u021b\u0103.<\/p>\n<p data-start=\"605\" data-end=\"1157\" data-is-last-node=\"\" data-is-only-node=\"\">Pe parcursul celor trei zile, un accent deosebit a fost pus pe g\u00e2ndirea centrat\u0103 pe pacient, sprijinul acordat persoanelor \u00eendoliate \u0219i analiza dilemelor etice \u00een contextul tratamentelor agresive, al eutanasiei \u0219i al \u00eengrijirii paliative. Atelierele paralele au oferit oportunit\u0103\u021bi de \u00eenv\u0103\u021bare interactiv\u0103, schimb de experien\u021be personale \u0219i confruntare a diferitelor perspective profesionale. Programul a fost completat de produc\u021bii artistice, reflec\u021bii \u0219i g\u00e2nduri de \u00eencheiere, oferind o \u00eencheiere demn\u0103 unei explor\u0103ri at\u00e2t de complexe a temei mor\u021bii.<\/p>\n<p>[\/vc_column_text][\/vc_column][vc_column width=&#8221;1\/2&#8243;][vc_single_image image=&#8221;1990&#8243; img_size=&#8221;large&#8221; css=&#8221;&#8221;][\/vc_column][\/vc_row][\/vc_section]<\/p>\n<\/div>","protected":false},"excerpt":{"rendered":"<p>[vc_row full_width=&#8221;stretch_row&#8221; content_placement=&#8221;middle&#8221; el_id=&#8221;innerHero&#8221; el_class=&#8221;row-hero-programs&#8221; css=&#8221;.vc_custom_1765891256517{background-image: url(https:\/\/szentbalazs.ro\/wp-content\/uploads\/2025\/06\/DSC0029-scaled.jpg?id=1987) !important;background-position: center !important;background-repeat: no-repeat !important;background-size: cover !important;}&#8221;][vc_column][vc_custom_heading text=&#8221;Conferin\u021ba de Tanatologie&#8221; font_container=&#8221;tag:h2|text_align:center&#8221; use_theme_fonts=&#8221;yes&#8221; css=&#8221;&#8221;][\/vc_column][\/vc_row][vc_section][vc_row][vc_column width=&#8221;1\/2&#8243;][vc_single_image image=&#8221;2564&#8243; img_size=&#8221;large&#8221; css=&#8221;&#8221;][\/vc_column][vc_column width=&#8221;1\/2&#8243;][vc_column_text css=&#8221;&#8221;]\u00centre 28 februarie \u0219i 2 martie 2014, Palatul Culturii a g\u0103zduit conferin\u021ba cu titlul \u201eTanatologia\u201d, unde, de-a lungul a trei zile, 23 de lectori \u0219i 206 participan\u021bi au explorat conceptele&hellip;<\/p>\n","protected":false},"author":1,"featured_media":0,"parent":0,"menu_order":0,"comment_status":"closed","ping_status":"closed","template":"","meta":{"footnotes":""},"class_list":["post-1982","page","type-page","status-publish","hentry","description-off"],"_links":{"self":[{"href":"https:\/\/szentbalazs.ro\/ro\/wp-json\/wp\/v2\/pages\/1982","targetHints":{"allow":["GET"]}}],"collection":[{"href":"https:\/\/szentbalazs.ro\/ro\/wp-json\/wp\/v2\/pages"}],"about":[{"href":"https:\/\/szentbalazs.ro\/ro\/wp-json\/wp\/v2\/types\/page"}],"author":[{"embeddable":true,"href":"https:\/\/szentbalazs.ro\/ro\/wp-json\/wp\/v2\/users\/1"}],"replies":[{"embeddable":true,"href":"https:\/\/szentbalazs.ro\/ro\/wp-json\/wp\/v2\/comments?post=1982"}],"version-history":[{"count":4,"href":"https:\/\/szentbalazs.ro\/ro\/wp-json\/wp\/v2\/pages\/1982\/revisions"}],"predecessor-version":[{"id":3015,"href":"https:\/\/szentbalazs.ro\/ro\/wp-json\/wp\/v2\/pages\/1982\/revisions\/3015"}],"wp:attachment":[{"href":"https:\/\/szentbalazs.ro\/ro\/wp-json\/wp\/v2\/media?parent=1982"}],"curies":[{"name":"wp","href":"https:\/\/api.w.org\/{rel}","templated":true}]}}