{"id":1970,"date":"2025-06-13T12:11:39","date_gmt":"2025-06-13T10:11:39","guid":{"rendered":"https:\/\/szentbalazs.ro\/?page_id=1970"},"modified":"2025-12-16T14:08:18","modified_gmt":"2025-12-16T13:08:18","slug":"conferinta-despre-durere","status":"publish","type":"page","link":"https:\/\/szentbalazs.ro\/ro\/conferinta-despre-durere\/","title":{"rendered":"Conferin\u021ba despre Durere"},"content":{"rendered":"<div class=\"wpb-content-wrapper\"><p>[vc_row full_width=&#8221;stretch_row&#8221; content_placement=&#8221;middle&#8221; el_id=&#8221;innerHero&#8221; el_class=&#8221;row-hero-programs&#8221; css=&#8221;.vc_custom_1765890410848{background-image: url(https:\/\/szentbalazs.ro\/wp-content\/uploads\/2025\/07\/Rejtett_Dimenziok2024_SVR63679_64.jpg?id=2711) !important;background-position: center !important;background-repeat: no-repeat !important;background-size: cover !important;}&#8221;][vc_column][vc_custom_heading text=&#8221;Conferin\u021ba despre Durere&#8221; font_container=&#8221;tag:h2|text_align:center&#8221; use_theme_fonts=&#8221;yes&#8221; css=&#8221;&#8221;][\/vc_column][\/vc_row][vc_section][vc_row][vc_column][\/vc_column][\/vc_row][vc_row][vc_column width=&#8221;1\/2&#8243;][vc_single_image image=&#8221;2558&#8243; img_size=&#8221;large&#8221; css=&#8221;&#8221;][\/vc_column][vc_column width=&#8221;1\/2&#8243;][vc_column_text css=&#8221;&#8221;]\u00cen perioada 3\u20135 noiembrie 2017, Palatul Culturii a g\u0103zduit conferin\u021ba intitulat\u0103 <em data-start=\"81\" data-end=\"90\">Durerea<\/em>, unde, de-a lungul celor trei zile, 32 de lectori \u0219i 248 de participan\u021bi au explorat dimensiunile biologice, psihologice, culturale \u0219i spirituale ale durerii, pun\u00e2nd accent pe complexitatea \u0219i semnifica\u021bia profund uman\u0103 a acesteia.[\/vc_column_text][\/vc_column][\/vc_row][\/vc_section][vc_section full_width=&#8221;stretch_row&#8221; el_class=&#8221;bg-color-featured-1&#8243;][vc_row][vc_column width=&#8221;1\/2&#8243;][vc_column_text css=&#8221;&#8221;]<\/p>\n<p data-start=\"0\" data-end=\"490\">Conferin\u021ba a pus \u00een centrul aten\u021biei abordarea multidisciplinar\u0103 a durerii, analiz\u00e2nd tema din perspective medicale, psihologice, sociologice \u0219i culturale. Dup\u0103 deschiderea oficial\u0103, participan\u021bii au primit o imagine de ansamblu asupra fundamentelor fiziologice, genetice \u0219i imunologice ale durerii, urmate de prezent\u0103ri care au ilustrat modul \u00een care durerea se exprim\u0103 \u00een cultur\u0103 \u0219i arte. Programul a fost \u00eembog\u0103\u021bit cu recitaluri literare, spectacole de dans \u0219i proiec\u021bii de scurtmetraje.<\/p>\n<p data-start=\"492\" data-end=\"1067\" data-is-last-node=\"\" data-is-only-node=\"\">\u00cen urm\u0103toarele zile, \u00een prim-plan au fost durerile neurologice, dificult\u0103\u021bile practice ale analgeziei \u0219i tipologiile speciale de durere. Atelierele desf\u0103\u0219urate \u00een paralel au oferit participan\u021bilor oportunitatea de a aprofunda tematicile cele mai apropiate de domeniul lor de interes. \u00cen ultima zi, accentul a fost pus pe dimensiunile socioculturale, juridice \u0219i spirituale ale durerii, subliniind faptul c\u0103 experien\u021ba durerii dep\u0103\u0219e\u0219te suferin\u021ba fizic\u0103 \u0219i cap\u0103t\u0103 semnifica\u021bii profunde, suflete\u0219ti \u0219i sociale. Evenimentul s-a \u00eencheiat cu momente artistice \u0219i reflec\u021bii finale.<\/p>\n<p>[\/vc_column_text][\/vc_column][vc_column width=&#8221;1\/2&#8243;][vc_single_image image=&#8221;1978&#8243; img_size=&#8221;large&#8221; css=&#8221;&#8221;][\/vc_column][\/vc_row][\/vc_section]<\/p>\n<\/div>","protected":false},"excerpt":{"rendered":"<p>[vc_row full_width=&#8221;stretch_row&#8221; content_placement=&#8221;middle&#8221; el_id=&#8221;innerHero&#8221; el_class=&#8221;row-hero-programs&#8221; css=&#8221;.vc_custom_1765890410848{background-image: url(https:\/\/szentbalazs.ro\/wp-content\/uploads\/2025\/07\/Rejtett_Dimenziok2024_SVR63679_64.jpg?id=2711) !important;background-position: center !important;background-repeat: no-repeat !important;background-size: cover !important;}&#8221;][vc_column][vc_custom_heading text=&#8221;Conferin\u021ba despre Durere&#8221; font_container=&#8221;tag:h2|text_align:center&#8221; use_theme_fonts=&#8221;yes&#8221; css=&#8221;&#8221;][\/vc_column][\/vc_row][vc_section][vc_row][vc_column][\/vc_column][\/vc_row][vc_row][vc_column width=&#8221;1\/2&#8243;][vc_single_image image=&#8221;2558&#8243; img_size=&#8221;large&#8221; css=&#8221;&#8221;][\/vc_column][vc_column width=&#8221;1\/2&#8243;][vc_column_text css=&#8221;&#8221;]\u00cen perioada 3\u20135 noiembrie 2017, Palatul Culturii a g\u0103zduit conferin\u021ba intitulat\u0103 Durerea, unde, de-a lungul celor trei zile, 32 de lectori \u0219i 248 de participan\u021bi au explorat dimensiunile biologice, psihologice,&hellip;<\/p>\n","protected":false},"author":1,"featured_media":0,"parent":0,"menu_order":0,"comment_status":"closed","ping_status":"closed","template":"","meta":{"footnotes":""},"class_list":["post-1970","page","type-page","status-publish","hentry","description-off"],"_links":{"self":[{"href":"https:\/\/szentbalazs.ro\/ro\/wp-json\/wp\/v2\/pages\/1970","targetHints":{"allow":["GET"]}}],"collection":[{"href":"https:\/\/szentbalazs.ro\/ro\/wp-json\/wp\/v2\/pages"}],"about":[{"href":"https:\/\/szentbalazs.ro\/ro\/wp-json\/wp\/v2\/types\/page"}],"author":[{"embeddable":true,"href":"https:\/\/szentbalazs.ro\/ro\/wp-json\/wp\/v2\/users\/1"}],"replies":[{"embeddable":true,"href":"https:\/\/szentbalazs.ro\/ro\/wp-json\/wp\/v2\/comments?post=1970"}],"version-history":[{"count":4,"href":"https:\/\/szentbalazs.ro\/ro\/wp-json\/wp\/v2\/pages\/1970\/revisions"}],"predecessor-version":[{"id":3011,"href":"https:\/\/szentbalazs.ro\/ro\/wp-json\/wp\/v2\/pages\/1970\/revisions\/3011"}],"wp:attachment":[{"href":"https:\/\/szentbalazs.ro\/ro\/wp-json\/wp\/v2\/media?parent=1970"}],"curies":[{"name":"wp","href":"https:\/\/api.w.org\/{rel}","templated":true}]}}