{"id":1958,"date":"2025-06-13T12:02:07","date_gmt":"2025-06-13T10:02:07","guid":{"rendered":"https:\/\/szentbalazs.ro\/?page_id=1958"},"modified":"2025-12-16T14:00:17","modified_gmt":"2025-12-16T13:00:17","slug":"simpozionul-despre-somn","status":"publish","type":"page","link":"https:\/\/szentbalazs.ro\/ro\/simpozionul-despre-somn\/","title":{"rendered":"Simpozionul despre Somn"},"content":{"rendered":"<div class=\"wpb-content-wrapper\"><p>[vc_row full_width=&#8221;stretch_row&#8221; content_placement=&#8221;middle&#8221; el_id=&#8221;innerHero&#8221; el_class=&#8221;row-hero-programs&#8221; css=&#8221;.vc_custom_1765889497454{background-image: url(https:\/\/szentbalazs.ro\/wp-content\/uploads\/2025\/07\/Mikrobiom-konferencia_fullres_Metz-Balazs-658-scaled.jpg?id=2707) !important;background-position: center !important;background-repeat: no-repeat !important;background-size: cover !important;}&#8221;][vc_column][vc_custom_heading text=&#8221;Simpozionul despre Somn&#8221; font_container=&#8221;tag:h2|text_align:center&#8221; use_theme_fonts=&#8221;yes&#8221; css=&#8221;&#8221;][\/vc_column][\/vc_row][vc_section full_width=&#8221;stretch_row&#8221; el_class=&#8221;bg-color-featured-1&#8243;][vc_row][vc_column width=&#8221;1\/2&#8243;][vc_single_image image=&#8221;2570&#8243; img_size=&#8221;large&#8221; css=&#8221;&#8221;][\/vc_column][vc_column width=&#8221;1\/2&#8243;][vc_column_text css=&#8221;&#8221;]<\/p>\n<p data-start=\"0\" data-end=\"544\">\u00cen perioada 16\u201317 noiembrie 2018, Colegiul Medical \u0219i de S\u0103n\u0103tate Reformat \u201eGecse D\u00e1niel\u201d a g\u0103zduit conferin\u021ba intitulat\u0103 Simpozionul Somnului, unde, pe parcursul a dou\u0103 zile, 12 lectori \u0219i 85 de participan\u021bi au explorat dimensiunile fiziologice, psihologice \u0219i clinice ale somnului, eviden\u021biind importan\u021ba sa pentru s\u0103n\u0103tate \u0219i consecin\u021bele tulbur\u0103rilor de somn.<\/p>\n<p>[\/vc_column_text][\/vc_column][\/vc_row][\/vc_section][vc_row][vc_column width=&#8221;1\/2&#8243;][vc_column_text css=&#8221;&#8221;]<\/p>\n<p data-start=\"0\" data-end=\"544\">Dup\u0103 deschiderea oficial\u0103, participan\u021bii au primit o imagine de ansamblu asupra bazelor fiziologice ale somnului, a importan\u021bei fazelor acestuia, precum \u0219i asupra aspectelor legate de ritmul circadian \u00een func\u021bie de v\u00e2rst\u0103, sex \u0219i afec\u021biuni neurodegenerative, prezentate de lectori de renume. Programul de vineri sear\u0103 a abordat perspectiva psihodinamic\u0103 a somnului, precum \u0219i rolul tulbur\u0103rilor de somn \u00een boala Parkinson \u0219i sindromul picioarelor nelini\u0219tite. Prelegerile \u0219tiin\u021bifice au fost urmate de un program cultural \u0219i discu\u021bii informale.<\/p>\n<p data-start=\"546\" data-end=\"1207\" data-is-last-node=\"\" data-is-only-node=\"\">Ziua de s\u00e2mb\u0103t\u0103 s-a concentrat pe modific\u0103rile proceselor metabolice \u00een timpul somnului \u0219i pe consecin\u021bele tulbur\u0103rilor de somn asupra s\u0103n\u0103t\u0103\u021bii. Lectorii au prezentat rolul acestora \u00een apari\u021bia obezit\u0103\u021bii \u0219i a diabetului, precum \u0219i riscurile cardiovasculare asociate cu sindromul de apnee \u00een somn. \u00cen cursul dimine\u021bii, s-a discutat despre rolul EEG-ului de somn ca biomarker, despre tulbur\u0103rile de somn asociate cu bolile endocrine, precum \u0219i despre avantajele \u0219i dezavantajele utiliz\u0103rii somniferelor. Simpozionul s-a \u00eencheiat cu o sesiune comun\u0103 de evaluare, \u00een cadrul c\u0103reia participan\u021bii au avut ocazia s\u0103 sintetizeze \u0219i s\u0103 dezbat\u0103 informa\u021biile prezentate.<\/p>\n<p>[\/vc_column_text][\/vc_column][vc_column width=&#8221;1\/2&#8243;][vc_single_image image=&#8221;1963&#8243; img_size=&#8221;large&#8221; css=&#8221;&#8221;][\/vc_column][\/vc_row]<\/p>\n<\/div>","protected":false},"excerpt":{"rendered":"<p>[vc_row full_width=&#8221;stretch_row&#8221; content_placement=&#8221;middle&#8221; el_id=&#8221;innerHero&#8221; el_class=&#8221;row-hero-programs&#8221; css=&#8221;.vc_custom_1765889497454{background-image: url(https:\/\/szentbalazs.ro\/wp-content\/uploads\/2025\/07\/Mikrobiom-konferencia_fullres_Metz-Balazs-658-scaled.jpg?id=2707) !important;background-position: center !important;background-repeat: no-repeat !important;background-size: cover !important;}&#8221;][vc_column][vc_custom_heading text=&#8221;Simpozionul despre Somn&#8221; font_container=&#8221;tag:h2|text_align:center&#8221; use_theme_fonts=&#8221;yes&#8221; css=&#8221;&#8221;][\/vc_column][\/vc_row][vc_section full_width=&#8221;stretch_row&#8221; el_class=&#8221;bg-color-featured-1&#8243;][vc_row][vc_column width=&#8221;1\/2&#8243;][vc_single_image image=&#8221;2570&#8243; img_size=&#8221;large&#8221; css=&#8221;&#8221;][\/vc_column][vc_column width=&#8221;1\/2&#8243;][vc_column_text css=&#8221;&#8221;] \u00cen perioada 16\u201317 noiembrie 2018, Colegiul Medical \u0219i de S\u0103n\u0103tate Reformat \u201eGecse D\u00e1niel\u201d a g\u0103zduit conferin\u021ba intitulat\u0103 Simpozionul Somnului, unde, pe parcursul a dou\u0103 zile, 12 lectori&hellip;<\/p>\n","protected":false},"author":1,"featured_media":0,"parent":0,"menu_order":0,"comment_status":"closed","ping_status":"closed","template":"","meta":{"footnotes":""},"class_list":["post-1958","page","type-page","status-publish","hentry","description-off"],"_links":{"self":[{"href":"https:\/\/szentbalazs.ro\/ro\/wp-json\/wp\/v2\/pages\/1958","targetHints":{"allow":["GET"]}}],"collection":[{"href":"https:\/\/szentbalazs.ro\/ro\/wp-json\/wp\/v2\/pages"}],"about":[{"href":"https:\/\/szentbalazs.ro\/ro\/wp-json\/wp\/v2\/types\/page"}],"author":[{"embeddable":true,"href":"https:\/\/szentbalazs.ro\/ro\/wp-json\/wp\/v2\/users\/1"}],"replies":[{"embeddable":true,"href":"https:\/\/szentbalazs.ro\/ro\/wp-json\/wp\/v2\/comments?post=1958"}],"version-history":[{"count":5,"href":"https:\/\/szentbalazs.ro\/ro\/wp-json\/wp\/v2\/pages\/1958\/revisions"}],"predecessor-version":[{"id":3007,"href":"https:\/\/szentbalazs.ro\/ro\/wp-json\/wp\/v2\/pages\/1958\/revisions\/3007"}],"wp:attachment":[{"href":"https:\/\/szentbalazs.ro\/ro\/wp-json\/wp\/v2\/media?parent=1958"}],"curies":[{"name":"wp","href":"https:\/\/api.w.org\/{rel}","templated":true}]}}