{"id":1943,"date":"2025-06-13T11:42:48","date_gmt":"2025-06-13T09:42:48","guid":{"rendered":"https:\/\/szentbalazs.ro\/?page_id=1943"},"modified":"2025-12-16T13:41:43","modified_gmt":"2025-12-16T12:41:43","slug":"conferinta-de-medicina-digitala","status":"publish","type":"page","link":"https:\/\/szentbalazs.ro\/ro\/conferinta-de-medicina-digitala\/","title":{"rendered":"Conferin\u021ba de Medicin\u0103 Digital\u0103"},"content":{"rendered":"<div class=\"wpb-content-wrapper\"><p>[vc_row full_width=&#8221;stretch_row&#8221; content_placement=&#8221;middle&#8221; el_id=&#8221;innerHero&#8221; el_class=&#8221;row-hero-programs&#8221; css=&#8221;.vc_custom_1765888844139{background-image: url(https:\/\/szentbalazs.ro\/wp-content\/uploads\/2025\/06\/IMG_7869.jpg?id=1948) !important;background-position: center !important;background-repeat: no-repeat !important;background-size: cover !important;}&#8221;][vc_column][vc_custom_heading text=&#8221;Conferin\u021ba de Medicin\u0103 Digital\u0103&#8221; font_container=&#8221;tag:h2|text_align:center&#8221; use_theme_fonts=&#8221;yes&#8221; css=&#8221;&#8221;][\/vc_column][\/vc_row][vc_section][vc_row][vc_column width=&#8221;1\/2&#8243;][vc_single_image image=&#8221;2567&#8243; img_size=&#8221;large&#8221; css=&#8221;&#8221;][\/vc_column][vc_column width=&#8221;1\/2&#8243;][vc_column_text css=&#8221;&#8221;]<\/p>\n<p>\u00centre 22 \u0219i 24 noiembrie 2019, Universitatea Sapientia din Transilvania a g\u0103zduit conferin\u021ba <strong data-start=\"93\" data-end=\"116\">\u201eMedicina Digital\u0103\u201d<\/strong>, unde, pe parcursul a trei zile, 29 de lectori \u0219i 126 de participan\u021bi au explorat oportunit\u0103\u021bile de dezvoltare ale s\u0103n\u0103t\u0103\u021bii digitale.[\/vc_column_text][\/vc_column][\/vc_row][\/vc_section][vc_section full_width=&#8221;stretch_row&#8221; el_class=&#8221;bg-color-featured-1&#8243;][vc_row][vc_column width=&#8221;1\/2&#8243;][vc_column_text css=&#8221;&#8221;]<\/p>\n<p data-start=\"0\" data-end=\"382\">La conferin\u021b\u0103 s-au discutat subiecte variind de la aplica\u021biile \u00een terapie intensiv\u0103 \u0219i rolul inteligen\u021bei artificiale \u00een diagnostic, p\u00e2n\u0103 la impactul re\u021belelor sociale asupra men\u021binerii s\u0103n\u0103t\u0103\u021bii. Un interes deosebit a fost acordat temelor actuale, precum leg\u0103tura dintre genomic\u0103 \u0219i informatic\u0103, instrumentele inteligente de preven\u021bie \u0219i viitorul digital al oncologiei de precizie.<\/p>\n<p data-start=\"384\" data-end=\"891\" data-is-last-node=\"\" data-is-only-node=\"\">Conferin\u021ba a oferit un cadru valoros nu doar pentru prezent\u0103rile teoretice, ci \u0219i pentru transmiterea cuno\u0219tin\u021belor practice. Atelierele desf\u0103\u0219urate \u00een paralel \u2013 fie c\u0103 au vizat scanarea intraoral\u0103 3D, implantologia minim invaziv\u0103 sau digitalizarea consim\u021b\u0103m\u00e2ntului \u2013 au facilitat o experien\u021b\u0103 direct\u0103 mai aprofundat\u0103. \u00cen \u00eencheiere, printr-un forum de discu\u021bii, participan\u021bii au c\u0103utat r\u0103spunsuri la \u00eentrebarea unde se situeaz\u0103 rolul medicului \u00een procesul de vindecare, \u00een contextul avansului digitaliz\u0103rii.<\/p>\n<p>[\/vc_column_text][\/vc_column][vc_column width=&#8221;1\/2&#8243;][vc_single_image image=&#8221;1954&#8243; img_size=&#8221;large&#8221; css=&#8221;&#8221;][\/vc_column][\/vc_row][\/vc_section]<\/p>\n<\/div>","protected":false},"excerpt":{"rendered":"<p>[vc_row full_width=&#8221;stretch_row&#8221; content_placement=&#8221;middle&#8221; el_id=&#8221;innerHero&#8221; el_class=&#8221;row-hero-programs&#8221; css=&#8221;.vc_custom_1765888844139{background-image: url(https:\/\/szentbalazs.ro\/wp-content\/uploads\/2025\/06\/IMG_7869.jpg?id=1948) !important;background-position: center !important;background-repeat: no-repeat !important;background-size: cover !important;}&#8221;][vc_column][vc_custom_heading text=&#8221;Conferin\u021ba de Medicin\u0103 Digital\u0103&#8221; font_container=&#8221;tag:h2|text_align:center&#8221; use_theme_fonts=&#8221;yes&#8221; css=&#8221;&#8221;][\/vc_column][\/vc_row][vc_section][vc_row][vc_column width=&#8221;1\/2&#8243;][vc_single_image image=&#8221;2567&#8243; img_size=&#8221;large&#8221; css=&#8221;&#8221;][\/vc_column][vc_column width=&#8221;1\/2&#8243;][vc_column_text css=&#8221;&#8221;] \u00centre 22 \u0219i 24 noiembrie 2019, Universitatea Sapientia din Transilvania a g\u0103zduit conferin\u021ba \u201eMedicina Digital\u0103\u201d, unde, pe parcursul a trei zile, 29 de lectori \u0219i 126 de participan\u021bi&hellip;<\/p>\n","protected":false},"author":1,"featured_media":0,"parent":0,"menu_order":0,"comment_status":"closed","ping_status":"closed","template":"","meta":{"footnotes":""},"class_list":["post-1943","page","type-page","status-publish","hentry","description-off"],"_links":{"self":[{"href":"https:\/\/szentbalazs.ro\/ro\/wp-json\/wp\/v2\/pages\/1943","targetHints":{"allow":["GET"]}}],"collection":[{"href":"https:\/\/szentbalazs.ro\/ro\/wp-json\/wp\/v2\/pages"}],"about":[{"href":"https:\/\/szentbalazs.ro\/ro\/wp-json\/wp\/v2\/types\/page"}],"author":[{"embeddable":true,"href":"https:\/\/szentbalazs.ro\/ro\/wp-json\/wp\/v2\/users\/1"}],"replies":[{"embeddable":true,"href":"https:\/\/szentbalazs.ro\/ro\/wp-json\/wp\/v2\/comments?post=1943"}],"version-history":[{"count":4,"href":"https:\/\/szentbalazs.ro\/ro\/wp-json\/wp\/v2\/pages\/1943\/revisions"}],"predecessor-version":[{"id":3003,"href":"https:\/\/szentbalazs.ro\/ro\/wp-json\/wp\/v2\/pages\/1943\/revisions\/3003"}],"wp:attachment":[{"href":"https:\/\/szentbalazs.ro\/ro\/wp-json\/wp\/v2\/media?parent=1943"}],"curies":[{"name":"wp","href":"https:\/\/api.w.org\/{rel}","templated":true}]}}