{"id":1931,"date":"2025-06-13T11:36:05","date_gmt":"2025-06-13T09:36:05","guid":{"rendered":"https:\/\/szentbalazs.ro\/?page_id=1931"},"modified":"2025-12-16T11:06:32","modified_gmt":"2025-12-16T10:06:32","slug":"conferinta-despre-sanatatea-mentala","status":"publish","type":"page","link":"https:\/\/szentbalazs.ro\/ro\/conferinta-despre-sanatatea-mentala\/","title":{"rendered":"Conferin\u021ba despre S\u0103n\u0103tatea Mental\u0103"},"content":{"rendered":"<div class=\"wpb-content-wrapper\"><p>[vc_row full_width=&#8221;stretch_row&#8221; content_placement=&#8221;middle&#8221; el_id=&#8221;innerHero&#8221; el_class=&#8221;row-hero-programs&#8221; css=&#8221;.vc_custom_1765879227373{background-image: url(https:\/\/szentbalazs.ro\/wp-content\/uploads\/2025\/06\/DSC_6889-scaled.jpg?id=1936) !important;background-position: center !important;background-repeat: no-repeat !important;background-size: cover !important;}&#8221;][vc_column][vc_custom_heading text=&#8221;Conferin\u021ba despre S\u0103n\u0103tatea Mental\u0103&#8221; font_container=&#8221;tag:h2|text_align:center&#8221; use_theme_fonts=&#8221;yes&#8221; css=&#8221;&#8221;][\/vc_column][\/vc_row][vc_section][vc_row][vc_column width=&#8221;1\/2&#8243;][vc_single_image image=&#8221;2561&#8243; img_size=&#8221;large&#8221; css=&#8221;&#8221;][\/vc_column][vc_column width=&#8221;1\/2&#8243;][vc_column_text css=&#8221;&#8221;]<\/p>\n<p data-start=\"0\" data-end=\"287\">\u00centre 18\u201320 februarie 2022, Palatul Culturii a g\u0103zduit conferin\u021ba <strong data-start=\"66\" data-end=\"89\">\u201eS\u0103n\u0103tatea Mental\u0103\u201d<\/strong>, unde, pe parcursul a trei zile, 27 de lectori \u0219i 137 de participan\u021bi au c\u0103utat \u00eempreun\u0103 r\u0103spunsuri la \u00eentrebarea cum ne putem men\u021bine echilibrul psihic \u0219i spiritual \u00eentr-o lume marcat\u0103 de crize.<\/p>\n<p data-start=\"289\" data-end=\"459\" data-is-last-node=\"\" data-is-only-node=\"\">Programul bogat a alternat prezent\u0103ri, ateliere \u0219i expozi\u021bii, iar \u00eent\u00e2lnirile inspiratoare \u0219i discu\u021biile profunde au sprijinit participan\u021bii \u00een re\u00eenc\u0103rcare \u0219i regenerare.<\/p>\n<p>[\/vc_column_text][\/vc_column][\/vc_row][\/vc_section][vc_section full_width=&#8221;stretch_row&#8221; el_class=&#8221;bg-color-featured-1&#8243;][vc_row][vc_column width=&#8221;1\/2&#8243;][vc_column_text css=&#8221;&#8221;]<\/p>\n<p data-start=\"0\" data-end=\"592\">Crizele globale din ultimii ani \u2013 fie ca \u0219i cauze, fie ca \u0219i consecin\u021be \u2013 au atras tot mai mult aten\u021bia asupra crizei s\u0103n\u0103t\u0103\u021bii mentale. Procesul, care se desf\u0103\u0219oar\u0103 de aproape un deceniu, s-a intensificat \u00een urma evenimentelor recente. \u00centr-o lume accelerat\u0103, marcat\u0103 de pandemii \u0219i schimb\u0103ri sociale, igiena mental\u0103 a cadrelor medicale a devenit deosebit de vulnerabil\u0103: pe l\u00e2ng\u0103 provoc\u0103rile zilnice asem\u0103n\u0103toare unor interven\u021bii de urgen\u021b\u0103, echilibrul lor sufletesc este neglijat, de\u0219i tocmai \u00een aceste vremuri este nevoie mai mult ca niciodat\u0103 de funda\u021bii stabile \u0219i preg\u0103tire interioar\u0103.<\/p>\n<p data-start=\"594\" data-end=\"792\" data-is-last-node=\"\" data-is-only-node=\"\">Din aceast\u0103 con\u0219tientizare a luat na\u0219tere ideea conferin\u021bei, care \u0219i-a propus s\u0103 g\u0103seasc\u0103 r\u0103spunsuri la \u00eentrebarea: cum ne putem men\u021bine sau rec\u0103p\u0103ta s\u0103n\u0103tatea psihic\u0103 \u0219i spiritual\u0103 \u00een era crizelor?<\/p>\n<p>[\/vc_column_text][\/vc_column][vc_column width=&#8221;1\/2&#8243;][vc_single_image image=&#8221;1939&#8243; img_size=&#8221;large&#8221; css=&#8221;&#8221;][\/vc_column][\/vc_row][\/vc_section]<\/p>\n<\/div>","protected":false},"excerpt":{"rendered":"<p>[vc_row full_width=&#8221;stretch_row&#8221; content_placement=&#8221;middle&#8221; el_id=&#8221;innerHero&#8221; el_class=&#8221;row-hero-programs&#8221; css=&#8221;.vc_custom_1765879227373{background-image: url(https:\/\/szentbalazs.ro\/wp-content\/uploads\/2025\/06\/DSC_6889-scaled.jpg?id=1936) !important;background-position: center !important;background-repeat: no-repeat !important;background-size: cover !important;}&#8221;][vc_column][vc_custom_heading text=&#8221;Conferin\u021ba despre S\u0103n\u0103tatea Mental\u0103&#8221; font_container=&#8221;tag:h2|text_align:center&#8221; use_theme_fonts=&#8221;yes&#8221; css=&#8221;&#8221;][\/vc_column][\/vc_row][vc_section][vc_row][vc_column width=&#8221;1\/2&#8243;][vc_single_image image=&#8221;2561&#8243; img_size=&#8221;large&#8221; css=&#8221;&#8221;][\/vc_column][vc_column width=&#8221;1\/2&#8243;][vc_column_text css=&#8221;&#8221;] \u00centre 18\u201320 februarie 2022, Palatul Culturii a g\u0103zduit conferin\u021ba \u201eS\u0103n\u0103tatea Mental\u0103\u201d, unde, pe parcursul a trei zile, 27 de lectori \u0219i 137 de participan\u021bi au c\u0103utat \u00eempreun\u0103 r\u0103spunsuri&hellip;<\/p>\n","protected":false},"author":1,"featured_media":0,"parent":0,"menu_order":0,"comment_status":"closed","ping_status":"closed","template":"","meta":{"footnotes":""},"class_list":["post-1931","page","type-page","status-publish","hentry","description-off"],"_links":{"self":[{"href":"https:\/\/szentbalazs.ro\/ro\/wp-json\/wp\/v2\/pages\/1931","targetHints":{"allow":["GET"]}}],"collection":[{"href":"https:\/\/szentbalazs.ro\/ro\/wp-json\/wp\/v2\/pages"}],"about":[{"href":"https:\/\/szentbalazs.ro\/ro\/wp-json\/wp\/v2\/types\/page"}],"author":[{"embeddable":true,"href":"https:\/\/szentbalazs.ro\/ro\/wp-json\/wp\/v2\/users\/1"}],"replies":[{"embeddable":true,"href":"https:\/\/szentbalazs.ro\/ro\/wp-json\/wp\/v2\/comments?post=1931"}],"version-history":[{"count":8,"href":"https:\/\/szentbalazs.ro\/ro\/wp-json\/wp\/v2\/pages\/1931\/revisions"}],"predecessor-version":[{"id":3000,"href":"https:\/\/szentbalazs.ro\/ro\/wp-json\/wp\/v2\/pages\/1931\/revisions\/3000"}],"wp:attachment":[{"href":"https:\/\/szentbalazs.ro\/ro\/wp-json\/wp\/v2\/media?parent=1931"}],"curies":[{"name":"wp","href":"https:\/\/api.w.org\/{rel}","templated":true}]}}