{"id":1912,"date":"2025-06-13T11:16:39","date_gmt":"2025-06-13T09:16:39","guid":{"rendered":"https:\/\/szentbalazs.ro\/?page_id=1912"},"modified":"2025-12-12T12:00:19","modified_gmt":"2025-12-12T11:00:19","slug":"conferinta-primum-nil-nocere","status":"publish","type":"page","link":"https:\/\/szentbalazs.ro\/ro\/conferinta-primum-nil-nocere\/","title":{"rendered":"Conferin\u021ba Primum Nil Nocere"},"content":{"rendered":"<div class=\"wpb-content-wrapper\"><p>[vc_row full_width=&#8221;stretch_row&#8221; content_placement=&#8221;middle&#8221; el_id=&#8221;innerHero&#8221; el_class=&#8221;row-hero-programs&#8221; css=&#8221;.vc_custom_1765537100275{background-image: url(https:\/\/szentbalazs.ro\/wp-content\/uploads\/2025\/05\/KovI-13-scaled.jpg?id=1918) !important;background-position: center !important;background-repeat: no-repeat !important;background-size: cover !important;}&#8221;][vc_column][vc_custom_heading text=&#8221;Conferin\u021ba Primum Nil Nocere&#8221; font_container=&#8221;tag:h2|text_align:center&#8221; use_theme_fonts=&#8221;yes&#8221; css=&#8221;&#8221;][\/vc_column][\/vc_row][vc_section][vc_row][vc_column width=&#8221;1\/2&#8243;][vc_single_image image=&#8221;2555&#8243; img_size=&#8221;large&#8221; css=&#8221;&#8221;][\/vc_column][vc_column width=&#8221;1\/2&#8243;][vc_column_text css=&#8221;&#8221;]<\/p>\n<p data-start=\"0\" data-end=\"390\">\u00centre 17\u201319 februarie 2023, Palatul Culturii a g\u0103zduit conferin\u021ba <strong data-start=\"66\" data-end=\"131\">\u201ePrimum Nil Nocere \u2013 Erorile medicale \u0219i prevenirea acestora\u201d<\/strong>, unde, pe parcursul a trei zile, 29 de lectori \u0219i 271 de participan\u021bi au \u00eencercat s\u0103 aduc\u0103 \u00een discu\u021bie \u0219i s\u0103 exploreze una dintre cele mai reale probleme ale existen\u021bei noastre medicale \u0219i profesionale \u2013 dintr-o perspectiv\u0103 medical\u0103, social\u0103 \u0219i spiritual\u0103. Confruntarea cu gre\u0219elile este esen\u021bial\u0103 pentru ca ele s\u0103 poat\u0103 fi prevenite \u0219i s\u0103 devin\u0103 surse de \u00eenv\u0103\u021bare \u0219i progres.<\/p>\n<p>[\/vc_column_text][\/vc_column][\/vc_row][\/vc_section][vc_section full_width=&#8221;stretch_row&#8221; el_class=&#8221;bg-color-featured-1&#8243;][vc_row][vc_column width=&#8221;1\/2&#8243;][vc_column_text css=&#8221;&#8221;]<\/p>\n<article class=\"text-token-text-primary w-full\" dir=\"auto\" data-testid=\"conversation-turn-26\" data-scroll-anchor=\"true\">\n<div class=\"text-base my-auto mx-auto py-5 [--thread-content-margin:--spacing(4)] @[37rem]:[--thread-content-margin:--spacing(6)] @[72rem]:[--thread-content-margin:--spacing(16)] px-(--thread-content-margin)\">\n<div class=\"[--thread-content-max-width:32rem] @[34rem]:[--thread-content-max-width:40rem] @[64rem]:[--thread-content-max-width:48rem] mx-auto flex max-w-(--thread-content-max-width) flex-1 text-base gap-4 md:gap-5 lg:gap-6 group\/turn-messages focus-visible:outline-hidden\" tabindex=\"-1\">\n<div class=\"group\/conversation-turn relative flex w-full min-w-0 flex-col agent-turn\">\n<div class=\"relative flex-col gap-1 md:gap-3\">\n<div class=\"flex max-w-full flex-col grow\">\n<div class=\"min-h-8 text-message relative flex w-full flex-col items-end gap-2 text-start break-words whitespace-normal [.text-message+&amp;]:mt-5\" dir=\"auto\" data-message-author-role=\"assistant\" data-message-id=\"134e0a74-ce31-44de-8372-ace9d598deda\" data-message-model-slug=\"gpt-4o\">\n<div class=\"flex w-full flex-col gap-1 empty:hidden first:pt-[3px]\">\n<div class=\"markdown prose dark:prose-invert w-full break-words light\">\n<p data-start=\"0\" data-end=\"424\">\u00cen profesia medical\u0103, posibilitatea de a gre\u0219i este o realitate constant\u0103 \u2013 parte integrant\u0103 a naturii noastre umane \u2013, \u00eens\u0103 greutatea acestor gre\u0219eli se situeaz\u0103 adesea la grani\u021ba dintre via\u021b\u0103 \u0219i moarte. \u00cen cadrul conferin\u021bei, am explorat ce \u00eenseamn\u0103 s\u0103 gre\u0219e\u0219ti \u00een medicin\u0103, unde se traseaz\u0103 limitele dintre \u00eent\u00e2mplare, omisiune \u0219i eroare profesional\u0103, precum \u0219i care sunt factorii ce pot contribui la prevenirea acestora.<\/p>\n<p data-start=\"426\" data-end=\"897\" data-is-last-node=\"\" data-is-only-node=\"\">Evenimentul, organizat din perspectiva multidisciplinar\u0103 promovat\u0103 de Funda\u021bia Sf\u00e2ntul Blaziu, a reunit puncte de vedere medicale, etice, sociale \u0219i spirituale, \u00een \u00eencercarea de a g\u0103si r\u0103spunsuri. Scopul a fost acela de a privi \u00een fa\u021b\u0103 realitatea erorilor \u2013 nu pentru a judeca, ci pentru a \u00eenv\u0103\u021ba din ele \u0219i a ne dezvolta prin intermediul lor. Sper\u0103m c\u0103 prezent\u0103rile, atelierele \u0219i \u00eent\u00e2lnirile au contribuit la \u00eembog\u0103\u021birea profesional\u0103 \u0219i uman\u0103 a tuturor participan\u021bilor.<\/p>\n<\/div>\n<\/div>\n<\/div>\n<\/div>\n<div class=\"flex min-h-[46px] justify-start\">\n<div class=\"touch:-me-2 touch:-ms-3.5 -ms-2.5 -me-1 flex items-center p-1 select-none -mt-1 w-full duration-[1.5s] focus-within:transition-none hover:transition-none pointer-events-none [mask-image:linear-gradient(to_right,black_33%,transparent_66%)] [mask-size:300%_100%] [mask-position:100%_0%] motion-safe:transition-[mask-position] group-hover\/turn-messages:pointer-events-auto group-hover\/turn-messages:[mask-position:0_0] group-focus-within\/turn-messages:pointer-events-auto group-focus-within\/turn-messages:[mask-position:0_0] has-data-[state=open]:pointer-events-auto has-data-[state=open]:[mask-position:0_0]\">\n<div class=\"flex items-center\"><\/div>\n<\/div>\n<\/div>\n<div class=\"mt-3 w-full empty:hidden\">\n<div class=\"text-center\"><\/div>\n<\/div>\n<\/div>\n<div class=\"absolute\">\n<div class=\"flex items-center justify-center\"><\/div>\n<\/div>\n<\/div>\n<\/div>\n<\/div>\n<\/article>\n<div class=\"pointer-events-none h-px w-px\" aria-hidden=\"true\" data-edge=\"true\"><\/div>\n<p>[\/vc_column_text][\/vc_column][vc_column width=&#8221;1\/2&#8243;][vc_single_image image=&#8221;1921&#8243; img_size=&#8221;large&#8221; css=&#8221;&#8221;][\/vc_column][\/vc_row][\/vc_section]<\/p>\n<\/div>","protected":false},"excerpt":{"rendered":"<p>[vc_row full_width=&#8221;stretch_row&#8221; content_placement=&#8221;middle&#8221; el_id=&#8221;innerHero&#8221; el_class=&#8221;row-hero-programs&#8221; css=&#8221;.vc_custom_1765537100275{background-image: url(https:\/\/szentbalazs.ro\/wp-content\/uploads\/2025\/05\/KovI-13-scaled.jpg?id=1918) !important;background-position: center !important;background-repeat: no-repeat !important;background-size: cover !important;}&#8221;][vc_column][vc_custom_heading text=&#8221;Conferin\u021ba Primum Nil Nocere&#8221; font_container=&#8221;tag:h2|text_align:center&#8221; use_theme_fonts=&#8221;yes&#8221; css=&#8221;&#8221;][\/vc_column][\/vc_row][vc_section][vc_row][vc_column width=&#8221;1\/2&#8243;][vc_single_image image=&#8221;2555&#8243; img_size=&#8221;large&#8221; css=&#8221;&#8221;][\/vc_column][vc_column width=&#8221;1\/2&#8243;][vc_column_text css=&#8221;&#8221;] \u00centre 17\u201319 februarie 2023, Palatul Culturii a g\u0103zduit conferin\u021ba \u201ePrimum Nil Nocere \u2013 Erorile medicale \u0219i prevenirea acestora\u201d, unde, pe parcursul a trei zile, 29 de lectori \u0219i&hellip;<\/p>\n","protected":false},"author":1,"featured_media":0,"parent":0,"menu_order":0,"comment_status":"closed","ping_status":"closed","template":"","meta":{"footnotes":""},"class_list":["post-1912","page","type-page","status-publish","hentry","description-off"],"_links":{"self":[{"href":"https:\/\/szentbalazs.ro\/ro\/wp-json\/wp\/v2\/pages\/1912","targetHints":{"allow":["GET"]}}],"collection":[{"href":"https:\/\/szentbalazs.ro\/ro\/wp-json\/wp\/v2\/pages"}],"about":[{"href":"https:\/\/szentbalazs.ro\/ro\/wp-json\/wp\/v2\/types\/page"}],"author":[{"embeddable":true,"href":"https:\/\/szentbalazs.ro\/ro\/wp-json\/wp\/v2\/users\/1"}],"replies":[{"embeddable":true,"href":"https:\/\/szentbalazs.ro\/ro\/wp-json\/wp\/v2\/comments?post=1912"}],"version-history":[{"count":5,"href":"https:\/\/szentbalazs.ro\/ro\/wp-json\/wp\/v2\/pages\/1912\/revisions"}],"predecessor-version":[{"id":2992,"href":"https:\/\/szentbalazs.ro\/ro\/wp-json\/wp\/v2\/pages\/1912\/revisions\/2992"}],"wp:attachment":[{"href":"https:\/\/szentbalazs.ro\/ro\/wp-json\/wp\/v2\/media?parent=1912"}],"curies":[{"name":"wp","href":"https:\/\/api.w.org\/{rel}","templated":true}]}}