{"id":1901,"date":"2025-06-13T11:08:20","date_gmt":"2025-06-13T09:08:20","guid":{"rendered":"https:\/\/szentbalazs.ro\/?page_id=1901"},"modified":"2025-12-12T11:49:20","modified_gmt":"2025-12-12T10:49:20","slug":"conferinta-dimensiunilor-ascunse","status":"publish","type":"page","link":"https:\/\/szentbalazs.ro\/ro\/conferinta-dimensiunilor-ascunse\/","title":{"rendered":"Conferin\u021ba Dimensiunilor Ascunse"},"content":{"rendered":"<div class=\"wpb-content-wrapper\"><p>[vc_row full_width=&#8221;stretch_row&#8221; content_placement=&#8221;middle&#8221; el_id=&#8221;innerHero&#8221; el_class=&#8221;row-hero-programs&#8221; css=&#8221;.vc_custom_1765536539220{background-image: url(https:\/\/szentbalazs.ro\/wp-content\/uploads\/2025\/05\/Rejtett_Dimenziok2024_SVR62835_87.jpg?id=1905) !important;background-position: center !important;background-repeat: no-repeat !important;background-size: cover !important;}&#8221;][vc_column][vc_custom_heading text=&#8221;Conferin\u021ba Dimensiunilor Ascunse&#8221; font_container=&#8221;tag:h2|text_align:center&#8221; use_theme_fonts=&#8221;yes&#8221; css=&#8221;&#8221;][\/vc_column][\/vc_row][vc_section][vc_row][vc_column width=&#8221;1\/2&#8243;][vc_single_image image=&#8221;2539&#8243; img_size=&#8221;large&#8221; css=&#8221;&#8221;][\/vc_column][vc_column width=&#8221;1\/2&#8243;][vc_column_text css=&#8221;&#8221;]<\/p>\n<p>\u00centre 16\u201318 februarie 2024, Palatul Culturii a g\u0103zduit conferin\u021ba intitulat\u0103 <strong data-start=\"77\" data-end=\"135\">\u201eDimensiuni ascunse: Fundalul psiho-social al bolilor\u201d<\/strong>, unde, pe parcursul a trei zile, 32 de vorbitori \u0219i 494 de participan\u021bi au abordat contextul multidimensional al bolii printr-o perspectiv\u0103 practic\u0103, axat\u0103 pe cazuri concrete \u0219i particularit\u0103\u021bi, pun\u00e2nd \u00een dialog idei \u0219i principii diferite.[\/vc_column_text][\/vc_column][\/vc_row][\/vc_section][vc_section full_width=&#8221;stretch_row&#8221; el_class=&#8221;bg-color-featured-1&#8243;][vc_row][vc_column width=&#8221;1\/2&#8243;][vc_column_text css=&#8221;&#8221;]<\/p>\n<p data-start=\"0\" data-end=\"268\">A\u0219a cum perceperea spa\u021bial\u0103 a unui obiect necesit\u0103 vedere \u00een trei dimensiuni, tot astfel \u00een\u021belegerea profund\u0103 a unor concepte implic\u0103 abordarea lor din multiple perspective. Conferin\u021ba desf\u0103\u0219urat\u0103 a explorat natura complex\u0103 \u0219i multidimensional\u0103 a s\u0103n\u0103t\u0103\u021bii \u0219i a bolii.<\/p>\n<p data-start=\"270\" data-end=\"598\">Potrivit interpret\u0103rii Organiza\u021biei Mondiale a S\u0103n\u0103t\u0103\u021bii, acestea nu reprezint\u0103 doar st\u0103ri fizice, ci \u0219i condi\u021bii psihice \u0219i sociale, care se formeaz\u0103 printr-o varietate de interac\u021biuni. Dincolo de patomecanisme, evolu\u021bia bolilor este influen\u021bat\u0103 \u0219i de factori precum modelele sociale, traumele psihice sau prezen\u021ba distresului.<\/p>\n<p data-start=\"600\" data-end=\"858\" data-is-last-node=\"\" data-is-only-node=\"\">Pe parcursul evenimentului, prin exemple practice \u0219i confruntarea diferitelor perspective, am \u00eencercat s\u0103 oferim o \u00een\u021belegere mai nuan\u021bat\u0103 a posibilit\u0103\u021bilor de interpretare a bolii. Le mul\u021bumim tuturor celor care au participat la aceast\u0103 reflec\u021bie colectiv\u0103!<\/p>\n<p>[\/vc_column_text][\/vc_column][vc_column width=&#8221;1\/2&#8243;][vc_single_image image=&#8221;1908&#8243; img_size=&#8221;large&#8221; css=&#8221;&#8221;][\/vc_column][\/vc_row][\/vc_section]<\/p>\n<\/div>","protected":false},"excerpt":{"rendered":"<p>[vc_row full_width=&#8221;stretch_row&#8221; content_placement=&#8221;middle&#8221; el_id=&#8221;innerHero&#8221; el_class=&#8221;row-hero-programs&#8221; css=&#8221;.vc_custom_1765536539220{background-image: url(https:\/\/szentbalazs.ro\/wp-content\/uploads\/2025\/05\/Rejtett_Dimenziok2024_SVR62835_87.jpg?id=1905) !important;background-position: center !important;background-repeat: no-repeat !important;background-size: cover !important;}&#8221;][vc_column][vc_custom_heading text=&#8221;Conferin\u021ba Dimensiunilor Ascunse&#8221; font_container=&#8221;tag:h2|text_align:center&#8221; use_theme_fonts=&#8221;yes&#8221; css=&#8221;&#8221;][\/vc_column][\/vc_row][vc_section][vc_row][vc_column width=&#8221;1\/2&#8243;][vc_single_image image=&#8221;2539&#8243; img_size=&#8221;large&#8221; css=&#8221;&#8221;][\/vc_column][vc_column width=&#8221;1\/2&#8243;][vc_column_text css=&#8221;&#8221;] \u00centre 16\u201318 februarie 2024, Palatul Culturii a g\u0103zduit conferin\u021ba intitulat\u0103 \u201eDimensiuni ascunse: Fundalul psiho-social al bolilor\u201d, unde, pe parcursul a trei zile, 32 de vorbitori \u0219i 494 de participan\u021bi&hellip;<\/p>\n","protected":false},"author":1,"featured_media":0,"parent":0,"menu_order":0,"comment_status":"closed","ping_status":"closed","template":"","meta":{"footnotes":""},"class_list":["post-1901","page","type-page","status-publish","hentry","description-off"],"_links":{"self":[{"href":"https:\/\/szentbalazs.ro\/ro\/wp-json\/wp\/v2\/pages\/1901","targetHints":{"allow":["GET"]}}],"collection":[{"href":"https:\/\/szentbalazs.ro\/ro\/wp-json\/wp\/v2\/pages"}],"about":[{"href":"https:\/\/szentbalazs.ro\/ro\/wp-json\/wp\/v2\/types\/page"}],"author":[{"embeddable":true,"href":"https:\/\/szentbalazs.ro\/ro\/wp-json\/wp\/v2\/users\/1"}],"replies":[{"embeddable":true,"href":"https:\/\/szentbalazs.ro\/ro\/wp-json\/wp\/v2\/comments?post=1901"}],"version-history":[{"count":4,"href":"https:\/\/szentbalazs.ro\/ro\/wp-json\/wp\/v2\/pages\/1901\/revisions"}],"predecessor-version":[{"id":2986,"href":"https:\/\/szentbalazs.ro\/ro\/wp-json\/wp\/v2\/pages\/1901\/revisions\/2986"}],"wp:attachment":[{"href":"https:\/\/szentbalazs.ro\/ro\/wp-json\/wp\/v2\/media?parent=1901"}],"curies":[{"name":"wp","href":"https:\/\/api.w.org\/{rel}","templated":true}]}}