{"id":1885,"date":"2025-06-11T14:31:42","date_gmt":"2025-06-11T12:31:42","guid":{"rendered":"https:\/\/szentbalazs.ro\/?page_id=1885"},"modified":"2025-12-17T10:41:10","modified_gmt":"2025-12-17T09:41:10","slug":"medit-v","status":"publish","type":"page","link":"https:\/\/szentbalazs.ro\/ro\/medit-v\/","title":{"rendered":"MEDIT V"},"content":{"rendered":"<div class=\"wpb-content-wrapper\"><p>[vc_row full_width=&#8221;stretch_row&#8221; content_placement=&#8221;middle&#8221; el_id=&#8221;innerHero&#8221; el_class=&#8221;row-hero-programs&#8221; css=&#8221;.vc_custom_1765964337427{background-image: url(https:\/\/szentbalazs.ro\/wp-content\/uploads\/2025\/07\/IMG_7057-scaled.jpg?id=2594) !important;background-position: center !important;background-repeat: no-repeat !important;background-size: cover !important;}&#8221;][vc_column][vc_custom_heading text=&#8221;MEDIT V&#8221; font_container=&#8221;tag:h2|text_align:center&#8221; use_theme_fonts=&#8221;yes&#8221; css=&#8221;&#8221;][\/vc_column][\/vc_row][vc_section][vc_row][vc_column width=&#8221;1\/2&#8243;][vc_single_image image=&#8221;2598&#8243; img_size=&#8221;large&#8221; css=&#8221;&#8221;][\/vc_column][vc_column width=&#8221;1\/2&#8243;][vc_column_text css=&#8221;&#8221;]<\/p>\n<div class=\"flex flex-col text-sm pb-25\">\n<article class=\"text-token-text-primary w-full focus:outline-none [--shadow-height:45px] has-data-writing-block:pointer-events-none has-data-writing-block:-mt-(--shadow-height) has-data-writing-block:pt-(--shadow-height) [&amp;:has([data-writing-block])&gt;*]:pointer-events-auto scroll-mt-[calc(var(--header-height)+min(200px,max(70px,20svh)))]\" dir=\"auto\" tabindex=\"-1\" data-turn-id=\"request-69412b1d-a108-832e-93e7-bbf67aae7c19-1\" data-testid=\"conversation-turn-34\" data-scroll-anchor=\"true\" data-turn=\"assistant\">\n<div class=\"text-base my-auto mx-auto pb-10 [--thread-content-margin:--spacing(4)] @w-sm\/main:[--thread-content-margin:--spacing(6)] @w-lg\/main:[--thread-content-margin:--spacing(16)] px-(--thread-content-margin)\">\n<div class=\"[--thread-content-max-width:40rem] @w-lg\/main:[--thread-content-max-width:48rem] mx-auto max-w-(--thread-content-max-width) flex-1 group\/turn-messages focus-visible:outline-hidden relative flex w-full min-w-0 flex-col agent-turn\" tabindex=\"-1\">\n<div class=\"flex max-w-full flex-col grow\">\n<div class=\"min-h-8 text-message relative flex w-full flex-col items-end gap-2 text-start break-words whitespace-normal [.text-message+&amp;]:mt-1\" dir=\"auto\" data-message-author-role=\"assistant\" data-message-id=\"93c6d270-c49c-429c-9808-b3573738ebb6\" data-message-model-slug=\"gpt-5-2\">\n<div class=\"flex w-full flex-col gap-1 empty:hidden first:pt-[1px]\">\n<div class=\"markdown prose dark:prose-invert w-full break-words light markdown-new-styling\">\n<p data-start=\"1156\" data-end=\"1767\">Cea de-a 5-a \u00cent\u00e2lnire Maghiar\u0103 de Diabetologie din Transilvania a avut loc \u00een perioada 20\u201322 iunie 2025, la Szt\u00e1na, \u00een jude\u021bul S\u0103laj, cu participarea a aproximativ 40 de speciali\u0219ti din domeniul s\u0103n\u0103t\u0103\u021bii. Pe parcursul programului profesional de trei zile au fost abordate teme actuale \u0219i interdisciplinare, precum rela\u021bia dintre obezitate \u0219i diabet, noi medicamente antidiabetice, hipoglicemia, progresele tehnologice, precum \u0219i tumorile neuroendocrine \u0219i lipodistrofiile. \u00cen spiritul unei abord\u0103ri practice, au avut loc \u0219i numeroase discu\u021bii spontane despre provoc\u0103rile cotidiene din diabetologie.<\/p>\n<p data-start=\"1769\" data-end=\"2157\">Pe l\u00e2ng\u0103 programul \u0219tiin\u021bific, a existat timp \u0219i pentru experien\u021be comunitare: vineri seara a avut loc o cin\u0103 cu degustare de vinuri, cu sprijinul consulului onorific P\u00e9ter Tam\u00e1s, iar s\u00e2mb\u0103t\u0103 participan\u021bii au descoperit patrimoniul cultural al regiunii Kalotaszeg. Evenimentul a reprezentat un important punct de \u00eent\u00e2lnire at\u00e2t pentru speciali\u0219tii din \u021bar\u0103, c\u00e2t \u0219i pentru cei din Ungaria.<\/p>\n<p data-start=\"2159\" data-end=\"2330\" data-is-last-node=\"\" data-is-only-node=\"\">Mul\u021bumim pe aceast\u0103 cale lectorilor pentru con\u021binutul valoros, participan\u021bilor pentru implicarea activ\u0103, precum \u0219i sponsorilor \u0219i doamnei Enik\u0151 Ambrus pentru ospitalitate.<\/p>\n<\/div>\n<\/div>\n<\/div>\n<\/div>\n<\/div>\n<\/div>\n<\/article>\n<\/div>\n<p>[\/vc_column_text][\/vc_column][\/vc_row][\/vc_section]<\/p>\n<\/div>","protected":false},"excerpt":{"rendered":"<p>[vc_row full_width=&#8221;stretch_row&#8221; content_placement=&#8221;middle&#8221; el_id=&#8221;innerHero&#8221; el_class=&#8221;row-hero-programs&#8221; css=&#8221;.vc_custom_1765964337427{background-image: url(https:\/\/szentbalazs.ro\/wp-content\/uploads\/2025\/07\/IMG_7057-scaled.jpg?id=2594) !important;background-position: center !important;background-repeat: no-repeat !important;background-size: cover !important;}&#8221;][vc_column][vc_custom_heading text=&#8221;MEDIT V&#8221; font_container=&#8221;tag:h2|text_align:center&#8221; use_theme_fonts=&#8221;yes&#8221; css=&#8221;&#8221;][\/vc_column][\/vc_row][vc_section][vc_row][vc_column width=&#8221;1\/2&#8243;][vc_single_image image=&#8221;2598&#8243; img_size=&#8221;large&#8221; css=&#8221;&#8221;][\/vc_column][vc_column width=&#8221;1\/2&#8243;][vc_column_text css=&#8221;&#8221;] Cea de-a 5-a \u00cent\u00e2lnire Maghiar\u0103 de Diabetologie din Transilvania a avut loc \u00een perioada 20\u201322 iunie 2025, la Szt\u00e1na, \u00een jude\u021bul S\u0103laj, cu participarea a aproximativ 40 de speciali\u0219ti din&hellip;<\/p>\n","protected":false},"author":1,"featured_media":0,"parent":0,"menu_order":0,"comment_status":"closed","ping_status":"closed","template":"","meta":{"footnotes":""},"class_list":["post-1885","page","type-page","status-publish","hentry","description-off"],"_links":{"self":[{"href":"https:\/\/szentbalazs.ro\/ro\/wp-json\/wp\/v2\/pages\/1885","targetHints":{"allow":["GET"]}}],"collection":[{"href":"https:\/\/szentbalazs.ro\/ro\/wp-json\/wp\/v2\/pages"}],"about":[{"href":"https:\/\/szentbalazs.ro\/ro\/wp-json\/wp\/v2\/types\/page"}],"author":[{"embeddable":true,"href":"https:\/\/szentbalazs.ro\/ro\/wp-json\/wp\/v2\/users\/1"}],"replies":[{"embeddable":true,"href":"https:\/\/szentbalazs.ro\/ro\/wp-json\/wp\/v2\/comments?post=1885"}],"version-history":[{"count":10,"href":"https:\/\/szentbalazs.ro\/ro\/wp-json\/wp\/v2\/pages\/1885\/revisions"}],"predecessor-version":[{"id":3024,"href":"https:\/\/szentbalazs.ro\/ro\/wp-json\/wp\/v2\/pages\/1885\/revisions\/3024"}],"wp:attachment":[{"href":"https:\/\/szentbalazs.ro\/ro\/wp-json\/wp\/v2\/media?parent=1885"}],"curies":[{"name":"wp","href":"https:\/\/api.w.org\/{rel}","templated":true}]}}