{"id":1860,"date":"2025-06-13T10:55:05","date_gmt":"2025-06-13T08:55:05","guid":{"rendered":"https:\/\/szentbalazs.ro\/?page_id=1860"},"modified":"2025-12-12T11:39:10","modified_gmt":"2025-12-12T10:39:10","slug":"conferinta-microbiom","status":"publish","type":"page","link":"https:\/\/szentbalazs.ro\/ro\/conferinta-microbiom\/","title":{"rendered":"Conferin\u021ba Microbiom"},"content":{"rendered":"<div class=\"wpb-content-wrapper\"><p>[vc_row full_width=&#8221;stretch_row&#8221; content_placement=&#8221;middle&#8221; el_id=&#8221;innerHero&#8221; el_class=&#8221;row-hero-programs&#8221; css=&#8221;.vc_custom_1765535907091{background-image: url(https:\/\/szentbalazs.ro\/wp-content\/uploads\/2025\/07\/Mikrobiom-konferencia_fullres_Metz-Balazs-286-scaled.jpg?id=2400) !important;background-position: center !important;background-repeat: no-repeat !important;background-size: cover !important;}&#8221;][vc_column][vc_custom_heading text=&#8221;Conferin\u021ba Microbiom&#8221; font_container=&#8221;tag:h2|text_align:center&#8221; use_theme_fonts=&#8221;yes&#8221; css=&#8221;&#8221;][\/vc_column][\/vc_row][vc_section][vc_row][vc_column][\/vc_column][\/vc_row][vc_row][vc_column width=&#8221;1\/2&#8243;][vc_single_image image=&#8221;2533&#8243; img_size=&#8221;large&#8221; css=&#8221;&#8221;][\/vc_column][vc_column width=&#8221;1\/2&#8243;][vc_column_text css=&#8221;&#8221;]<\/p>\n<p>\u00centre 21 \u0219i 23 februarie 2025, Palatul Culturii a g\u0103zduit conferin\u021ba \u201eMICROBIOM: Convie\u021buire cu o lume invizibil\u0103\u201d, unde, pe parcursul a trei zile, 28 de lectori \u0219i 537 de participan\u021bi au explorat \u00eempreun\u0103 universul fascinant \u0219i \u00een continu\u0103 evolu\u021bie al cercet\u0103rii microbiomului.[\/vc_column_text][\/vc_column][\/vc_row][\/vc_section][vc_section full_width=&#8221;stretch_row&#8221; el_class=&#8221;bg-color-featured-1&#8243;][vc_row][vc_column width=&#8221;1\/2&#8243;][vc_column_text css=&#8221;&#8221;]<\/p>\n<p data-start=\"0\" data-end=\"257\">Prelegerile din prima zi de deschidere au eviden\u021biat rolul microbiomului \u00een func\u021bionarea sistemului imunitar, \u00een bolile infec\u021bioase \u0219i \u00een cercetarea farmaceutic\u0103. Seara, expozi\u021bii de art\u0103 au oferit perspective noi pentru \u00een\u021belegerea acestei lumi invizibile.<\/p>\n<p data-start=\"259\" data-end=\"574\">S\u00e2mb\u0103t\u0103, prezent\u0103rile au explorat leg\u0103turile microbiomului cu bolile metabolice, tumorile \u0219i sindromul de colon iritabil. Atelierele de lucru au abordat teme precum epigenetica, orientarea medical\u0103 \u0219i echilibrul florei intestinale. Seara s-a \u00eencheiat cu prelegeri de cardiologie \u0219i un spectacol de dansuri populare.<\/p>\n<p data-start=\"576\" data-end=\"804\" data-is-last-node=\"\" data-is-only-node=\"\">Duminic\u0103, \u00een prim-plan s-a aflat rolul microbiomului \u00een bolile neuropsihiatrice \u0219i endocrine, precum \u0219i \u00een dezvoltarea copilului. Evenimentul s-a \u00eencheiat cu o mas\u0103 rotund\u0103 privind importan\u021ba practic\u0103 a analizelor microbiomului.<\/p>\n<p>[\/vc_column_text][\/vc_column][vc_column width=&#8221;1\/2&#8243;][vc_single_image image=&#8221;1869&#8243; img_size=&#8221;large&#8221; css=&#8221;&#8221;][\/vc_column][\/vc_row][\/vc_section]<\/p>\n<\/div>","protected":false},"excerpt":{"rendered":"<p>[vc_row full_width=&#8221;stretch_row&#8221; content_placement=&#8221;middle&#8221; el_id=&#8221;innerHero&#8221; el_class=&#8221;row-hero-programs&#8221; css=&#8221;.vc_custom_1765535907091{background-image: url(https:\/\/szentbalazs.ro\/wp-content\/uploads\/2025\/07\/Mikrobiom-konferencia_fullres_Metz-Balazs-286-scaled.jpg?id=2400) !important;background-position: center !important;background-repeat: no-repeat !important;background-size: cover !important;}&#8221;][vc_column][vc_custom_heading text=&#8221;Conferin\u021ba Microbiom&#8221; font_container=&#8221;tag:h2|text_align:center&#8221; use_theme_fonts=&#8221;yes&#8221; css=&#8221;&#8221;][\/vc_column][\/vc_row][vc_section][vc_row][vc_column][\/vc_column][\/vc_row][vc_row][vc_column width=&#8221;1\/2&#8243;][vc_single_image image=&#8221;2533&#8243; img_size=&#8221;large&#8221; css=&#8221;&#8221;][\/vc_column][vc_column width=&#8221;1\/2&#8243;][vc_column_text css=&#8221;&#8221;] \u00centre 21 \u0219i 23 februarie 2025, Palatul Culturii a g\u0103zduit conferin\u021ba \u201eMICROBIOM: Convie\u021buire cu o lume invizibil\u0103\u201d, unde, pe parcursul a trei zile, 28 de lectori \u0219i 537 de participan\u021bi&hellip;<\/p>\n","protected":false},"author":1,"featured_media":0,"parent":0,"menu_order":0,"comment_status":"closed","ping_status":"closed","template":"","meta":{"footnotes":""},"class_list":["post-1860","page","type-page","status-publish","hentry","description-off"],"_links":{"self":[{"href":"https:\/\/szentbalazs.ro\/ro\/wp-json\/wp\/v2\/pages\/1860","targetHints":{"allow":["GET"]}}],"collection":[{"href":"https:\/\/szentbalazs.ro\/ro\/wp-json\/wp\/v2\/pages"}],"about":[{"href":"https:\/\/szentbalazs.ro\/ro\/wp-json\/wp\/v2\/types\/page"}],"author":[{"embeddable":true,"href":"https:\/\/szentbalazs.ro\/ro\/wp-json\/wp\/v2\/users\/1"}],"replies":[{"embeddable":true,"href":"https:\/\/szentbalazs.ro\/ro\/wp-json\/wp\/v2\/comments?post=1860"}],"version-history":[{"count":5,"href":"https:\/\/szentbalazs.ro\/ro\/wp-json\/wp\/v2\/pages\/1860\/revisions"}],"predecessor-version":[{"id":2984,"href":"https:\/\/szentbalazs.ro\/ro\/wp-json\/wp\/v2\/pages\/1860\/revisions\/2984"}],"wp:attachment":[{"href":"https:\/\/szentbalazs.ro\/ro\/wp-json\/wp\/v2\/media?parent=1860"}],"curies":[{"name":"wp","href":"https:\/\/api.w.org\/{rel}","templated":true}]}}