{"id":1012,"date":"2025-01-31T12:07:35","date_gmt":"2025-01-31T11:07:35","guid":{"rendered":"https:\/\/szentbalazs.ro\/?page_id=1012"},"modified":"2025-02-03T15:44:40","modified_gmt":"2025-02-03T14:44:40","slug":"donatie","status":"publish","type":"page","link":"https:\/\/szentbalazs.ro\/ro\/donatie\/","title":{"rendered":"Dona\u0163ie"},"content":{"rendered":"<p class=\"has-text-align-left\"><strong>Pentru a finaliza \u00eenregistrarea, mai sunt doar c\u00e2\u021biva pa\u0219i!<\/strong><\/p><p>V\u0103 rug\u0103m s\u0103 urma\u021bi pa\u0219ii de mai jos:<\/p><ol start=\"1\" class=\"wp-block-list\"><li>Introduce\u021bi suma dona\u021biei.<\/li>\n\n<li>Completa\u021bi datele dvs. (le trat\u0103m confiden\u021bial \u0219i le folosim exclusiv pentru procesarea dona\u021biei).<\/li>\n\n<li>Confirma\u021bi \u0219i finaliza\u021bi plata.<\/li><\/ol><p class=\"has-text-align-center\">Dac\u0103 ave\u021bi \u00eentreb\u0103ri, nu ezita\u021bi s\u0103 ne contacta\u021bi!<\/p><ul class=\"woocommerce-error wcdp-error-message\" id=\"wcdp-ajax-error\" role=\"alert\"><li>In the current view, the donation form is not available.<\/li><\/ul>","protected":false},"excerpt":{"rendered":"<p>Pentru a finaliza \u00eenregistrarea, mai sunt doar c\u00e2\u021biva pa\u0219i! V\u0103 rug\u0103m s\u0103 urma\u021bi pa\u0219ii de mai jos: Dac\u0103 ave\u021bi \u00eentreb\u0103ri, nu ezita\u021bi s\u0103 ne contacta\u021bi!<\/p>\n","protected":false},"author":1,"featured_media":0,"parent":0,"menu_order":0,"comment_status":"closed","ping_status":"closed","template":"","meta":{"footnotes":""},"class_list":["post-1012","page","type-page","status-publish","hentry","description-off"],"_links":{"self":[{"href":"https:\/\/szentbalazs.ro\/ro\/wp-json\/wp\/v2\/pages\/1012","targetHints":{"allow":["GET"]}}],"collection":[{"href":"https:\/\/szentbalazs.ro\/ro\/wp-json\/wp\/v2\/pages"}],"about":[{"href":"https:\/\/szentbalazs.ro\/ro\/wp-json\/wp\/v2\/types\/page"}],"author":[{"embeddable":true,"href":"https:\/\/szentbalazs.ro\/ro\/wp-json\/wp\/v2\/users\/1"}],"replies":[{"embeddable":true,"href":"https:\/\/szentbalazs.ro\/ro\/wp-json\/wp\/v2\/comments?post=1012"}],"version-history":[{"count":2,"href":"https:\/\/szentbalazs.ro\/ro\/wp-json\/wp\/v2\/pages\/1012\/revisions"}],"predecessor-version":[{"id":1053,"href":"https:\/\/szentbalazs.ro\/ro\/wp-json\/wp\/v2\/pages\/1012\/revisions\/1053"}],"wp:attachment":[{"href":"https:\/\/szentbalazs.ro\/ro\/wp-json\/wp\/v2\/media?parent=1012"}],"curies":[{"name":"wp","href":"https:\/\/api.w.org\/{rel}","templated":true}]}}