{"id":485,"date":"2024-04-26T13:37:15","date_gmt":"2024-04-26T11:37:15","guid":{"rendered":"https:\/\/szentbalazs.ro\/esemenyek\/"},"modified":"2024-05-27T12:20:10","modified_gmt":"2024-05-27T10:20:10","slug":"events","status":"publish","type":"page","link":"https:\/\/szentbalazs.ro\/en\/events\/","title":{"rendered":"Events"},"content":{"rendered":"<div class=\"wpb-content-wrapper\"><p>[vc_row full_width=&#8221;stretch_row&#8221; content_placement=&#8221;middle&#8221; el_id=&#8221;innerHero&#8221; el_class=&#8221;row-hero-events&#8221; css=&#8221;.vc_custom_1714131400265{background-image: url(https:\/\/szentbalazs.ro\/wp-content\/uploads\/2024\/04\/bg-title-events.jpg?id=203) !important;background-position: center !important;background-repeat: no-repeat !important;background-size: cover !important;}&#8221;][vc_column][vc_custom_heading text=&#8221;Events&#8221; font_container=&#8221;tag:h1|text_align:center&#8221; use_theme_fonts=&#8221;yes&#8221; css=&#8221;&#8221;][\/vc_column][\/vc_row][vc_section][vc_row el_class=&#8221;row-inner-events-list&#8221;][vc_column width=&#8221;1\/4&#8243;][\/vc_column][vc_column width=&#8221;1\/2&#8243;][vc_column_text css=&#8221;&#8221;]Jelenleg nincs megjelen\u00edtend\u0151 esem\u00e9ny[\/vc_column_text][\/vc_column][vc_column width=&#8221;1\/4&#8243;][\/vc_column][\/vc_row][\/vc_section][vc_section][vc_row el_class=&#8221;row-inner-events-list&#8221;][vc_column width=&#8221;1\/4&#8243;][\/vc_column][vc_column width=&#8221;1\/2&#8243;][vc_custom_heading text=&#8221;PAST EVENTS&#8221; font_container=&#8221;tag:h4|text_align:center&#8221; use_theme_fonts=&#8221;yes&#8221; css=&#8221;&#8221;][vc_column_text css=&#8221;&#8221;]<div class=\"event-item past\">\r\n\t\t\t\t\t\t\t\t<div class=\"event-date\">02.21.<\/div>\r\n\t\t\t\t\t\t\t\t<div class=\"event-details\">\r\n\t\t\t\t\t\t\t\t\t<h5><a href=\"https:\/\/szentbalazs.ro\/en\/esemenyek\/910\/\">Microbiome Conference \u2013 Coexisting with an Invisible World<\/a><\/h5>\r\n\t\t\t\t\t\t\t\t\t<div class=\"categ\">Programs for Healthcare ProfessionalsPrograms for Students and a Wider AudiencePrograms for University Students<\/div>\r\n\t\t\t\t\t\t\t\t\t<div class=\"desc\">The 2025 annual multidisciplinary conference of the Saint Bal\u00e1zs Foundation will focus on the complex relationship between humans and the microorganisms living alongside them. Its goal is to provide, with the help of renowned international and national speakers, a colorful, realistic, and objective overview of our current knowledge on the subject.\n\nDate: February 21-23, 2025\nLocation: T\u00e2rgu Mure\u0219, Palace of Culture<\/div>\r\n\t\t\t\t\t\t\t\t<\/div>\r\n\t\t\t\t\t\t\t<\/div><div class=\"event-item past\">\r\n\t\t\t\t\t\t\t\t<div class=\"event-date\">08.30.<\/div>\r\n\t\t\t\t\t\t\t\t<div class=\"event-details\">\r\n\t\t\t\t\t\t\t\t\t<h5><a href=\"https:\/\/szentbalazs.ro\/en\/esemenyek\/egeszsegforgatag\/\">&#8220;Eg\u00e9szs\u00e9gforgatag&#8221;<\/a><\/h5>\r\n\t\t\t\t\t\t\t\t\t<div class=\"categ\">Programs for Students and a Wider Audience<\/div>\r\n\t\t\t\t\t\t\t\t\t<div class=\"desc\">We look forward to seeing you at \"Eg\u00e9szs\u00e9gforgatag\"! Hypertension affects almost half of the Romanian population and can lead to serious cardiovascular diseases. Regular blood glucose testing is essential to successful diabetes management. You can measure your blood pressure and blood sugar for free and receive recommendations from a specialist!<\/div>\r\n\t\t\t\t\t\t\t\t<\/div>\r\n\t\t\t\t\t\t\t<\/div><div class=\"event-item past\">\r\n\t\t\t\t\t\t\t\t<div class=\"event-date\">09.06.<\/div>\r\n\t\t\t\t\t\t\t\t<div class=\"event-details\">\r\n\t\t\t\t\t\t\t\t\t<h5><a href=\"https:\/\/szentbalazs.ro\/en\/esemenyek\/opportunities-for-improving-patient-cooperation-practice-of-low-intensity-psychological-interventions-in-chronic-care\/\">Opportunities for improving patient cooperation. Practice of low-intensity psychological interventions in chronic care.<\/a><\/h5>\r\n\t\t\t\t\t\t\t\t\t<div class=\"categ\">Programs for Healthcare Professionals<\/div>\r\n\t\t\t\t\t\t\t\t\t<div class=\"desc\">The training will be conducted in small group format, interactive way, utilizing participants' experiences and the problematic cases they bring.<\/div>\r\n\t\t\t\t\t\t\t\t<\/div>\r\n\t\t\t\t\t\t\t<\/div>[\/vc_column_text][\/vc_column][vc_column width=&#8221;1\/4&#8243;][\/vc_column][\/vc_row][\/vc_section]<\/p>\n<\/div>","protected":false},"excerpt":{"rendered":"<p>[vc_row full_width=&#8221;stretch_row&#8221; content_placement=&#8221;middle&#8221; el_id=&#8221;innerHero&#8221; el_class=&#8221;row-hero-events&#8221; css=&#8221;.vc_custom_1714131400265{background-image: url(https:\/\/szentbalazs.ro\/wp-content\/uploads\/2024\/04\/bg-title-events.jpg?id=203) !important;background-position: center !important;background-repeat: no-repeat !important;background-size: cover !important;}&#8221;][vc_column][vc_custom_heading text=&#8221;Events&#8221; font_container=&#8221;tag:h1|text_align:center&#8221; use_theme_fonts=&#8221;yes&#8221; css=&#8221;&#8221;][\/vc_column][\/vc_row][vc_section][vc_row el_class=&#8221;row-inner-events-list&#8221;][vc_column width=&#8221;1\/4&#8243;][\/vc_column][vc_column width=&#8221;1\/2&#8243;][vc_column_text css=&#8221;&#8221;][\/vc_column_text][\/vc_column][vc_column width=&#8221;1\/4&#8243;][\/vc_column][\/vc_row][\/vc_section][vc_section][vc_row el_class=&#8221;row-inner-events-list&#8221;][vc_column width=&#8221;1\/4&#8243;][\/vc_column][vc_column width=&#8221;1\/2&#8243;][vc_custom_heading text=&#8221;PAST EVENTS&#8221; font_container=&#8221;tag:h4|text_align:center&#8221; use_theme_fonts=&#8221;yes&#8221; css=&#8221;&#8221;][vc_column_text css=&#8221;&#8221;][\/vc_column_text][\/vc_column][vc_column width=&#8221;1\/4&#8243;][\/vc_column][\/vc_row][\/vc_section]<\/p>\n","protected":false},"author":1,"featured_media":0,"parent":0,"menu_order":0,"comment_status":"closed","ping_status":"closed","template":"","meta":{"footnotes":""},"class_list":["post-485","page","type-page","status-publish","hentry","description-off"],"_links":{"self":[{"href":"https:\/\/szentbalazs.ro\/en\/wp-json\/wp\/v2\/pages\/485","targetHints":{"allow":["GET"]}}],"collection":[{"href":"https:\/\/szentbalazs.ro\/en\/wp-json\/wp\/v2\/pages"}],"about":[{"href":"https:\/\/szentbalazs.ro\/en\/wp-json\/wp\/v2\/types\/page"}],"author":[{"embeddable":true,"href":"https:\/\/szentbalazs.ro\/en\/wp-json\/wp\/v2\/users\/1"}],"replies":[{"embeddable":true,"href":"https:\/\/szentbalazs.ro\/en\/wp-json\/wp\/v2\/comments?post=485"}],"version-history":[{"count":2,"href":"https:\/\/szentbalazs.ro\/en\/wp-json\/wp\/v2\/pages\/485\/revisions"}],"predecessor-version":[{"id":487,"href":"https:\/\/szentbalazs.ro\/en\/wp-json\/wp\/v2\/pages\/485\/revisions\/487"}],"wp:attachment":[{"href":"https:\/\/szentbalazs.ro\/en\/wp-json\/wp\/v2\/media?parent=485"}],"curies":[{"name":"wp","href":"https:\/\/api.w.org\/{rel}","templated":true}]}}